{"id":2391,"date":"2021-11-16T06:52:10","date_gmt":"2021-11-16T05:52:10","guid":{"rendered":"https:\/\/domiziladresse.zuerich\/start\/"},"modified":"2025-06-05T17:08:20","modified_gmt":"2025-06-05T15:08:20","slug":"start","status":"publish","type":"page","link":"https:\/\/domiziladresse.zuerich\/en\/","title":{"rendered":"Home"},"content":{"rendered":"<section class=\"l-section wpb_row us_custom_0db20381 height_custom full_height valign_center\"><div class=\"l-section-overlay\" style=\"background:linear-gradient(125deg,#63add7,#9cd8e6)\"><\/div><div class=\"l-section-h i-cf\"><div class=\"g-cols vc_row via_grid cols_3-2 laptops-cols_inherit tablets-cols_1 mobiles-cols_1 valign_top type_default stacking_default\" style=\"--columns-gap:30px;\"><div class=\"wpb_column vc_column_container\"><div class=\"vc_column-inner\"><div class=\"w-separator size_small\"><\/div><div class=\"wpb_text_column\"><div class=\"wpb_wrapper\"><h1>Book your <span style=\"color: #ffffff;\">domicile address<\/span> in Zurich<\/h1>\n<\/div><\/div><div class=\"w-separator size_small\"><\/div><div class=\"wpb_text_column us_custom_6131597c has_text_color\"><div class=\"wpb_wrapper\"><p>Rent your business address in the city of Zurich and receive your mail at your prestigious domicile address.<\/p>\n<\/div><\/div><div class=\"w-separator size_medium\"><\/div><div class=\"w-btn-wrapper align_none\"><a class=\"w-btn us-btn-style_4\" href=\"https:\/\/domiziladresse.zuerich\/bestellung\/\"><span class=\"w-btn-label\">Order now<\/span><\/a><\/div><div class=\"w-btn-wrapper align_none hide_on_mobiles\"><a class=\"w-btn us-btn-style_5\" href=\"#about\"><span class=\"w-btn-label\">Learn more<\/span><\/a><\/div><\/div><\/div><div class=\"wpb_column vc_column_container\"><div class=\"vc_column-inner\"><div class=\"w-image align_right\"><div class=\"w-image-h\"><img fetchpriority=\"high\" decoding=\"async\" width=\"1024\" height=\"1024\" src=\"https:\/\/domiziladresse.zuerich\/wp-content\/uploads\/2024\/02\/Emblem.svg\" class=\"attachment-large size-large\" alt=\"\" loading=\"eager\" \/><\/div><\/div><\/div><\/div><\/div><\/div><\/section><section class=\"l-section wpb_row us_custom_19737bc8 height_custom\" id=\"about\"><div class=\"l-section-h i-cf\"><div class=\"g-cols vc_row via_grid cols_2 laptops-cols_inherit tablets-cols_inherit mobiles-cols_1 valign_top type_default stacking_default\" style=\"--columns-gap:5vw;\"><div class=\"wpb_column vc_column_container\"><div class=\"vc_column-inner\"><div class=\"w-text us_custom_44da2e4b has_text_color\"><span class=\"w-text-h\"><span class=\"w-text-value\">Why do I need a company domicile?<\/span><\/span><\/div><div class=\"wpb_text_column\"><div class=\"wpb_wrapper\"><h2>Address for your company in Zurich<\/h2>\n<p>Do you run a company or association but <strong>don&#8217;t have your own office?<\/strong> Do you work from home and don&#8217;t want to disclose your home address? Do you live abroad and need a delivery address in Switzerland? <\/p>\n<p><strong>Domiziladresse Z\u00fcrich <\/strong>offers you a reliable business address in a prestigious and central location in the city of Zurich. This could be as follows:<\/p>\n<\/div><\/div><div class=\"w-separator size_small\"><\/div><div class=\"w-vwrapper us_custom_b7975fcb align_none valign_top\" style=\"--vwrapper-gap:0rem\"><div class=\"w-iconbox us_custom_0f088a09 has_text_color iconpos_left style_default color_custom align_left no_title\"><div class=\"w-iconbox-icon\" style=\"font-size:5rem;--icon-color:#56616b;\"><i class=\"fas fa-envelope\"><\/i><\/div><div class=\"w-iconbox-meta\"><div class=\"w-iconbox-text\"><p><strong>Your company \/ your name<\/strong><br \/>\nGeneral-Wille-Strasse 19<br \/>\nCH-8002 Zurich<\/p>\n<\/div><\/div><\/div><\/div><div class=\"w-separator size_small\"><\/div><div class=\"wpb_text_column\"><div class=\"wpb_wrapper\"><p>Your mail will be forwarded to any address in Switzerland or abroad on a daily or weekly basis. It is also possible to receive letters that can be scanned electronically by e-mail.<\/p>\n<\/div><\/div><div class=\"w-separator size_medium\"><\/div><div class=\"w-btn-wrapper align_none\"><a class=\"w-btn us-btn-style_4\" href=\"https:\/\/domiziladresse.zuerich\/en\/business-address-switzerland\/\"><span class=\"w-btn-label\">Learn more<\/span><\/a><\/div><div class=\"w-separator size_medium\"><\/div><\/div><\/div><div class=\"wpb_column vc_column_container\"><div class=\"vc_column-inner\"><div class=\"w-image has_ratio align_center\"><div class=\"w-image-h\"><div style=\"padding-bottom:100%\"><\/div><img decoding=\"async\" width=\"682\" height=\"1024\" src=\"https:\/\/domiziladresse.zuerich\/wp-content\/uploads\/2024\/03\/briefkasten-682x1024.jpg\" class=\"attachment-large size-large\" alt=\"\" loading=\"lazy\" \/><\/div><\/div><div class=\"w-separator size_medium\"><\/div><\/div><\/div><\/div><\/div><\/section><section class=\"l-section wpb_row height_custom\"><div class=\"l-section-h i-cf\"><div class=\"g-cols vc_row via_grid cols_2 laptops-cols_inherit tablets-cols_inherit mobiles-cols_1 valign_middle type_default reversed stacking_default\"><div class=\"wpb_column vc_column_container\"><div class=\"vc_column-inner\"><div class=\"w-image align_center\"><div class=\"w-image-h\"><img decoding=\"async\" width=\"400\" height=\"400\" src=\"https:\/\/domiziladresse.zuerich\/wp-content\/uploads\/2024\/03\/SR_Logo_RGB_Webseite.svg\" class=\"attachment-medium size-medium\" alt=\"\" loading=\"lazy\" \/><\/div><\/div><\/div><\/div><div class=\"wpb_column vc_column_container\"><div class=\"vc_column-inner\"><div class=\"w-text us_custom_44da2e4b has_text_color\"><span class=\"w-text-h\"><span class=\"w-text-value\">Reliable, serious and discreet<\/span><\/span><\/div><div class=\"wpb_text_column\"><div class=\"wpb_wrapper\"><h3>Domicile with a law firm<\/h3>\n<p>Domiziladresse Z\u00fcrich is operated by the law firm Sp\u00fchler Rechtsanw\u00e4lte AG, based in Zurich. The law firm advises and represents private individuals and small and medium-sized enterprises (SMEs) in Switzerland in national and international matters.<\/p>\n<\/div><\/div><div class=\"w-separator size_small\"><\/div><div class=\"w-btn-wrapper align_none\"><a class=\"w-btn us-btn-style_4\" target=\"_blank\" href=\"https:\/\/spuehler.legal\/\"><span class=\"w-btn-label\">Learn more<\/span><\/a><\/div><\/div><\/div><\/div><\/div><\/section>\n","protected":false},"excerpt":{"rendered":"Book your domicile address in Zurich Rent your business address in the city of Zurich and receive your mail at your prestigious domicile address. Order nowLearn moreWhy do I need a company domicile?Address for your company in Zurich Do you run a company or association but don&#8217;t have your own office? Do you work from...","protected":false},"author":1,"featured_media":0,"parent":0,"menu_order":0,"comment_status":"closed","ping_status":"closed","template":"","meta":{"footnotes":""},"class_list":["post-2391","page","type-page","status-publish","hentry"],"yoast_head":"<!-- This site is optimized with the Yoast SEO plugin v27.4 - https:\/\/yoast.com\/product\/yoast-seo-wordpress\/ -->\n<title>Domicile address in Zurich (Switzerland) - prestigious and reliable<\/title>\n<meta name=\"description\" content=\"\u27a8 Business address in 8002 Zurich (Switzerland) from CHF 79 per month and other legal services in connection with your company.\" \/>\n<meta name=\"robots\" content=\"index, follow, max-snippet:-1, max-image-preview:large, max-video-preview:-1\" \/>\n<link rel=\"canonical\" href=\"https:\/\/domiziladresse.zuerich\/en\/\" \/>\n<meta property=\"og:locale\" content=\"en_US\" \/>\n<meta property=\"og:type\" content=\"article\" \/>\n<meta property=\"og:title\" content=\"Domicile address in Zurich (Switzerland) - prestigious and reliable\" \/>\n<meta property=\"og:description\" content=\"\u27a8 Business address in 8002 Zurich (Switzerland) from CHF 79 per month and other legal services in connection with your company.\" \/>\n<meta property=\"og:url\" content=\"https:\/\/domiziladresse.zuerich\/en\/\" \/>\n<meta property=\"og:site_name\" content=\"Domiziladresse Z\u00fcrich\" \/>\n<meta property=\"article:modified_time\" content=\"2025-06-05T15:08:20+00:00\" \/>\n<meta name=\"twitter:card\" content=\"summary_large_image\" \/>\n<meta name=\"twitter:label1\" content=\"Est. reading time\" \/>\n\t<meta name=\"twitter:data1\" content=\"3 minutes\" \/>\n<script type=\"application\/ld+json\" class=\"yoast-schema-graph\">{\"@context\":\"https:\\\/\\\/schema.org\",\"@graph\":[{\"@type\":\"WebPage\",\"@id\":\"https:\\\/\\\/domiziladresse.zuerich\\\/en\\\/\",\"url\":\"https:\\\/\\\/domiziladresse.zuerich\\\/en\\\/\",\"name\":\"Domicile address in Zurich (Switzerland) - prestigious and reliable\",\"isPartOf\":{\"@id\":\"https:\\\/\\\/domiziladresse.zuerich\\\/en\\\/#website\"},\"datePublished\":\"2021-11-16T05:52:10+00:00\",\"dateModified\":\"2025-06-05T15:08:20+00:00\",\"description\":\"\u27a8 Business address in 8002 Zurich (Switzerland) from CHF 79 per month and other legal services in connection with your company.\",\"breadcrumb\":{\"@id\":\"https:\\\/\\\/domiziladresse.zuerich\\\/en\\\/#breadcrumb\"},\"inLanguage\":\"en-US\",\"potentialAction\":[{\"@type\":\"ReadAction\",\"target\":[\"https:\\\/\\\/domiziladresse.zuerich\\\/en\\\/\"]}]},{\"@type\":\"BreadcrumbList\",\"@id\":\"https:\\\/\\\/domiziladresse.zuerich\\\/en\\\/#breadcrumb\",\"itemListElement\":[{\"@type\":\"ListItem\",\"position\":1,\"name\":\"Startseite\",\"item\":\"https:\\\/\\\/domiziladresse.zuerich\\\/en\\\/start\\\/\"},{\"@type\":\"ListItem\",\"position\":2,\"name\":\"Home\"}]},{\"@type\":\"WebSite\",\"@id\":\"https:\\\/\\\/domiziladresse.zuerich\\\/en\\\/#website\",\"url\":\"https:\\\/\\\/domiziladresse.zuerich\\\/en\\\/\",\"name\":\"Domiziladresse.Zuerich\",\"description\":\"Ihre Gesch\u00e4ftsadresse in Z\u00fcrich\",\"publisher\":{\"@id\":\"https:\\\/\\\/domiziladresse.zuerich\\\/en\\\/#organization\"},\"alternateName\":\"Domiziladresse Z\u00fcrich\",\"potentialAction\":[{\"@type\":\"SearchAction\",\"target\":{\"@type\":\"EntryPoint\",\"urlTemplate\":\"https:\\\/\\\/domiziladresse.zuerich\\\/en\\\/?s={search_term_string}\"},\"query-input\":{\"@type\":\"PropertyValueSpecification\",\"valueRequired\":true,\"valueName\":\"search_term_string\"}}],\"inLanguage\":\"en-US\"},{\"@type\":\"Organization\",\"@id\":\"https:\\\/\\\/domiziladresse.zuerich\\\/en\\\/#organization\",\"name\":\"Domiziladresse Z\u00fcrich\",\"url\":\"https:\\\/\\\/domiziladresse.zuerich\\\/en\\\/\",\"logo\":{\"@type\":\"ImageObject\",\"inLanguage\":\"en-US\",\"@id\":\"https:\\\/\\\/domiziladresse.zuerich\\\/en\\\/#\\\/schema\\\/logo\\\/image\\\/\",\"url\":\"https:\\\/\\\/domiziladresse.zuerich\\\/wp-content\\\/uploads\\\/2024\\\/02\\\/Emblem.svg\",\"contentUrl\":\"https:\\\/\\\/domiziladresse.zuerich\\\/wp-content\\\/uploads\\\/2024\\\/02\\\/Emblem.svg\",\"width\":\"1024\",\"height\":\"1024\",\"caption\":\"Domiziladresse Z\u00fcrich\"},\"image\":{\"@id\":\"https:\\\/\\\/domiziladresse.zuerich\\\/en\\\/#\\\/schema\\\/logo\\\/image\\\/\"}}]}<\/script>\n<!-- \/ Yoast SEO plugin. -->","yoast_head_json":{"title":"Domicile address in Zurich (Switzerland) - prestigious and reliable","description":"\u27a8 Business address in 8002 Zurich (Switzerland) from CHF 79 per month and other legal services in connection with your company.","robots":{"index":"index","follow":"follow","max-snippet":"max-snippet:-1","max-image-preview":"max-image-preview:large","max-video-preview":"max-video-preview:-1"},"canonical":"https:\/\/domiziladresse.zuerich\/en\/","og_locale":"en_US","og_type":"article","og_title":"Domicile address in Zurich (Switzerland) - prestigious and reliable","og_description":"\u27a8 Business address in 8002 Zurich (Switzerland) from CHF 79 per month and other legal services in connection with your company.","og_url":"https:\/\/domiziladresse.zuerich\/en\/","og_site_name":"Domiziladresse Z\u00fcrich","article_modified_time":"2025-06-05T15:08:20+00:00","twitter_card":"summary_large_image","twitter_misc":{"Est. reading time":"3 minutes"},"schema":{"@context":"https:\/\/schema.org","@graph":[{"@type":"WebPage","@id":"https:\/\/domiziladresse.zuerich\/en\/","url":"https:\/\/domiziladresse.zuerich\/en\/","name":"Domicile address in Zurich (Switzerland) - prestigious and reliable","isPartOf":{"@id":"https:\/\/domiziladresse.zuerich\/en\/#website"},"datePublished":"2021-11-16T05:52:10+00:00","dateModified":"2025-06-05T15:08:20+00:00","description":"\u27a8 Business address in 8002 Zurich (Switzerland) from CHF 79 per month and other legal services in connection with your company.","breadcrumb":{"@id":"https:\/\/domiziladresse.zuerich\/en\/#breadcrumb"},"inLanguage":"en-US","potentialAction":[{"@type":"ReadAction","target":["https:\/\/domiziladresse.zuerich\/en\/"]}]},{"@type":"BreadcrumbList","@id":"https:\/\/domiziladresse.zuerich\/en\/#breadcrumb","itemListElement":[{"@type":"ListItem","position":1,"name":"Startseite","item":"https:\/\/domiziladresse.zuerich\/en\/start\/"},{"@type":"ListItem","position":2,"name":"Home"}]},{"@type":"WebSite","@id":"https:\/\/domiziladresse.zuerich\/en\/#website","url":"https:\/\/domiziladresse.zuerich\/en\/","name":"Domiziladresse.Zuerich","description":"Ihre Gesch\u00e4ftsadresse in Z\u00fcrich","publisher":{"@id":"https:\/\/domiziladresse.zuerich\/en\/#organization"},"alternateName":"Domiziladresse Z\u00fcrich","potentialAction":[{"@type":"SearchAction","target":{"@type":"EntryPoint","urlTemplate":"https:\/\/domiziladresse.zuerich\/en\/?s={search_term_string}"},"query-input":{"@type":"PropertyValueSpecification","valueRequired":true,"valueName":"search_term_string"}}],"inLanguage":"en-US"},{"@type":"Organization","@id":"https:\/\/domiziladresse.zuerich\/en\/#organization","name":"Domiziladresse Z\u00fcrich","url":"https:\/\/domiziladresse.zuerich\/en\/","logo":{"@type":"ImageObject","inLanguage":"en-US","@id":"https:\/\/domiziladresse.zuerich\/en\/#\/schema\/logo\/image\/","url":"https:\/\/domiziladresse.zuerich\/wp-content\/uploads\/2024\/02\/Emblem.svg","contentUrl":"https:\/\/domiziladresse.zuerich\/wp-content\/uploads\/2024\/02\/Emblem.svg","width":"1024","height":"1024","caption":"Domiziladresse Z\u00fcrich"},"image":{"@id":"https:\/\/domiziladresse.zuerich\/en\/#\/schema\/logo\/image\/"}}]}},"_links":{"self":[{"href":"https:\/\/domiziladresse.zuerich\/en\/wp-json\/wp\/v2\/pages\/2391","targetHints":{"allow":["GET"]}}],"collection":[{"href":"https:\/\/domiziladresse.zuerich\/en\/wp-json\/wp\/v2\/pages"}],"about":[{"href":"https:\/\/domiziladresse.zuerich\/en\/wp-json\/wp\/v2\/types\/page"}],"author":[{"embeddable":true,"href":"https:\/\/domiziladresse.zuerich\/en\/wp-json\/wp\/v2\/users\/1"}],"replies":[{"embeddable":true,"href":"https:\/\/domiziladresse.zuerich\/en\/wp-json\/wp\/v2\/comments?post=2391"}],"version-history":[{"count":42,"href":"https:\/\/domiziladresse.zuerich\/en\/wp-json\/wp\/v2\/pages\/2391\/revisions"}],"predecessor-version":[{"id":4637,"href":"https:\/\/domiziladresse.zuerich\/en\/wp-json\/wp\/v2\/pages\/2391\/revisions\/4637"}],"wp:attachment":[{"href":"https:\/\/domiziladresse.zuerich\/en\/wp-json\/wp\/v2\/media?parent=2391"}],"curies":[{"name":"wp","href":"https:\/\/api.w.org\/{rel}","templated":true}]}}