{"id":2542,"date":"2024-02-28T10:04:55","date_gmt":"2024-02-28T09:04:55","guid":{"rendered":"https:\/\/domiziladresse.zuerich\/pide\/"},"modified":"2024-09-17T21:12:53","modified_gmt":"2024-09-17T19:12:53","slug":"pide","status":"publish","type":"page","link":"https:\/\/domiziladresse.zuerich\/es\/pide\/","title":{"rendered":"Ordenar"},"content":{"rendered":"<section class=\"l-section wpb_row height_custom color_primary\"><div class=\"l-section-h i-cf\"><div class=\"g-cols vc_row via_grid cols_1 laptops-cols_inherit tablets-cols_inherit mobiles-cols_1 valign_top type_default stacking_default\"><div class=\"wpb_column vc_column_container\"><div class=\"vc_column-inner\"><div class=\"wpb_text_column\"><div class=\"wpb_wrapper\"><h1>Ordenar Domicilio social<\/h1>\n<p>Rellene el siguiente formulario para solicitar un domicilio y cualquier servicio adicional. La relaci\u00f3n contractual s\u00f3lo entra en vigor cuando la reserva es confirmada por Domiziladresse.zuerich.<\/p>\n<\/div><\/div><\/div><\/div><\/div><\/div><\/section><section class=\"l-section wpb_row height_auto color_primary\"><div class=\"l-section-h i-cf\"><div class=\"g-cols vc_row via_grid cols_2 laptops-cols_inherit tablets-cols_inherit mobiles-cols_1 valign_top type_default stacking_default\"><div class=\"wpb_column vc_column_container\"><div class=\"vc_column-inner\">\n<div class=\"wpcf7 no-js\" id=\"wpcf7-f2832-o1\" lang=\"es-ES\" dir=\"ltr\" data-wpcf7-id=\"2832\">\n<div class=\"screen-reader-response\"><p role=\"status\" aria-live=\"polite\" aria-atomic=\"true\"><\/p> <ul><\/ul><\/div>\n<form action=\"\/es\/wp-json\/wp\/v2\/pages\/2542#wpcf7-f2832-o1\" method=\"post\" class=\"wpcf7-form init\" aria-label=\"Formulario de contacto\" novalidate=\"novalidate\" data-status=\"init\">\n<fieldset class=\"hidden-fields-container\"><input type=\"hidden\" name=\"_wpcf7\" value=\"2832\" \/><input type=\"hidden\" name=\"_wpcf7_version\" value=\"6.1.5\" \/><input type=\"hidden\" name=\"_wpcf7_locale\" value=\"es_ES\" \/><input type=\"hidden\" name=\"_wpcf7_unit_tag\" value=\"wpcf7-f2832-o1\" \/><input type=\"hidden\" name=\"_wpcf7_container_post\" value=\"0\" \/><input type=\"hidden\" name=\"_wpcf7_posted_data_hash\" value=\"\" \/><input type=\"hidden\" name=\"_wpcf7cf_hidden_group_fields\" value=\"[]\" \/><input type=\"hidden\" name=\"_wpcf7cf_hidden_groups\" value=\"[]\" \/><input type=\"hidden\" name=\"_wpcf7cf_visible_groups\" value=\"[]\" \/><input type=\"hidden\" name=\"_wpcf7cf_repeaters\" value=\"[]\" \/><input type=\"hidden\" name=\"_wpcf7cf_steps\" value=\"{}\" \/><input type=\"hidden\" name=\"_wpcf7cf_options\" value=\"{&quot;form_id&quot;:2832,&quot;conditions&quot;:[{&quot;then_field&quot;:&quot;group-foreward&quot;,&quot;and_rules&quot;:[{&quot;if_field&quot;:&quot;your-foreward&quot;,&quot;operator&quot;:&quot;equals&quot;,&quot;if_value&quot;:&quot;a otra direcci\\u00f3n&quot;}]},{&quot;then_field&quot;:&quot;group-scan-standard&quot;,&quot;and_rules&quot;:[{&quot;if_field&quot;:&quot;your-plan&quot;,&quot;operator&quot;:&quot;equals&quot;,&quot;if_value&quot;:&quot;Standard: CHF 99\\\/mes m\\u00e1s IVA y gastos de env\\u00edo&quot;}]},{&quot;then_field&quot;:&quot;group-scan-premium&quot;,&quot;and_rules&quot;:[{&quot;if_field&quot;:&quot;your-plan&quot;,&quot;operator&quot;:&quot;equals&quot;,&quot;if_value&quot;:&quot;Premium: CHF 149\\\/mes m\\u00e1s IVA y gastos de env\\u00edo&quot;}]}],&quot;settings&quot;:{&quot;animation&quot;:&quot;yes&quot;,&quot;animation_intime&quot;:200,&quot;animation_outtime&quot;:200,&quot;conditions_ui&quot;:&quot;normal&quot;,&quot;notice_dismissed&quot;:false,&quot;notice_dismissed_rollback-cf7-5.9.3&quot;:true,&quot;notice_dismissed_rollback-cf7-5.9.5&quot;:true,&quot;notice_dismissed_rollback-cf7-6.0.4&quot;:true,&quot;notice_dismissed_update-cf7-6.1.1&quot;:true,&quot;notice_dismissed_update-cf7-6.1.5&quot;:true}}\" \/><input type=\"hidden\" name=\"_wpcf7_recaptcha_response\" value=\"\" \/>\n<\/fieldset>\n<p><span class=\"wpcf7-form-control-wrap\" data-name=\"your-company\"><input size=\"40\" maxlength=\"400\" class=\"wpcf7-form-control wpcf7-text\" aria-invalid=\"false\" placeholder=\"Empresa\" value=\"\" type=\"text\" name=\"your-company\" \/><\/span>\n<\/p>\n<p><span class=\"wpcf7-form-control-wrap\" data-name=\"company-exists\"><span class=\"wpcf7-form-control wpcf7-checkbox\"><span class=\"wpcf7-list-item first last\"><label><input type=\"checkbox\" name=\"company-exists[]\" value=\"Empresa todav\u00eda no fundada\" \/><span class=\"wpcf7-list-item-label\">Empresa todav\u00eda no fundada<\/span><\/label><\/span><\/span><\/span>\n<\/p>\n<p><span class=\"wpcf7-form-control-wrap\" data-name=\"your-sex\"><select class=\"wpcf7-form-control wpcf7-select wpcf7-validates-as-required\" aria-required=\"true\" aria-invalid=\"false\" name=\"your-sex\"><option value=\"\">&#8212;Por favor, elige una opci\u00f3n&#8212;<\/option><option value=\"Sra.\">Sra.<\/option><option value=\"Sr.\">Sr.<\/option><\/select><\/span>\n<\/p>\n<p><span class=\"wpcf7-form-control-wrap\" data-name=\"your-firstname\"><input size=\"40\" maxlength=\"400\" class=\"wpcf7-form-control wpcf7-text wpcf7-validates-as-required\" aria-required=\"true\" aria-invalid=\"false\" placeholder=\"Nombre *\" value=\"\" type=\"text\" name=\"your-firstname\" \/><\/span>\n<\/p>\n<p><span class=\"wpcf7-form-control-wrap\" data-name=\"your-name\"><input size=\"40\" maxlength=\"400\" class=\"wpcf7-form-control wpcf7-text wpcf7-validates-as-required\" aria-required=\"true\" aria-invalid=\"false\" placeholder=\"Apellido *\" value=\"\" type=\"text\" name=\"your-name\" \/><\/span>\n<\/p>\n<p><span class=\"wpcf7-form-control-wrap\" data-name=\"your-street\"><input size=\"40\" maxlength=\"400\" class=\"wpcf7-form-control wpcf7-text wpcf7-validates-as-required\" aria-required=\"true\" aria-invalid=\"false\" placeholder=\"Calle y n\u00famero *\" value=\"\" type=\"text\" name=\"your-street\" \/><\/span>\n<\/p>\n<p><span class=\"wpcf7-form-control-wrap\" data-name=\"your-place\"><input size=\"40\" maxlength=\"400\" class=\"wpcf7-form-control wpcf7-text wpcf7-validates-as-required\" aria-required=\"true\" aria-invalid=\"false\" placeholder=\"C\u00f3digo postal y localidad*\" value=\"\" type=\"text\" name=\"your-place\" \/><\/span>\n<\/p>\n<p><span class=\"wpcf7-form-control-wrap\" data-name=\"your-country\"><input size=\"40\" maxlength=\"400\" class=\"wpcf7-form-control wpcf7-text wpcf7-validates-as-required\" aria-required=\"true\" aria-invalid=\"false\" placeholder=\"Pa\u00eds *\" value=\"\" type=\"text\" name=\"your-country\" \/><\/span>\n<\/p>\n<p><span class=\"wpcf7-form-control-wrap\" data-name=\"your-email\"><input size=\"40\" maxlength=\"400\" class=\"wpcf7-form-control wpcf7-email wpcf7-validates-as-required wpcf7-text wpcf7-validates-as-email\" aria-required=\"true\" aria-invalid=\"false\" placeholder=\"Correo electr\u00f3nico *\" value=\"\" type=\"email\" name=\"your-email\" \/><\/span>\n<\/p>\n<p><span class=\"wpcf7-form-control-wrap\" data-name=\"your-phone\"><input size=\"40\" maxlength=\"400\" class=\"wpcf7-form-control wpcf7-tel wpcf7-validates-as-required wpcf7-text wpcf7-validates-as-tel\" aria-required=\"true\" aria-invalid=\"false\" placeholder=\"Tel\u00e9fono *\" value=\"\" type=\"tel\" name=\"your-phone\" \/><\/span>\n<\/p>\n<p>-----------------------\n<\/p>\n<p>Selecciona la suscripci\u00f3n para la direcci\u00f3n del domicilio:<br \/>\n<span class=\"wpcf7-form-control-wrap\" data-name=\"your-plan\"><select class=\"wpcf7-form-control wpcf7-select wpcf7-validates-as-required\" aria-required=\"true\" aria-invalid=\"false\" name=\"your-plan\"><option value=\"\">&#8212;Por favor, elige una opci\u00f3n&#8212;<\/option><option value=\"Budget: CHF 79\/mes m\u00e1s IVA y gastos de env\u00edo\">Budget: CHF 79\/mes m\u00e1s IVA y gastos de env\u00edo<\/option><option value=\"Standard: CHF 99\/mes m\u00e1s IVA y gastos de env\u00edo\">Standard: CHF 99\/mes m\u00e1s IVA y gastos de env\u00edo<\/option><option value=\"Premium: CHF 149\/mes m\u00e1s IVA y gastos de env\u00edo\">Premium: CHF 149\/mes m\u00e1s IVA y gastos de env\u00edo<\/option><\/select><\/span>\n<\/p>\n<div data-id=\"group-scan-standard\" data-orig_data_id=\"group-scan-standard\"  class=\"\" data-class=\"wpcf7cf_group\">\n\t<p><span class=\"wpcf7-form-control-wrap\" data-name=\"checkbox-scan-standard\"><span class=\"wpcf7-form-control wpcf7-checkbox\"><span class=\"wpcf7-list-item first last\"><label><input type=\"checkbox\" name=\"checkbox-scan-standard[]\" value=\"Servicio de escaneado por CHF 39 m\u00e1s IVA\" \/><span class=\"wpcf7-list-item-label\">Servicio de escaneado por CHF 39 m\u00e1s IVA<\/span><\/label><\/span><\/span><\/span>\n\t<\/p>\n\t<p>-----------------------\n\t<\/p>\n<\/div>\n<p><\/>\n<\/p>\n<div data-id=\"group-scan-premium\" data-orig_data_id=\"group-scan-premium\"  class=\"\" data-class=\"wpcf7cf_group\">\n\t<p><span class=\"wpcf7-form-control-wrap\" data-name=\"checkbox-scan-premium\"><span class=\"wpcf7-form-control wpcf7-checkbox\"><span class=\"wpcf7-list-item first last\"><label><input type=\"checkbox\" name=\"checkbox-scan-premium[]\" value=\"Servicio de escaneado por CHF 49 m\u00e1s IVA\" \/><span class=\"wpcf7-list-item-label\">Servicio de escaneado por CHF 49 m\u00e1s IVA<\/span><\/label><\/span><\/span><\/span>\n\t<\/p>\n\t<p>-----------------------\n\t<\/p>\n<\/div>\n<p><\/><br \/>\nSeleccione la fecha de inicio de la suscripci\u00f3n (como muy pronto en 7 d\u00edas):<br \/>\n<span class=\"wpcf7-form-control-wrap\" data-name=\"date_start\"><input class=\"wpcf7-form-control wpcf7-date wpcf7-validates-as-required wpcf7-validates-as-date\" min=\"2026-04-22\" aria-required=\"true\" aria-invalid=\"false\" value=\"\" type=\"date\" name=\"date_start\" \/><\/span><br \/>\n\u00bfA qu\u00e9 direcci\u00f3n debe reenviarse el correo?<br \/>\n<span class=\"wpcf7-form-control-wrap\" data-name=\"your-foreward\"><select class=\"wpcf7-form-control wpcf7-select wpcf7-validates-as-required\" aria-required=\"true\" aria-invalid=\"false\" name=\"your-foreward\"><option value=\"\">&#8212;Por favor, elige una opci\u00f3n&#8212;<\/option><option value=\"a la direcci\u00f3n arriba indicada CON el nombre de la empresa\">a la direcci\u00f3n arriba indicada CON el nombre de la empresa<\/option><option value=\"a la direcci\u00f3n arriba indicada SIN el nombre de la empresa\">a la direcci\u00f3n arriba indicada SIN el nombre de la empresa<\/option><option value=\"a otra direcci\u00f3n\">a otra direcci\u00f3n<\/option><\/select><\/span>\n<\/p>\n<div data-id=\"group-foreward\" data-orig_data_id=\"group-foreward\"  class=\"\" data-class=\"wpcf7cf_group\">\n\t<p><span class=\"wpcf7-form-control-wrap\" data-name=\"your-name2\"><input size=\"40\" maxlength=\"400\" class=\"wpcf7-form-control wpcf7-text wpcf7-validates-as-required\" aria-required=\"true\" aria-invalid=\"false\" placeholder=\"Nombre *\" value=\"\" type=\"text\" name=\"your-name2\" \/><\/span><br \/>\n<span class=\"wpcf7-form-control-wrap\" data-name=\"your-street2\"><input size=\"40\" maxlength=\"400\" class=\"wpcf7-form-control wpcf7-text wpcf7-validates-as-required\" aria-required=\"true\" aria-invalid=\"false\" placeholder=\"Calle y n\u00famero *\" value=\"\" type=\"text\" name=\"your-street2\" \/><\/span><br \/>\n<span class=\"wpcf7-form-control-wrap\" data-name=\"your-place2\"><input size=\"40\" maxlength=\"400\" class=\"wpcf7-form-control wpcf7-text wpcf7-validates-as-required\" aria-required=\"true\" aria-invalid=\"false\" placeholder=\"C\u00f3digo postal y localidad *\" value=\"\" type=\"text\" name=\"your-place2\" \/><\/span><br \/>\n<span class=\"wpcf7-form-control-wrap\" data-name=\"your-country2\"><input size=\"40\" maxlength=\"400\" class=\"wpcf7-form-control wpcf7-text wpcf7-validates-as-required\" aria-required=\"true\" aria-invalid=\"false\" placeholder=\"Pa\u00eds *\" value=\"\" type=\"text\" name=\"your-country2\" \/><\/span>\n\t<\/p>\n<\/div>\n<p>Declaraci\u00f3n de aceptaci\u00f3n de domicilio \/ cambio de direcci\u00f3n en el registro mercantil:<br \/>\n<span class=\"wpcf7-form-control-wrap\" data-name=\"menu-HR\"><select class=\"wpcf7-form-control wpcf7-select\" aria-invalid=\"false\" name=\"menu-HR\"><option value=\"Declaraci\u00f3n de aceptaci\u00f3n de domicilio NO deseada\">Declaraci\u00f3n de aceptaci\u00f3n de domicilio NO deseada<\/option><option value=\"Declaraci\u00f3n de aceptaci\u00f3n de domicilio solicitada (gratuita)\">Declaraci\u00f3n de aceptaci\u00f3n de domicilio solicitada (gratuita)<\/option><option value=\"Cambio de domicilio en el registro mercantil de una empresa individual (CHF 90.00)\">Cambio de domicilio en el registro mercantil de una empresa individual (CHF 90.00)<\/option><option value=\"Cambio de domicilio en el registro mercantil: traslado de la sede social dentro de la ciudad de Z\u00farich (CHF 190.00)\">Cambio de domicilio en el registro mercantil: traslado de la sede social dentro de la ciudad de Z\u00farich (CHF 190.00)<\/option><option value=\"Otros cambios de domicilio en el registro mercantil (CHF 390.00)\">Otros cambios de domicilio en el registro mercantil (CHF 390.00)<\/option><\/select><\/span>\n<\/p>\n<p>-----------------------\n<\/p>\n<p>Solicite servicios adicionales sin compromiso:<br \/>\n<span class=\"wpcf7-form-control-wrap\" data-name=\"your-services\"><span class=\"wpcf7-form-control wpcf7-checkbox\"><span class=\"wpcf7-list-item first\"><label><input type=\"checkbox\" name=\"your-services[]\" value=\"Constituci\u00f3n de una sociedad an\u00f3nima (CHF 990.00)\" \/><span class=\"wpcf7-list-item-label\">Constituci\u00f3n de una sociedad an\u00f3nima (CHF 990.00)<\/span><\/label><\/span><span class=\"wpcf7-list-item\"><label><input type=\"checkbox\" name=\"your-services[]\" value=\"Constituci\u00f3n de una sociedad de responsabilidad limitada (CHF 990.00)\" \/><span class=\"wpcf7-list-item-label\">Constituci\u00f3n de una sociedad de responsabilidad limitada (CHF 990.00)<\/span><\/label><\/span><span class=\"wpcf7-list-item\"><label><input type=\"checkbox\" name=\"your-services[]\" value=\"Constituci\u00f3n de una empresa individual (CHF 490.00)\" \/><span class=\"wpcf7-list-item-label\">Constituci\u00f3n de una empresa individual (CHF 490.00)<\/span><\/label><\/span><span class=\"wpcf7-list-item\"><label><input type=\"checkbox\" name=\"your-services[]\" value=\"Modificaci\u00f3n de la inscripci\u00f3n en el Registro Mercantil\" \/><span class=\"wpcf7-list-item-label\">Modificaci\u00f3n de la inscripci\u00f3n en el Registro Mercantil<\/span><\/label><\/span><span class=\"wpcf7-list-item\"><label><input type=\"checkbox\" name=\"your-services[]\" value=\"Asesoramiento jur\u00eddico\" \/><span class=\"wpcf7-list-item-label\">Asesoramiento jur\u00eddico<\/span><\/label><\/span><span class=\"wpcf7-list-item last\"><label><input type=\"checkbox\" name=\"your-services[]\" value=\"Redacci\u00f3n\/revisi\u00f3n de contratos\" \/><span class=\"wpcf7-list-item-label\">Redacci\u00f3n\/revisi\u00f3n de contratos<\/span><\/label><\/span><\/span><\/span>\n<\/p>\n<p><span class=\"wpcf7-form-control-wrap\" data-name=\"your-message\"><textarea cols=\"40\" rows=\"10\" maxlength=\"2000\" class=\"wpcf7-form-control wpcf7-textarea\" aria-invalid=\"false\" placeholder=\"Observaciones\" name=\"your-message\"><\/textarea><\/span>\n<\/p>\n<p>-----------------------\n<\/p>\n<p>Los precios no incluyen el IVA ni los gastos de env\u00edo en caso de reenv\u00edo postal, ni los gastos notariales y de registro mercantil en caso de modificaci\u00f3n del registro mercantil. Se cobra una tasa de CHF 8.00 (m\u00e1s IVA) por paquete postal tramitado. El periodo de suscripci\u00f3n es de un a\u00f1o y se renueva por un a\u00f1o m\u00e1s sin anulaci\u00f3n. La suscripci\u00f3n puede cancelarse un mes antes de que finalice el periodo de suscripci\u00f3n. La cuota de suscripci\u00f3n debe pagarse por adelantado por un a\u00f1o completo. La parte contratante es Sp\u00fchler Rechtsanw\u00e4lte AG.\n<\/p>\n<p>-----------------------\n<\/p>\n<p>Para todas las suscripciones se introduce en el registro comercial una direcci\u00f3n c\/o (v\u00e9ase FAQ).\n<\/p>\n<p>-----------------------\n<\/p>\n<p><span class=\"wpcf7-form-control-wrap\" data-name=\"agb-akzeptiert\"><span class=\"wpcf7-form-control wpcf7-acceptance\"><span class=\"wpcf7-list-item\"><label><input type=\"checkbox\" name=\"agb-akzeptiert\" value=\"1\" aria-invalid=\"false\" \/><span class=\"wpcf7-list-item-label\">Acepto las Condiciones Generales (CGC)<\/span><\/label><\/span><\/span><\/span><a href=\"https:\/\/domiziladresse.zuerich\/es\/gtc\/\" target=\"_blank\"><b>>>> Ver CGC<\/b><\/a>\n<\/p>\n<p><input class=\"wpcf7-form-control wpcf7-submit has-spinner\" type=\"submit\" value=\"Reservar con costo\" \/>\n<\/p><div class=\"wpcf7-response-output\" aria-hidden=\"true\"><\/div>\n<\/form>\n<\/div>\n<\/div><\/div><div class=\"wpb_column vc_column_container\"><div class=\"vc_column-inner\"><\/div><\/div><\/div><\/div><\/section>\n","protected":false},"excerpt":{"rendered":"Ordenar Domicilio social Rellene el siguiente formulario para solicitar un domicilio y cualquier servicio adicional. La relaci\u00f3n contractual s\u00f3lo entra en vigor cuando la reserva es confirmada por Domiziladresse.zuerich. Empresa todav\u00eda no fundada &#8212;Por favor, elige una opci\u00f3n&#8212;Sra.Sr. ----------------------- Selecciona la suscripci\u00f3n para la direcci\u00f3n del domicilio: &#8212;Por favor, elige una opci\u00f3n&#8212;Budget: CHF 79\/mes m\u00e1s...","protected":false},"author":1,"featured_media":0,"parent":0,"menu_order":0,"comment_status":"closed","ping_status":"closed","template":"","meta":{"footnotes":""},"class_list":["post-2542","page","type-page","status-publish","hentry"],"yoast_head":"<!-- This site is optimized with the Yoast SEO plugin v27.3 - https:\/\/yoast.com\/product\/yoast-seo-wordpress\/ -->\n<title>Ordenar - Domiziladresse Z\u00fcrich<\/title>\n<meta name=\"robots\" content=\"index, follow, max-snippet:-1, max-image-preview:large, max-video-preview:-1\" \/>\n<link rel=\"canonical\" href=\"https:\/\/domiziladresse.zuerich\/es\/pide\/\" \/>\n<meta property=\"og:locale\" content=\"es_ES\" \/>\n<meta property=\"og:type\" content=\"article\" \/>\n<meta property=\"og:title\" content=\"Ordenar - Domiziladresse Z\u00fcrich\" \/>\n<meta property=\"og:url\" content=\"https:\/\/domiziladresse.zuerich\/es\/pide\/\" \/>\n<meta property=\"og:site_name\" content=\"Domiziladresse Z\u00fcrich\" \/>\n<meta property=\"article:modified_time\" content=\"2024-09-17T19:12:53+00:00\" \/>\n<meta name=\"twitter:card\" content=\"summary_large_image\" \/>\n<script type=\"application\/ld+json\" class=\"yoast-schema-graph\">{\"@context\":\"https:\\\/\\\/schema.org\",\"@graph\":[{\"@type\":\"WebPage\",\"@id\":\"https:\\\/\\\/domiziladresse.zuerich\\\/es\\\/pide\\\/\",\"url\":\"https:\\\/\\\/domiziladresse.zuerich\\\/es\\\/pide\\\/\",\"name\":\"Ordenar - Domiziladresse Z\u00fcrich\",\"isPartOf\":{\"@id\":\"https:\\\/\\\/domiziladresse.zuerich\\\/es\\\/#website\"},\"datePublished\":\"2024-02-28T09:04:55+00:00\",\"dateModified\":\"2024-09-17T19:12:53+00:00\",\"breadcrumb\":{\"@id\":\"https:\\\/\\\/domiziladresse.zuerich\\\/es\\\/pide\\\/#breadcrumb\"},\"inLanguage\":\"es\",\"potentialAction\":[{\"@type\":\"ReadAction\",\"target\":[\"https:\\\/\\\/domiziladresse.zuerich\\\/es\\\/pide\\\/\"]}]},{\"@type\":\"BreadcrumbList\",\"@id\":\"https:\\\/\\\/domiziladresse.zuerich\\\/es\\\/pide\\\/#breadcrumb\",\"itemListElement\":[{\"@type\":\"ListItem\",\"position\":1,\"name\":\"Startseite\",\"item\":\"https:\\\/\\\/domiziladresse.zuerich\\\/es\\\/comienza\\\/\"},{\"@type\":\"ListItem\",\"position\":2,\"name\":\"Ordenar\"}]},{\"@type\":\"WebSite\",\"@id\":\"https:\\\/\\\/domiziladresse.zuerich\\\/es\\\/#website\",\"url\":\"https:\\\/\\\/domiziladresse.zuerich\\\/es\\\/\",\"name\":\"Domiziladresse.Zuerich\",\"description\":\"Ihre Gesch\u00e4ftsadresse in Z\u00fcrich\",\"publisher\":{\"@id\":\"https:\\\/\\\/domiziladresse.zuerich\\\/es\\\/#organization\"},\"alternateName\":\"Domiziladresse Z\u00fcrich\",\"potentialAction\":[{\"@type\":\"SearchAction\",\"target\":{\"@type\":\"EntryPoint\",\"urlTemplate\":\"https:\\\/\\\/domiziladresse.zuerich\\\/es\\\/?s={search_term_string}\"},\"query-input\":{\"@type\":\"PropertyValueSpecification\",\"valueRequired\":true,\"valueName\":\"search_term_string\"}}],\"inLanguage\":\"es\"},{\"@type\":\"Organization\",\"@id\":\"https:\\\/\\\/domiziladresse.zuerich\\\/es\\\/#organization\",\"name\":\"Domiziladresse Z\u00fcrich\",\"url\":\"https:\\\/\\\/domiziladresse.zuerich\\\/es\\\/\",\"logo\":{\"@type\":\"ImageObject\",\"inLanguage\":\"es\",\"@id\":\"https:\\\/\\\/domiziladresse.zuerich\\\/es\\\/#\\\/schema\\\/logo\\\/image\\\/\",\"url\":\"https:\\\/\\\/domiziladresse.zuerich\\\/wp-content\\\/uploads\\\/2024\\\/02\\\/Emblem.svg\",\"contentUrl\":\"https:\\\/\\\/domiziladresse.zuerich\\\/wp-content\\\/uploads\\\/2024\\\/02\\\/Emblem.svg\",\"width\":\"1024\",\"height\":\"1024\",\"caption\":\"Domiziladresse Z\u00fcrich\"},\"image\":{\"@id\":\"https:\\\/\\\/domiziladresse.zuerich\\\/es\\\/#\\\/schema\\\/logo\\\/image\\\/\"}}]}<\/script>\n<!-- \/ Yoast SEO plugin. -->","yoast_head_json":{"title":"Ordenar - Domiziladresse Z\u00fcrich","robots":{"index":"index","follow":"follow","max-snippet":"max-snippet:-1","max-image-preview":"max-image-preview:large","max-video-preview":"max-video-preview:-1"},"canonical":"https:\/\/domiziladresse.zuerich\/es\/pide\/","og_locale":"es_ES","og_type":"article","og_title":"Ordenar - Domiziladresse Z\u00fcrich","og_url":"https:\/\/domiziladresse.zuerich\/es\/pide\/","og_site_name":"Domiziladresse Z\u00fcrich","article_modified_time":"2024-09-17T19:12:53+00:00","twitter_card":"summary_large_image","schema":{"@context":"https:\/\/schema.org","@graph":[{"@type":"WebPage","@id":"https:\/\/domiziladresse.zuerich\/es\/pide\/","url":"https:\/\/domiziladresse.zuerich\/es\/pide\/","name":"Ordenar - Domiziladresse Z\u00fcrich","isPartOf":{"@id":"https:\/\/domiziladresse.zuerich\/es\/#website"},"datePublished":"2024-02-28T09:04:55+00:00","dateModified":"2024-09-17T19:12:53+00:00","breadcrumb":{"@id":"https:\/\/domiziladresse.zuerich\/es\/pide\/#breadcrumb"},"inLanguage":"es","potentialAction":[{"@type":"ReadAction","target":["https:\/\/domiziladresse.zuerich\/es\/pide\/"]}]},{"@type":"BreadcrumbList","@id":"https:\/\/domiziladresse.zuerich\/es\/pide\/#breadcrumb","itemListElement":[{"@type":"ListItem","position":1,"name":"Startseite","item":"https:\/\/domiziladresse.zuerich\/es\/comienza\/"},{"@type":"ListItem","position":2,"name":"Ordenar"}]},{"@type":"WebSite","@id":"https:\/\/domiziladresse.zuerich\/es\/#website","url":"https:\/\/domiziladresse.zuerich\/es\/","name":"Domiziladresse.Zuerich","description":"Ihre Gesch\u00e4ftsadresse in Z\u00fcrich","publisher":{"@id":"https:\/\/domiziladresse.zuerich\/es\/#organization"},"alternateName":"Domiziladresse Z\u00fcrich","potentialAction":[{"@type":"SearchAction","target":{"@type":"EntryPoint","urlTemplate":"https:\/\/domiziladresse.zuerich\/es\/?s={search_term_string}"},"query-input":{"@type":"PropertyValueSpecification","valueRequired":true,"valueName":"search_term_string"}}],"inLanguage":"es"},{"@type":"Organization","@id":"https:\/\/domiziladresse.zuerich\/es\/#organization","name":"Domiziladresse Z\u00fcrich","url":"https:\/\/domiziladresse.zuerich\/es\/","logo":{"@type":"ImageObject","inLanguage":"es","@id":"https:\/\/domiziladresse.zuerich\/es\/#\/schema\/logo\/image\/","url":"https:\/\/domiziladresse.zuerich\/wp-content\/uploads\/2024\/02\/Emblem.svg","contentUrl":"https:\/\/domiziladresse.zuerich\/wp-content\/uploads\/2024\/02\/Emblem.svg","width":"1024","height":"1024","caption":"Domiziladresse Z\u00fcrich"},"image":{"@id":"https:\/\/domiziladresse.zuerich\/es\/#\/schema\/logo\/image\/"}}]}},"_links":{"self":[{"href":"https:\/\/domiziladresse.zuerich\/es\/wp-json\/wp\/v2\/pages\/2542","targetHints":{"allow":["GET"]}}],"collection":[{"href":"https:\/\/domiziladresse.zuerich\/es\/wp-json\/wp\/v2\/pages"}],"about":[{"href":"https:\/\/domiziladresse.zuerich\/es\/wp-json\/wp\/v2\/types\/page"}],"author":[{"embeddable":true,"href":"https:\/\/domiziladresse.zuerich\/es\/wp-json\/wp\/v2\/users\/1"}],"replies":[{"embeddable":true,"href":"https:\/\/domiziladresse.zuerich\/es\/wp-json\/wp\/v2\/comments?post=2542"}],"version-history":[{"count":22,"href":"https:\/\/domiziladresse.zuerich\/es\/wp-json\/wp\/v2\/pages\/2542\/revisions"}],"predecessor-version":[{"id":3632,"href":"https:\/\/domiziladresse.zuerich\/es\/wp-json\/wp\/v2\/pages\/2542\/revisions\/3632"}],"wp:attachment":[{"href":"https:\/\/domiziladresse.zuerich\/es\/wp-json\/wp\/v2\/media?parent=2542"}],"curies":[{"name":"wp","href":"https:\/\/api.w.org\/{rel}","templated":true}]}}