{"id":2385,"date":"2021-11-16T06:52:10","date_gmt":"2021-11-16T05:52:10","guid":{"rendered":"https:\/\/domiziladresse.zuerich\/lancement\/"},"modified":"2025-06-05T17:08:58","modified_gmt":"2025-06-05T15:08:58","slug":"lancement","status":"publish","type":"page","link":"https:\/\/domiziladresse.zuerich\/fr\/","title":{"rendered":"Accueil"},"content":{"rendered":"<section class=\"l-section wpb_row us_custom_0db20381 height_custom full_height valign_center\"><div class=\"l-section-overlay\" style=\"background:linear-gradient(125deg,#63add7,#9cd8e6)\"><\/div><div class=\"l-section-h i-cf\"><div class=\"g-cols vc_row via_grid cols_3-2 laptops-cols_inherit tablets-cols_1 mobiles-cols_1 valign_top type_default stacking_default\" style=\"--columns-gap:30px;\"><div class=\"wpb_column vc_column_container\"><div class=\"vc_column-inner\"><div class=\"w-separator size_small\"><\/div><div class=\"wpb_text_column\"><div class=\"wpb_wrapper\"><h1>Abonnez-vous \u00e0 votre <span style=\"color: #ffffff;\">adresse de domiciliation<\/span> \u00e0 Zurich<\/h1>\n<\/div><\/div><div class=\"w-separator size_small\"><\/div><div class=\"wpb_text_column us_custom_6131597c has_text_color\"><div class=\"wpb_wrapper\"><p>Louez votre adresse professionnelle dans la ville de Zurich et recevez votre courrier \u00e0 votre adresse de domiciliation prestigieuse.<\/p>\n<\/div><\/div><div class=\"w-separator size_medium\"><\/div><div class=\"w-btn-wrapper align_none\"><a class=\"w-btn us-btn-style_4\" href=\"https:\/\/domiziladresse.zuerich\/bestellung\/\"><span class=\"w-btn-label\">Commander maintenant<\/span><\/a><\/div><div class=\"w-btn-wrapper align_none hide_on_mobiles\"><a class=\"w-btn us-btn-style_5\" href=\"#about\"><span class=\"w-btn-label\">En savoir plus<\/span><\/a><\/div><\/div><\/div><div class=\"wpb_column vc_column_container\"><div class=\"vc_column-inner\"><div class=\"w-image align_right\"><div class=\"w-image-h\"><img fetchpriority=\"high\" decoding=\"async\" width=\"1024\" height=\"1024\" src=\"https:\/\/domiziladresse.zuerich\/wp-content\/uploads\/2024\/02\/Emblem.svg\" class=\"attachment-large size-large\" alt=\"\" loading=\"eager\" \/><\/div><\/div><\/div><\/div><\/div><\/div><\/section><section class=\"l-section wpb_row us_custom_19737bc8 height_custom\" id=\"about\"><div class=\"l-section-h i-cf\"><div class=\"g-cols vc_row via_grid cols_2 laptops-cols_inherit tablets-cols_inherit mobiles-cols_1 valign_top type_default stacking_default\" style=\"--columns-gap:5vw;\"><div class=\"wpb_column vc_column_container\"><div class=\"vc_column-inner\"><div class=\"w-text us_custom_44da2e4b has_text_color\"><span class=\"w-text-h\"><span class=\"w-text-value\">Pourquoi ai-je besoin d&#039;une domiciliation d&#039;entreprise ?<\/span><\/span><\/div><div class=\"wpb_text_column\"><div class=\"wpb_wrapper\"><h2>Adresse pour votre entreprise \u00e0 Zurich<\/h2>\n<p>Vous dirigez une entreprise ou une association, mais vous n&rsquo;avez <strong>pas de bureau personnel ?<\/strong> Vous travaillez \u00e0 domicile et ne souhaitez pas communiquer votre adresse priv\u00e9e ? Vous habitez \u00e0 l&rsquo;\u00e9tranger et vous avez besoin d&rsquo;une adresse de livraison en Suisse ? <\/p>\n<p><strong>Domiziladresse Z\u00fcrich <\/strong>vous offre une adresse commerciale fiable dans un endroit repr\u00e9sentatif et central de la ville de Zurich. Celle-ci pourrait \u00eatre la suivante :<\/p>\n<\/div><\/div><div class=\"w-separator size_small\"><\/div><div class=\"w-vwrapper us_custom_b7975fcb align_none valign_top\" style=\"--vwrapper-gap:0rem\"><div class=\"w-iconbox us_custom_0f088a09 has_text_color iconpos_left style_default color_custom align_left no_title\"><div class=\"w-iconbox-icon\" style=\"font-size:5rem;--icon-color:#56616b;\"><i class=\"fas fa-envelope\"><\/i><\/div><div class=\"w-iconbox-meta\"><div class=\"w-iconbox-text\"><p><strong>Votre entreprise \/ votre nom<\/strong><br \/>\nGeneral-Wille-Strasse 19<br \/>\nCH-8002 Zurich<\/p>\n<\/div><\/div><\/div><\/div><div class=\"w-separator size_small\"><\/div><div class=\"wpb_text_column\"><div class=\"wpb_wrapper\"><p>Votre courrier vous est transmis chaque jour ou chaque semaine, au choix, \u00e0 l&rsquo;adresse de votre choix, en Suisse ou \u00e0 l&rsquo;\u00e9tranger. Il est \u00e9galement possible de recevoir par courrier \u00e9lectronique des lettres qui peuvent \u00eatre scann\u00e9es.<\/p>\n<\/div><\/div><div class=\"w-separator size_medium\"><\/div><div class=\"w-btn-wrapper align_none\"><a class=\"w-btn us-btn-style_4\" href=\"https:\/\/domiziladresse.zuerich\/fr\/prix-et-details\/\"><span class=\"w-btn-label\">En savoir plus<\/span><\/a><\/div><div class=\"w-separator size_medium\"><\/div><\/div><\/div><div class=\"wpb_column vc_column_container\"><div class=\"vc_column-inner\"><div class=\"w-image has_ratio align_center\"><div class=\"w-image-h\"><div style=\"padding-bottom:100%\"><\/div><img decoding=\"async\" width=\"682\" height=\"1024\" src=\"https:\/\/domiziladresse.zuerich\/wp-content\/uploads\/2024\/03\/briefkasten-682x1024.jpg\" class=\"attachment-large size-large\" alt=\"\" loading=\"lazy\" \/><\/div><\/div><div class=\"w-separator size_medium\"><\/div><\/div><\/div><\/div><\/div><\/section><section class=\"l-section wpb_row height_custom\"><div class=\"l-section-h i-cf\"><div class=\"g-cols vc_row via_grid cols_2 laptops-cols_inherit tablets-cols_inherit mobiles-cols_1 valign_middle type_default reversed stacking_default\"><div class=\"wpb_column vc_column_container\"><div class=\"vc_column-inner\"><div class=\"w-image align_center\"><div class=\"w-image-h\"><img decoding=\"async\" width=\"400\" height=\"400\" src=\"https:\/\/domiziladresse.zuerich\/wp-content\/uploads\/2024\/03\/SR_Logo_RGB_Webseite.svg\" class=\"attachment-medium size-medium\" alt=\"\" loading=\"lazy\" \/><\/div><\/div><\/div><\/div><div class=\"wpb_column vc_column_container\"><div class=\"vc_column-inner\"><div class=\"w-text us_custom_44da2e4b has_text_color\"><span class=\"w-text-h\"><span class=\"w-text-value\">Fiable, s\u00e9rieux et discret<\/span><\/span><\/div><div class=\"wpb_text_column\"><div class=\"wpb_wrapper\"><h3>Domiciliation dans un cabinet d&rsquo;avocats<\/h3>\n<p>Domiziladresse Z\u00fcrich est exploit\u00e9e par le cabinet d&rsquo;avocats Sp\u00fchler Rechtsanw\u00e4lte AG, dont le si\u00e8ge est \u00e0 Zurich. Elle conseille et repr\u00e9sente en Suisse des particuliers ainsi que des petites et moyennes entreprises (PME) dans des affaires nationales et internationales.<\/p>\n<\/div><\/div><div class=\"w-separator size_small\"><\/div><div class=\"w-btn-wrapper align_none\"><a class=\"w-btn us-btn-style_4\" target=\"_blank\" href=\"https:\/\/spuehler.legal\/\"><span class=\"w-btn-label\">En savoir plus<\/span><\/a><\/div><\/div><\/div><\/div><\/div><\/section>\n","protected":false},"excerpt":{"rendered":"Abonnez-vous \u00e0 votre adresse de domiciliation \u00e0 Zurich Louez votre adresse professionnelle dans la ville de Zurich et recevez votre courrier \u00e0 votre adresse de domiciliation prestigieuse. Commander maintenantEn savoir plusPourquoi ai-je besoin d&#039;une domiciliation d&#039;entreprise ?Adresse pour votre entreprise \u00e0 Zurich Vous dirigez une entreprise ou une association, mais vous n&rsquo;avez pas de bureau...","protected":false},"author":1,"featured_media":0,"parent":0,"menu_order":0,"comment_status":"closed","ping_status":"closed","template":"","meta":{"footnotes":""},"class_list":["post-2385","page","type-page","status-publish","hentry"],"yoast_head":"<!-- This site is optimized with the Yoast SEO plugin v27.4 - https:\/\/yoast.com\/product\/yoast-seo-wordpress\/ -->\n<title>Adresse de domiciliation \u00e0 Zurich (Suisse) - repr\u00e9sentative et fiable<\/title>\n<meta name=\"description\" content=\"\u27a8 Adresse commerciale \u00e0 8002 Zurich (Suisse) \u00e0 partir de 79 CHF par mois et autres services juridiques en rapport avec votre entreprise.\" \/>\n<meta name=\"robots\" content=\"index, follow, max-snippet:-1, max-image-preview:large, max-video-preview:-1\" \/>\n<link rel=\"canonical\" href=\"https:\/\/domiziladresse.zuerich\/fr\/\" \/>\n<meta property=\"og:locale\" content=\"fr_FR\" \/>\n<meta property=\"og:type\" content=\"article\" \/>\n<meta property=\"og:title\" content=\"Adresse de domiciliation \u00e0 Zurich (Suisse) - repr\u00e9sentative et fiable\" \/>\n<meta property=\"og:description\" content=\"\u27a8 Adresse commerciale \u00e0 8002 Zurich (Suisse) \u00e0 partir de 79 CHF par mois et autres services juridiques en rapport avec votre entreprise.\" \/>\n<meta property=\"og:url\" content=\"https:\/\/domiziladresse.zuerich\/fr\/\" \/>\n<meta property=\"og:site_name\" content=\"Domiziladresse Z\u00fcrich\" \/>\n<meta property=\"article:modified_time\" content=\"2025-06-05T15:08:58+00:00\" \/>\n<meta name=\"twitter:card\" content=\"summary_large_image\" \/>\n<meta name=\"twitter:label1\" content=\"Dur\u00e9e de lecture estim\u00e9e\" \/>\n\t<meta name=\"twitter:data1\" content=\"3 minutes\" \/>\n<script type=\"application\/ld+json\" class=\"yoast-schema-graph\">{\"@context\":\"https:\\\/\\\/schema.org\",\"@graph\":[{\"@type\":\"WebPage\",\"@id\":\"https:\\\/\\\/domiziladresse.zuerich\\\/fr\\\/\",\"url\":\"https:\\\/\\\/domiziladresse.zuerich\\\/fr\\\/\",\"name\":\"Adresse de domiciliation \u00e0 Zurich (Suisse) - repr\u00e9sentative et fiable\",\"isPartOf\":{\"@id\":\"https:\\\/\\\/domiziladresse.zuerich\\\/fr\\\/#website\"},\"datePublished\":\"2021-11-16T05:52:10+00:00\",\"dateModified\":\"2025-06-05T15:08:58+00:00\",\"description\":\"\u27a8 Adresse commerciale \u00e0 8002 Zurich (Suisse) \u00e0 partir de 79 CHF par mois et autres services juridiques en rapport avec votre entreprise.\",\"breadcrumb\":{\"@id\":\"https:\\\/\\\/domiziladresse.zuerich\\\/fr\\\/#breadcrumb\"},\"inLanguage\":\"fr-FR\",\"potentialAction\":[{\"@type\":\"ReadAction\",\"target\":[\"https:\\\/\\\/domiziladresse.zuerich\\\/fr\\\/\"]}]},{\"@type\":\"BreadcrumbList\",\"@id\":\"https:\\\/\\\/domiziladresse.zuerich\\\/fr\\\/#breadcrumb\",\"itemListElement\":[{\"@type\":\"ListItem\",\"position\":1,\"name\":\"Startseite\",\"item\":\"https:\\\/\\\/domiziladresse.zuerich\\\/fr\\\/lancement\\\/\"},{\"@type\":\"ListItem\",\"position\":2,\"name\":\"Accueil\"}]},{\"@type\":\"WebSite\",\"@id\":\"https:\\\/\\\/domiziladresse.zuerich\\\/fr\\\/#website\",\"url\":\"https:\\\/\\\/domiziladresse.zuerich\\\/fr\\\/\",\"name\":\"Domiziladresse.Zuerich\",\"description\":\"Ihre Gesch\u00e4ftsadresse in Z\u00fcrich\",\"publisher\":{\"@id\":\"https:\\\/\\\/domiziladresse.zuerich\\\/fr\\\/#organization\"},\"alternateName\":\"Domiziladresse Z\u00fcrich\",\"potentialAction\":[{\"@type\":\"SearchAction\",\"target\":{\"@type\":\"EntryPoint\",\"urlTemplate\":\"https:\\\/\\\/domiziladresse.zuerich\\\/fr\\\/?s={search_term_string}\"},\"query-input\":{\"@type\":\"PropertyValueSpecification\",\"valueRequired\":true,\"valueName\":\"search_term_string\"}}],\"inLanguage\":\"fr-FR\"},{\"@type\":\"Organization\",\"@id\":\"https:\\\/\\\/domiziladresse.zuerich\\\/fr\\\/#organization\",\"name\":\"Domiziladresse Z\u00fcrich\",\"url\":\"https:\\\/\\\/domiziladresse.zuerich\\\/fr\\\/\",\"logo\":{\"@type\":\"ImageObject\",\"inLanguage\":\"fr-FR\",\"@id\":\"https:\\\/\\\/domiziladresse.zuerich\\\/fr\\\/#\\\/schema\\\/logo\\\/image\\\/\",\"url\":\"https:\\\/\\\/domiziladresse.zuerich\\\/wp-content\\\/uploads\\\/2024\\\/02\\\/Emblem.svg\",\"contentUrl\":\"https:\\\/\\\/domiziladresse.zuerich\\\/wp-content\\\/uploads\\\/2024\\\/02\\\/Emblem.svg\",\"width\":\"1024\",\"height\":\"1024\",\"caption\":\"Domiziladresse Z\u00fcrich\"},\"image\":{\"@id\":\"https:\\\/\\\/domiziladresse.zuerich\\\/fr\\\/#\\\/schema\\\/logo\\\/image\\\/\"}}]}<\/script>\n<!-- \/ Yoast SEO plugin. -->","yoast_head_json":{"title":"Adresse de domiciliation \u00e0 Zurich (Suisse) - repr\u00e9sentative et fiable","description":"\u27a8 Adresse commerciale \u00e0 8002 Zurich (Suisse) \u00e0 partir de 79 CHF par mois et autres services juridiques en rapport avec votre entreprise.","robots":{"index":"index","follow":"follow","max-snippet":"max-snippet:-1","max-image-preview":"max-image-preview:large","max-video-preview":"max-video-preview:-1"},"canonical":"https:\/\/domiziladresse.zuerich\/fr\/","og_locale":"fr_FR","og_type":"article","og_title":"Adresse de domiciliation \u00e0 Zurich (Suisse) - repr\u00e9sentative et fiable","og_description":"\u27a8 Adresse commerciale \u00e0 8002 Zurich (Suisse) \u00e0 partir de 79 CHF par mois et autres services juridiques en rapport avec votre entreprise.","og_url":"https:\/\/domiziladresse.zuerich\/fr\/","og_site_name":"Domiziladresse Z\u00fcrich","article_modified_time":"2025-06-05T15:08:58+00:00","twitter_card":"summary_large_image","twitter_misc":{"Dur\u00e9e de lecture estim\u00e9e":"3 minutes"},"schema":{"@context":"https:\/\/schema.org","@graph":[{"@type":"WebPage","@id":"https:\/\/domiziladresse.zuerich\/fr\/","url":"https:\/\/domiziladresse.zuerich\/fr\/","name":"Adresse de domiciliation \u00e0 Zurich (Suisse) - repr\u00e9sentative et fiable","isPartOf":{"@id":"https:\/\/domiziladresse.zuerich\/fr\/#website"},"datePublished":"2021-11-16T05:52:10+00:00","dateModified":"2025-06-05T15:08:58+00:00","description":"\u27a8 Adresse commerciale \u00e0 8002 Zurich (Suisse) \u00e0 partir de 79 CHF par mois et autres services juridiques en rapport avec votre entreprise.","breadcrumb":{"@id":"https:\/\/domiziladresse.zuerich\/fr\/#breadcrumb"},"inLanguage":"fr-FR","potentialAction":[{"@type":"ReadAction","target":["https:\/\/domiziladresse.zuerich\/fr\/"]}]},{"@type":"BreadcrumbList","@id":"https:\/\/domiziladresse.zuerich\/fr\/#breadcrumb","itemListElement":[{"@type":"ListItem","position":1,"name":"Startseite","item":"https:\/\/domiziladresse.zuerich\/fr\/lancement\/"},{"@type":"ListItem","position":2,"name":"Accueil"}]},{"@type":"WebSite","@id":"https:\/\/domiziladresse.zuerich\/fr\/#website","url":"https:\/\/domiziladresse.zuerich\/fr\/","name":"Domiziladresse.Zuerich","description":"Ihre Gesch\u00e4ftsadresse in Z\u00fcrich","publisher":{"@id":"https:\/\/domiziladresse.zuerich\/fr\/#organization"},"alternateName":"Domiziladresse Z\u00fcrich","potentialAction":[{"@type":"SearchAction","target":{"@type":"EntryPoint","urlTemplate":"https:\/\/domiziladresse.zuerich\/fr\/?s={search_term_string}"},"query-input":{"@type":"PropertyValueSpecification","valueRequired":true,"valueName":"search_term_string"}}],"inLanguage":"fr-FR"},{"@type":"Organization","@id":"https:\/\/domiziladresse.zuerich\/fr\/#organization","name":"Domiziladresse Z\u00fcrich","url":"https:\/\/domiziladresse.zuerich\/fr\/","logo":{"@type":"ImageObject","inLanguage":"fr-FR","@id":"https:\/\/domiziladresse.zuerich\/fr\/#\/schema\/logo\/image\/","url":"https:\/\/domiziladresse.zuerich\/wp-content\/uploads\/2024\/02\/Emblem.svg","contentUrl":"https:\/\/domiziladresse.zuerich\/wp-content\/uploads\/2024\/02\/Emblem.svg","width":"1024","height":"1024","caption":"Domiziladresse Z\u00fcrich"},"image":{"@id":"https:\/\/domiziladresse.zuerich\/fr\/#\/schema\/logo\/image\/"}}]}},"_links":{"self":[{"href":"https:\/\/domiziladresse.zuerich\/fr\/wp-json\/wp\/v2\/pages\/2385","targetHints":{"allow":["GET"]}}],"collection":[{"href":"https:\/\/domiziladresse.zuerich\/fr\/wp-json\/wp\/v2\/pages"}],"about":[{"href":"https:\/\/domiziladresse.zuerich\/fr\/wp-json\/wp\/v2\/types\/page"}],"author":[{"embeddable":true,"href":"https:\/\/domiziladresse.zuerich\/fr\/wp-json\/wp\/v2\/users\/1"}],"replies":[{"embeddable":true,"href":"https:\/\/domiziladresse.zuerich\/fr\/wp-json\/wp\/v2\/comments?post=2385"}],"version-history":[{"count":51,"href":"https:\/\/domiziladresse.zuerich\/fr\/wp-json\/wp\/v2\/pages\/2385\/revisions"}],"predecessor-version":[{"id":4643,"href":"https:\/\/domiziladresse.zuerich\/fr\/wp-json\/wp\/v2\/pages\/2385\/revisions\/4643"}],"wp:attachment":[{"href":"https:\/\/domiziladresse.zuerich\/fr\/wp-json\/wp\/v2\/media?parent=2385"}],"curies":[{"name":"wp","href":"https:\/\/api.w.org\/{rel}","templated":true}]}}