{"id":2417,"date":"2024-06-20T23:05:50","date_gmt":"2024-06-20T21:05:50","guid":{"rendered":"https:\/\/domiziladresse.zuerich\/conditions-generales-de-vente\/"},"modified":"2025-08-13T18:07:35","modified_gmt":"2025-08-13T16:07:35","slug":"conditions-generales-de-vente","status":"publish","type":"page","link":"https:\/\/domiziladresse.zuerich\/fr\/conditions-generales-de-vente\/","title":{"rendered":"CGV"},"content":{"rendered":"<section class=\"l-section wpb_row height_custom\"><div class=\"l-section-h i-cf\"><div class=\"g-cols vc_row via_grid cols_1 laptops-cols_inherit tablets-cols_inherit mobiles-cols_1 valign_top type_default stacking_default\"><div class=\"wpb_column vc_column_container\"><div class=\"vc_column-inner\"><div class=\"wpb_text_column\"><div class=\"wpb_wrapper\"><h1 style=\"text-align: center;\">Conditions g\u00e9n\u00e9rales de vente (CGV)<\/h1>\n<\/div><\/div><\/div><\/div><\/div><\/div><\/section><section class=\"l-section wpb_row height_custom\"><div class=\"l-section-h i-cf\"><div class=\"g-cols vc_row via_grid cols_1 laptops-cols_inherit tablets-cols_inherit mobiles-cols_1 valign_top type_default stacking_default\"><div class=\"wpb_column vc_column_container\"><div class=\"vc_column-inner\"><div class=\"wpb_text_column\"><div class=\"wpb_wrapper\"><p>Les services propos\u00e9s sur www.domiziladresse.zuerich sont soumis aux conditions g\u00e9n\u00e9rales de vente en vigueur, qui peuvent \u00eatre t\u00e9l\u00e9charg\u00e9es ici :<\/p>\n<p><a href=\"https:\/\/domiziladresse.zuerich\/wp-content\/uploads\/2025\/08\/AGB_vom_13.8.2025.pdf\" target=\"_blank\" rel=\"noopener\">T\u00e9l\u00e9charger les conditions g\u00e9n\u00e9rales<\/a><\/p>\n<\/div><\/div><\/div><\/div><\/div><\/div><\/section>\n","protected":false},"excerpt":{"rendered":"Conditions g\u00e9n\u00e9rales de vente (CGV) Les services propos\u00e9s sur www.domiziladresse.zuerich sont soumis aux conditions g\u00e9n\u00e9rales de vente en vigueur, qui peuvent \u00eatre t\u00e9l\u00e9charg\u00e9es ici : T\u00e9l\u00e9charger les conditions g\u00e9n\u00e9rales","protected":false},"author":1,"featured_media":0,"parent":0,"menu_order":0,"comment_status":"closed","ping_status":"closed","template":"","meta":{"footnotes":""},"class_list":["post-2417","page","type-page","status-publish","hentry"],"yoast_head":"<!-- This site is optimized with the Yoast SEO plugin v27.4 - https:\/\/yoast.com\/product\/yoast-seo-wordpress\/ -->\n<title>CGV - Domiziladresse Z\u00fcrich<\/title>\n<meta name=\"robots\" content=\"index, follow, max-snippet:-1, max-image-preview:large, max-video-preview:-1\" \/>\n<link rel=\"canonical\" href=\"https:\/\/domiziladresse.zuerich\/fr\/conditions-generales-de-vente\/\" \/>\n<meta property=\"og:locale\" content=\"fr_FR\" \/>\n<meta property=\"og:type\" content=\"article\" \/>\n<meta property=\"og:title\" content=\"CGV - Domiziladresse Z\u00fcrich\" \/>\n<meta property=\"og:url\" content=\"https:\/\/domiziladresse.zuerich\/fr\/conditions-generales-de-vente\/\" \/>\n<meta property=\"og:site_name\" content=\"Domiziladresse Z\u00fcrich\" \/>\n<meta property=\"article:modified_time\" content=\"2025-08-13T16:07:35+00:00\" \/>\n<meta name=\"twitter:card\" content=\"summary_large_image\" \/>\n<script type=\"application\/ld+json\" class=\"yoast-schema-graph\">{\"@context\":\"https:\\\/\\\/schema.org\",\"@graph\":[{\"@type\":\"WebPage\",\"@id\":\"https:\\\/\\\/domiziladresse.zuerich\\\/fr\\\/conditions-generales-de-vente\\\/\",\"url\":\"https:\\\/\\\/domiziladresse.zuerich\\\/fr\\\/conditions-generales-de-vente\\\/\",\"name\":\"CGV - Domiziladresse Z\u00fcrich\",\"isPartOf\":{\"@id\":\"https:\\\/\\\/domiziladresse.zuerich\\\/fr\\\/#website\"},\"datePublished\":\"2024-06-20T21:05:50+00:00\",\"dateModified\":\"2025-08-13T16:07:35+00:00\",\"breadcrumb\":{\"@id\":\"https:\\\/\\\/domiziladresse.zuerich\\\/fr\\\/conditions-generales-de-vente\\\/#breadcrumb\"},\"inLanguage\":\"fr-FR\",\"potentialAction\":[{\"@type\":\"ReadAction\",\"target\":[\"https:\\\/\\\/domiziladresse.zuerich\\\/fr\\\/conditions-generales-de-vente\\\/\"]}]},{\"@type\":\"BreadcrumbList\",\"@id\":\"https:\\\/\\\/domiziladresse.zuerich\\\/fr\\\/conditions-generales-de-vente\\\/#breadcrumb\",\"itemListElement\":[{\"@type\":\"ListItem\",\"position\":1,\"name\":\"Startseite\",\"item\":\"https:\\\/\\\/domiziladresse.zuerich\\\/fr\\\/lancement\\\/\"},{\"@type\":\"ListItem\",\"position\":2,\"name\":\"CGV\"}]},{\"@type\":\"WebSite\",\"@id\":\"https:\\\/\\\/domiziladresse.zuerich\\\/fr\\\/#website\",\"url\":\"https:\\\/\\\/domiziladresse.zuerich\\\/fr\\\/\",\"name\":\"Domiziladresse.Zuerich\",\"description\":\"Ihre Gesch\u00e4ftsadresse in Z\u00fcrich\",\"publisher\":{\"@id\":\"https:\\\/\\\/domiziladresse.zuerich\\\/fr\\\/#organization\"},\"alternateName\":\"Domiziladresse Z\u00fcrich\",\"potentialAction\":[{\"@type\":\"SearchAction\",\"target\":{\"@type\":\"EntryPoint\",\"urlTemplate\":\"https:\\\/\\\/domiziladresse.zuerich\\\/fr\\\/?s={search_term_string}\"},\"query-input\":{\"@type\":\"PropertyValueSpecification\",\"valueRequired\":true,\"valueName\":\"search_term_string\"}}],\"inLanguage\":\"fr-FR\"},{\"@type\":\"Organization\",\"@id\":\"https:\\\/\\\/domiziladresse.zuerich\\\/fr\\\/#organization\",\"name\":\"Domiziladresse Z\u00fcrich\",\"url\":\"https:\\\/\\\/domiziladresse.zuerich\\\/fr\\\/\",\"logo\":{\"@type\":\"ImageObject\",\"inLanguage\":\"fr-FR\",\"@id\":\"https:\\\/\\\/domiziladresse.zuerich\\\/fr\\\/#\\\/schema\\\/logo\\\/image\\\/\",\"url\":\"https:\\\/\\\/domiziladresse.zuerich\\\/wp-content\\\/uploads\\\/2024\\\/02\\\/Emblem.svg\",\"contentUrl\":\"https:\\\/\\\/domiziladresse.zuerich\\\/wp-content\\\/uploads\\\/2024\\\/02\\\/Emblem.svg\",\"width\":\"1024\",\"height\":\"1024\",\"caption\":\"Domiziladresse Z\u00fcrich\"},\"image\":{\"@id\":\"https:\\\/\\\/domiziladresse.zuerich\\\/fr\\\/#\\\/schema\\\/logo\\\/image\\\/\"}}]}<\/script>\n<!-- \/ Yoast SEO plugin. -->","yoast_head_json":{"title":"CGV - Domiziladresse Z\u00fcrich","robots":{"index":"index","follow":"follow","max-snippet":"max-snippet:-1","max-image-preview":"max-image-preview:large","max-video-preview":"max-video-preview:-1"},"canonical":"https:\/\/domiziladresse.zuerich\/fr\/conditions-generales-de-vente\/","og_locale":"fr_FR","og_type":"article","og_title":"CGV - Domiziladresse Z\u00fcrich","og_url":"https:\/\/domiziladresse.zuerich\/fr\/conditions-generales-de-vente\/","og_site_name":"Domiziladresse Z\u00fcrich","article_modified_time":"2025-08-13T16:07:35+00:00","twitter_card":"summary_large_image","schema":{"@context":"https:\/\/schema.org","@graph":[{"@type":"WebPage","@id":"https:\/\/domiziladresse.zuerich\/fr\/conditions-generales-de-vente\/","url":"https:\/\/domiziladresse.zuerich\/fr\/conditions-generales-de-vente\/","name":"CGV - Domiziladresse Z\u00fcrich","isPartOf":{"@id":"https:\/\/domiziladresse.zuerich\/fr\/#website"},"datePublished":"2024-06-20T21:05:50+00:00","dateModified":"2025-08-13T16:07:35+00:00","breadcrumb":{"@id":"https:\/\/domiziladresse.zuerich\/fr\/conditions-generales-de-vente\/#breadcrumb"},"inLanguage":"fr-FR","potentialAction":[{"@type":"ReadAction","target":["https:\/\/domiziladresse.zuerich\/fr\/conditions-generales-de-vente\/"]}]},{"@type":"BreadcrumbList","@id":"https:\/\/domiziladresse.zuerich\/fr\/conditions-generales-de-vente\/#breadcrumb","itemListElement":[{"@type":"ListItem","position":1,"name":"Startseite","item":"https:\/\/domiziladresse.zuerich\/fr\/lancement\/"},{"@type":"ListItem","position":2,"name":"CGV"}]},{"@type":"WebSite","@id":"https:\/\/domiziladresse.zuerich\/fr\/#website","url":"https:\/\/domiziladresse.zuerich\/fr\/","name":"Domiziladresse.Zuerich","description":"Ihre Gesch\u00e4ftsadresse in Z\u00fcrich","publisher":{"@id":"https:\/\/domiziladresse.zuerich\/fr\/#organization"},"alternateName":"Domiziladresse Z\u00fcrich","potentialAction":[{"@type":"SearchAction","target":{"@type":"EntryPoint","urlTemplate":"https:\/\/domiziladresse.zuerich\/fr\/?s={search_term_string}"},"query-input":{"@type":"PropertyValueSpecification","valueRequired":true,"valueName":"search_term_string"}}],"inLanguage":"fr-FR"},{"@type":"Organization","@id":"https:\/\/domiziladresse.zuerich\/fr\/#organization","name":"Domiziladresse Z\u00fcrich","url":"https:\/\/domiziladresse.zuerich\/fr\/","logo":{"@type":"ImageObject","inLanguage":"fr-FR","@id":"https:\/\/domiziladresse.zuerich\/fr\/#\/schema\/logo\/image\/","url":"https:\/\/domiziladresse.zuerich\/wp-content\/uploads\/2024\/02\/Emblem.svg","contentUrl":"https:\/\/domiziladresse.zuerich\/wp-content\/uploads\/2024\/02\/Emblem.svg","width":"1024","height":"1024","caption":"Domiziladresse Z\u00fcrich"},"image":{"@id":"https:\/\/domiziladresse.zuerich\/fr\/#\/schema\/logo\/image\/"}}]}},"_links":{"self":[{"href":"https:\/\/domiziladresse.zuerich\/fr\/wp-json\/wp\/v2\/pages\/2417","targetHints":{"allow":["GET"]}}],"collection":[{"href":"https:\/\/domiziladresse.zuerich\/fr\/wp-json\/wp\/v2\/pages"}],"about":[{"href":"https:\/\/domiziladresse.zuerich\/fr\/wp-json\/wp\/v2\/types\/page"}],"author":[{"embeddable":true,"href":"https:\/\/domiziladresse.zuerich\/fr\/wp-json\/wp\/v2\/users\/1"}],"replies":[{"embeddable":true,"href":"https:\/\/domiziladresse.zuerich\/fr\/wp-json\/wp\/v2\/comments?post=2417"}],"version-history":[{"count":26,"href":"https:\/\/domiziladresse.zuerich\/fr\/wp-json\/wp\/v2\/pages\/2417\/revisions"}],"predecessor-version":[{"id":4668,"href":"https:\/\/domiziladresse.zuerich\/fr\/wp-json\/wp\/v2\/pages\/2417\/revisions\/4668"}],"wp:attachment":[{"href":"https:\/\/domiziladresse.zuerich\/fr\/wp-json\/wp\/v2\/media?parent=2417"}],"curies":[{"name":"wp","href":"https:\/\/api.w.org\/{rel}","templated":true}]}}