{"id":2381,"date":"2021-11-16T06:52:10","date_gmt":"2021-11-16T05:52:10","guid":{"rendered":"https:\/\/domiziladresse.zuerich\/iniziare\/"},"modified":"2025-06-05T17:08:58","modified_gmt":"2025-06-05T15:08:58","slug":"iniziare","status":"publish","type":"page","link":"https:\/\/domiziladresse.zuerich\/it\/","title":{"rendered":"Inizio"},"content":{"rendered":"<section class=\"l-section wpb_row us_custom_0db20381 height_custom full_height valign_center\"><div class=\"l-section-overlay\" style=\"background:linear-gradient(125deg,#63add7,#9cd8e6)\"><\/div><div class=\"l-section-h i-cf\"><div class=\"g-cols vc_row via_grid cols_3-2 laptops-cols_inherit tablets-cols_1 mobiles-cols_1 valign_top type_default stacking_default\" style=\"--columns-gap:30px;\"><div class=\"wpb_column vc_column_container\"><div class=\"vc_column-inner\"><div class=\"w-separator size_small\"><\/div><div class=\"wpb_text_column\"><div class=\"wpb_wrapper\"><h1>Prenoti il suo <span style=\"color: #ffffff;\">indirizzo di domicilio<\/span>a Zurigo<\/h1>\n<\/div><\/div><div class=\"w-separator size_small\"><\/div><div class=\"wpb_text_column us_custom_6131597c has_text_color\"><div class=\"wpb_wrapper\"><p>Affitta il tuo indirizzo commerciale nella citt\u00e0 di Zurigo e ricevi la posta al tuo prestigioso indirizzo di residenza.<\/p>\n<\/div><\/div><div class=\"w-separator size_medium\"><\/div><div class=\"w-btn-wrapper align_none\"><a class=\"w-btn us-btn-style_4\" href=\"https:\/\/domiziladresse.zuerich\/bestellung\/\"><span class=\"w-btn-label\">Ordina ora<\/span><\/a><\/div><div class=\"w-btn-wrapper align_none hide_on_mobiles\"><a class=\"w-btn us-btn-style_5\" href=\"#about\"><span class=\"w-btn-label\">Per saperne di pi\u00f9<\/span><\/a><\/div><\/div><\/div><div class=\"wpb_column vc_column_container\"><div class=\"vc_column-inner\"><div class=\"w-image align_right\"><div class=\"w-image-h\"><img fetchpriority=\"high\" decoding=\"async\" width=\"1024\" height=\"1024\" src=\"https:\/\/domiziladresse.zuerich\/wp-content\/uploads\/2024\/02\/Emblem.svg\" class=\"attachment-large size-large\" alt=\"\" loading=\"eager\" \/><\/div><\/div><\/div><\/div><\/div><\/div><\/section><section class=\"l-section wpb_row us_custom_19737bc8 height_custom\" id=\"about\"><div class=\"l-section-h i-cf\"><div class=\"g-cols vc_row via_grid cols_2 laptops-cols_inherit tablets-cols_inherit mobiles-cols_1 valign_top type_default stacking_default\" style=\"--columns-gap:5vw;\"><div class=\"wpb_column vc_column_container\"><div class=\"vc_column-inner\"><div class=\"w-text us_custom_44da2e4b has_text_color\"><span class=\"w-text-h\"><span class=\"w-text-value\">Perch\u00e9 ho bisogno di un domicilio aziendale?<\/span><\/span><\/div><div class=\"wpb_text_column\"><div class=\"wpb_wrapper\"><h2>Indirizzo per la sua azienda a Zurigo<\/h2>\n<p>Gestisce un&#8217;azienda o un&#8217;organizzazione ma non ha <strong>un ufficio proprio?<\/strong> Lavora da casa e non vuole rivelare il suo indirizzo di casa? Vive all&#8217;estero e ha bisogno di un indirizzo di consegna in Svizzera? <\/p>\n<p><strong>Domiziladresse Z\u00fcrich <\/strong>le offre un indirizzo commerciale affidabile in una posizione prestigiosa e centrale della citt\u00e0 di Zurigo. Questo potrebbe essere il seguente:<\/p>\n<\/div><\/div><div class=\"w-separator size_small\"><\/div><div class=\"w-vwrapper us_custom_b7975fcb align_none valign_top\" style=\"--vwrapper-gap:0rem\"><div class=\"w-iconbox us_custom_0f088a09 has_text_color iconpos_left style_default color_custom align_left no_title\"><div class=\"w-iconbox-icon\" style=\"font-size:5rem;--icon-color:#56616b;\"><i class=\"fas fa-envelope\"><\/i><\/div><div class=\"w-iconbox-meta\"><div class=\"w-iconbox-text\"><p><strong>La sua azienda \/ il suo nome<\/strong><br \/>\nGeneral-Wille-Strasse 19<br \/>\nCH-8002 Zurigo<\/p>\n<\/div><\/div><\/div><\/div><div class=\"w-separator size_small\"><\/div><div class=\"wpb_text_column\"><div class=\"wpb_wrapper\"><p>La sua posta sar\u00e0 inoltrata a qualsiasi indirizzo in Svizzera o all&#8217;estero su base giornaliera o settimanale. \u00c8 anche possibile ricevere lettere che possono essere scansionate elettronicamente via e-mail.<\/p>\n<\/div><\/div><div class=\"w-separator size_medium\"><\/div><div class=\"w-btn-wrapper align_none\"><a class=\"w-btn us-btn-style_4\" href=\"https:\/\/domiziladresse.zuerich\/it\/prezzo-e-dettagli\/\"><span class=\"w-btn-label\">Per saperne di pi\u00f9<\/span><\/a><\/div><div class=\"w-separator size_medium\"><\/div><\/div><\/div><div class=\"wpb_column vc_column_container\"><div class=\"vc_column-inner\"><div class=\"w-image has_ratio align_center\"><div class=\"w-image-h\"><div style=\"padding-bottom:100%\"><\/div><img decoding=\"async\" width=\"682\" height=\"1024\" src=\"https:\/\/domiziladresse.zuerich\/wp-content\/uploads\/2024\/03\/briefkasten-682x1024.jpg\" class=\"attachment-large size-large\" alt=\"\" loading=\"lazy\" \/><\/div><\/div><div class=\"w-separator size_medium\"><\/div><\/div><\/div><\/div><\/div><\/section><section class=\"l-section wpb_row height_custom\"><div class=\"l-section-h i-cf\"><div class=\"g-cols vc_row via_grid cols_2 laptops-cols_inherit tablets-cols_inherit mobiles-cols_1 valign_middle type_default reversed stacking_default\"><div class=\"wpb_column vc_column_container\"><div class=\"vc_column-inner\"><div class=\"w-image align_center\"><div class=\"w-image-h\"><img decoding=\"async\" width=\"400\" height=\"400\" src=\"https:\/\/domiziladresse.zuerich\/wp-content\/uploads\/2024\/03\/SR_Logo_RGB_Webseite.svg\" class=\"attachment-medium size-medium\" alt=\"\" loading=\"lazy\" \/><\/div><\/div><\/div><\/div><div class=\"wpb_column vc_column_container\"><div class=\"vc_column-inner\"><div class=\"w-text us_custom_44da2e4b has_text_color\"><span class=\"w-text-h\"><span class=\"w-text-value\">Affidabile, serio e discreto<\/span><\/span><\/div><div class=\"wpb_text_column\"><div class=\"wpb_wrapper\"><h3>Domicilio presso uno studio legale<\/h3>\n<p>Il domicilio di Zurigo \u00e8 gestito dallo studio legale Sp\u00fchler Rechtsanw\u00e4lte AG con sede a Zurigo. Consiglia e rappresenta privati e piccole e medie imprese (PMI) in Svizzera in questioni nazionali e internazionali.<\/p>\n<\/div><\/div><div class=\"w-separator size_small\"><\/div><div class=\"w-btn-wrapper align_none\"><a class=\"w-btn us-btn-style_4\" target=\"_blank\" href=\"https:\/\/spuehler.legal\/\"><span class=\"w-btn-label\">Per saperne di pi\u00f9<\/span><\/a><\/div><\/div><\/div><\/div><\/div><\/section>\n","protected":false},"excerpt":{"rendered":"Prenoti il suo indirizzo di domicilioa Zurigo Affitta il tuo indirizzo commerciale nella citt\u00e0 di Zurigo e ricevi la posta al tuo prestigioso indirizzo di residenza. Ordina oraPer saperne di pi\u00f9Perch\u00e9 ho bisogno di un domicilio aziendale?Indirizzo per la sua azienda a Zurigo Gestisce un&#8217;azienda o un&#8217;organizzazione ma non ha un ufficio proprio? Lavora da...","protected":false},"author":1,"featured_media":0,"parent":0,"menu_order":0,"comment_status":"closed","ping_status":"closed","template":"","meta":{"footnotes":""},"class_list":["post-2381","page","type-page","status-publish","hentry"],"yoast_head":"<!-- This site is optimized with the Yoast SEO plugin v27.4 - https:\/\/yoast.com\/product\/yoast-seo-wordpress\/ -->\n<title>Indirizzo di domicilio a Zurigo (Svizzera) - prestigioso e affidabile<\/title>\n<meta name=\"description\" content=\"\u27a8 Indirizzo commerciale a 8002 Zurigo (Svizzera) a partire da CHF 79 al mese e altri servizi legali in relazione alla sua azienda.\" \/>\n<meta name=\"robots\" content=\"index, follow, max-snippet:-1, max-image-preview:large, max-video-preview:-1\" \/>\n<link rel=\"canonical\" href=\"https:\/\/domiziladresse.zuerich\/it\/\" \/>\n<meta property=\"og:locale\" content=\"it_IT\" \/>\n<meta property=\"og:type\" content=\"article\" \/>\n<meta property=\"og:title\" content=\"Indirizzo di domicilio a Zurigo (Svizzera) - prestigioso e affidabile\" \/>\n<meta property=\"og:description\" content=\"\u27a8 Indirizzo commerciale a 8002 Zurigo (Svizzera) a partire da CHF 79 al mese e altri servizi legali in relazione alla sua azienda.\" \/>\n<meta property=\"og:url\" content=\"https:\/\/domiziladresse.zuerich\/it\/\" \/>\n<meta property=\"og:site_name\" content=\"Domiziladresse Z\u00fcrich\" \/>\n<meta property=\"article:modified_time\" content=\"2025-06-05T15:08:58+00:00\" \/>\n<meta name=\"twitter:card\" content=\"summary_large_image\" \/>\n<meta name=\"twitter:label1\" content=\"Tempo di lettura stimato\" \/>\n\t<meta name=\"twitter:data1\" content=\"3 minuti\" \/>\n<script type=\"application\/ld+json\" class=\"yoast-schema-graph\">{\"@context\":\"https:\\\/\\\/schema.org\",\"@graph\":[{\"@type\":\"WebPage\",\"@id\":\"https:\\\/\\\/domiziladresse.zuerich\\\/it\\\/\",\"url\":\"https:\\\/\\\/domiziladresse.zuerich\\\/it\\\/\",\"name\":\"Indirizzo di domicilio a Zurigo (Svizzera) - prestigioso e affidabile\",\"isPartOf\":{\"@id\":\"https:\\\/\\\/domiziladresse.zuerich\\\/it\\\/#website\"},\"datePublished\":\"2021-11-16T05:52:10+00:00\",\"dateModified\":\"2025-06-05T15:08:58+00:00\",\"description\":\"\u27a8 Indirizzo commerciale a 8002 Zurigo (Svizzera) a partire da CHF 79 al mese e altri servizi legali in relazione alla sua azienda.\",\"breadcrumb\":{\"@id\":\"https:\\\/\\\/domiziladresse.zuerich\\\/it\\\/#breadcrumb\"},\"inLanguage\":\"it-IT\",\"potentialAction\":[{\"@type\":\"ReadAction\",\"target\":[\"https:\\\/\\\/domiziladresse.zuerich\\\/it\\\/\"]}]},{\"@type\":\"BreadcrumbList\",\"@id\":\"https:\\\/\\\/domiziladresse.zuerich\\\/it\\\/#breadcrumb\",\"itemListElement\":[{\"@type\":\"ListItem\",\"position\":1,\"name\":\"Startseite\",\"item\":\"https:\\\/\\\/domiziladresse.zuerich\\\/it\\\/iniziare\\\/\"},{\"@type\":\"ListItem\",\"position\":2,\"name\":\"Inizio\"}]},{\"@type\":\"WebSite\",\"@id\":\"https:\\\/\\\/domiziladresse.zuerich\\\/it\\\/#website\",\"url\":\"https:\\\/\\\/domiziladresse.zuerich\\\/it\\\/\",\"name\":\"Domiziladresse.Zuerich\",\"description\":\"Ihre Gesch\u00e4ftsadresse in Z\u00fcrich\",\"publisher\":{\"@id\":\"https:\\\/\\\/domiziladresse.zuerich\\\/it\\\/#organization\"},\"alternateName\":\"Domiziladresse Z\u00fcrich\",\"potentialAction\":[{\"@type\":\"SearchAction\",\"target\":{\"@type\":\"EntryPoint\",\"urlTemplate\":\"https:\\\/\\\/domiziladresse.zuerich\\\/it\\\/?s={search_term_string}\"},\"query-input\":{\"@type\":\"PropertyValueSpecification\",\"valueRequired\":true,\"valueName\":\"search_term_string\"}}],\"inLanguage\":\"it-IT\"},{\"@type\":\"Organization\",\"@id\":\"https:\\\/\\\/domiziladresse.zuerich\\\/it\\\/#organization\",\"name\":\"Domiziladresse Z\u00fcrich\",\"url\":\"https:\\\/\\\/domiziladresse.zuerich\\\/it\\\/\",\"logo\":{\"@type\":\"ImageObject\",\"inLanguage\":\"it-IT\",\"@id\":\"https:\\\/\\\/domiziladresse.zuerich\\\/it\\\/#\\\/schema\\\/logo\\\/image\\\/\",\"url\":\"https:\\\/\\\/domiziladresse.zuerich\\\/wp-content\\\/uploads\\\/2024\\\/02\\\/Emblem.svg\",\"contentUrl\":\"https:\\\/\\\/domiziladresse.zuerich\\\/wp-content\\\/uploads\\\/2024\\\/02\\\/Emblem.svg\",\"width\":\"1024\",\"height\":\"1024\",\"caption\":\"Domiziladresse Z\u00fcrich\"},\"image\":{\"@id\":\"https:\\\/\\\/domiziladresse.zuerich\\\/it\\\/#\\\/schema\\\/logo\\\/image\\\/\"}}]}<\/script>\n<!-- \/ Yoast SEO plugin. -->","yoast_head_json":{"title":"Indirizzo di domicilio a Zurigo (Svizzera) - prestigioso e affidabile","description":"\u27a8 Indirizzo commerciale a 8002 Zurigo (Svizzera) a partire da CHF 79 al mese e altri servizi legali in relazione alla sua azienda.","robots":{"index":"index","follow":"follow","max-snippet":"max-snippet:-1","max-image-preview":"max-image-preview:large","max-video-preview":"max-video-preview:-1"},"canonical":"https:\/\/domiziladresse.zuerich\/it\/","og_locale":"it_IT","og_type":"article","og_title":"Indirizzo di domicilio a Zurigo (Svizzera) - prestigioso e affidabile","og_description":"\u27a8 Indirizzo commerciale a 8002 Zurigo (Svizzera) a partire da CHF 79 al mese e altri servizi legali in relazione alla sua azienda.","og_url":"https:\/\/domiziladresse.zuerich\/it\/","og_site_name":"Domiziladresse Z\u00fcrich","article_modified_time":"2025-06-05T15:08:58+00:00","twitter_card":"summary_large_image","twitter_misc":{"Tempo di lettura stimato":"3 minuti"},"schema":{"@context":"https:\/\/schema.org","@graph":[{"@type":"WebPage","@id":"https:\/\/domiziladresse.zuerich\/it\/","url":"https:\/\/domiziladresse.zuerich\/it\/","name":"Indirizzo di domicilio a Zurigo (Svizzera) - prestigioso e affidabile","isPartOf":{"@id":"https:\/\/domiziladresse.zuerich\/it\/#website"},"datePublished":"2021-11-16T05:52:10+00:00","dateModified":"2025-06-05T15:08:58+00:00","description":"\u27a8 Indirizzo commerciale a 8002 Zurigo (Svizzera) a partire da CHF 79 al mese e altri servizi legali in relazione alla sua azienda.","breadcrumb":{"@id":"https:\/\/domiziladresse.zuerich\/it\/#breadcrumb"},"inLanguage":"it-IT","potentialAction":[{"@type":"ReadAction","target":["https:\/\/domiziladresse.zuerich\/it\/"]}]},{"@type":"BreadcrumbList","@id":"https:\/\/domiziladresse.zuerich\/it\/#breadcrumb","itemListElement":[{"@type":"ListItem","position":1,"name":"Startseite","item":"https:\/\/domiziladresse.zuerich\/it\/iniziare\/"},{"@type":"ListItem","position":2,"name":"Inizio"}]},{"@type":"WebSite","@id":"https:\/\/domiziladresse.zuerich\/it\/#website","url":"https:\/\/domiziladresse.zuerich\/it\/","name":"Domiziladresse.Zuerich","description":"Ihre Gesch\u00e4ftsadresse in Z\u00fcrich","publisher":{"@id":"https:\/\/domiziladresse.zuerich\/it\/#organization"},"alternateName":"Domiziladresse Z\u00fcrich","potentialAction":[{"@type":"SearchAction","target":{"@type":"EntryPoint","urlTemplate":"https:\/\/domiziladresse.zuerich\/it\/?s={search_term_string}"},"query-input":{"@type":"PropertyValueSpecification","valueRequired":true,"valueName":"search_term_string"}}],"inLanguage":"it-IT"},{"@type":"Organization","@id":"https:\/\/domiziladresse.zuerich\/it\/#organization","name":"Domiziladresse Z\u00fcrich","url":"https:\/\/domiziladresse.zuerich\/it\/","logo":{"@type":"ImageObject","inLanguage":"it-IT","@id":"https:\/\/domiziladresse.zuerich\/it\/#\/schema\/logo\/image\/","url":"https:\/\/domiziladresse.zuerich\/wp-content\/uploads\/2024\/02\/Emblem.svg","contentUrl":"https:\/\/domiziladresse.zuerich\/wp-content\/uploads\/2024\/02\/Emblem.svg","width":"1024","height":"1024","caption":"Domiziladresse Z\u00fcrich"},"image":{"@id":"https:\/\/domiziladresse.zuerich\/it\/#\/schema\/logo\/image\/"}}]}},"_links":{"self":[{"href":"https:\/\/domiziladresse.zuerich\/it\/wp-json\/wp\/v2\/pages\/2381","targetHints":{"allow":["GET"]}}],"collection":[{"href":"https:\/\/domiziladresse.zuerich\/it\/wp-json\/wp\/v2\/pages"}],"about":[{"href":"https:\/\/domiziladresse.zuerich\/it\/wp-json\/wp\/v2\/types\/page"}],"author":[{"embeddable":true,"href":"https:\/\/domiziladresse.zuerich\/it\/wp-json\/wp\/v2\/users\/1"}],"replies":[{"embeddable":true,"href":"https:\/\/domiziladresse.zuerich\/it\/wp-json\/wp\/v2\/comments?post=2381"}],"version-history":[{"count":73,"href":"https:\/\/domiziladresse.zuerich\/it\/wp-json\/wp\/v2\/pages\/2381\/revisions"}],"predecessor-version":[{"id":4642,"href":"https:\/\/domiziladresse.zuerich\/it\/wp-json\/wp\/v2\/pages\/2381\/revisions\/4642"}],"wp:attachment":[{"href":"https:\/\/domiziladresse.zuerich\/it\/wp-json\/wp\/v2\/media?parent=2381"}],"curies":[{"name":"wp","href":"https:\/\/api.w.org\/{rel}","templated":true}]}}