{"id":2566,"date":"2024-02-28T10:04:55","date_gmt":"2024-02-28T09:04:55","guid":{"rendered":"https:\/\/domiziladresse.zuerich\/ordine\/"},"modified":"2024-10-20T16:38:02","modified_gmt":"2024-10-20T14:38:02","slug":"ordine","status":"publish","type":"page","link":"https:\/\/domiziladresse.zuerich\/it\/ordine\/","title":{"rendered":"ordine"},"content":{"rendered":"<section class=\"l-section wpb_row height_custom color_primary\"><div class=\"l-section-h i-cf\"><div class=\"g-cols vc_row via_grid cols_1 laptops-cols_inherit tablets-cols_inherit mobiles-cols_1 valign_top type_default stacking_default\"><div class=\"wpb_column vc_column_container\"><div class=\"vc_column-inner\"><div class=\"wpb_text_column\"><div class=\"wpb_wrapper\"><h1>Indirizzo del domicilio dell&#8217;ordine<\/h1>\n<p>Compili il modulo sottostante per prenotare un indirizzo di domicilio e richiedere eventuali servizi aggiuntivi. Il rapporto contrattuale entra in vigore solo quando la prenotazione viene confermata da Domiziladresse.zuerich.<\/p>\n<\/div><\/div><\/div><\/div><\/div><\/div><\/section><section class=\"l-section wpb_row height_auto color_primary\"><div class=\"l-section-h i-cf\"><div class=\"g-cols vc_row via_grid cols_2 laptops-cols_inherit tablets-cols_inherit mobiles-cols_1 valign_top type_default stacking_default\"><div class=\"wpb_column vc_column_container\"><div class=\"vc_column-inner\">\n<div class=\"wpcf7 no-js\" id=\"wpcf7-f2826-o1\" lang=\"it-IT\" dir=\"ltr\" data-wpcf7-id=\"2826\">\n<div class=\"screen-reader-response\"><p role=\"status\" aria-live=\"polite\" aria-atomic=\"true\"><\/p> <ul><\/ul><\/div>\n<form action=\"\/it\/wp-json\/wp\/v2\/pages\/2566#wpcf7-f2826-o1\" method=\"post\" class=\"wpcf7-form init\" aria-label=\"Modulo di contatto\" novalidate=\"novalidate\" data-status=\"init\">\n<fieldset class=\"hidden-fields-container\"><input type=\"hidden\" name=\"_wpcf7\" value=\"2826\" \/><input type=\"hidden\" name=\"_wpcf7_version\" value=\"6.1.5\" \/><input type=\"hidden\" name=\"_wpcf7_locale\" value=\"it_IT\" \/><input type=\"hidden\" name=\"_wpcf7_unit_tag\" value=\"wpcf7-f2826-o1\" \/><input type=\"hidden\" name=\"_wpcf7_container_post\" value=\"0\" \/><input type=\"hidden\" name=\"_wpcf7_posted_data_hash\" value=\"\" \/><input type=\"hidden\" name=\"_wpcf7cf_hidden_group_fields\" value=\"[]\" \/><input type=\"hidden\" name=\"_wpcf7cf_hidden_groups\" value=\"[]\" \/><input type=\"hidden\" name=\"_wpcf7cf_visible_groups\" value=\"[]\" \/><input type=\"hidden\" name=\"_wpcf7cf_repeaters\" value=\"[]\" \/><input type=\"hidden\" name=\"_wpcf7cf_steps\" value=\"{}\" \/><input type=\"hidden\" name=\"_wpcf7cf_options\" value=\"{&quot;form_id&quot;:2826,&quot;conditions&quot;:[{&quot;then_field&quot;:&quot;group-foreward&quot;,&quot;and_rules&quot;:[{&quot;if_field&quot;:&quot;your-foreward&quot;,&quot;operator&quot;:&quot;equals&quot;,&quot;if_value&quot;:&quot;ad un altro indirizzo&quot;}]},{&quot;then_field&quot;:&quot;group-scan-standard&quot;,&quot;and_rules&quot;:[{&quot;if_field&quot;:&quot;your-plan&quot;,&quot;operator&quot;:&quot;equals&quot;,&quot;if_value&quot;:&quot;Standard: CHF 99\\\/mese pi\\u00f9 IVA + spese di spedizione&quot;}]},{&quot;then_field&quot;:&quot;group-scan-premium&quot;,&quot;and_rules&quot;:[{&quot;if_field&quot;:&quot;your-plan&quot;,&quot;operator&quot;:&quot;equals&quot;,&quot;if_value&quot;:&quot;Premio: CHF 149\\\/mese pi\\u00f9 IVA + spese di spedizione&quot;}]}],&quot;settings&quot;:{&quot;animation&quot;:&quot;yes&quot;,&quot;animation_intime&quot;:200,&quot;animation_outtime&quot;:200,&quot;conditions_ui&quot;:&quot;normal&quot;,&quot;notice_dismissed&quot;:false,&quot;notice_dismissed_rollback-cf7-5.9.3&quot;:true,&quot;notice_dismissed_rollback-cf7-5.9.5&quot;:true,&quot;notice_dismissed_rollback-cf7-6.0.4&quot;:true,&quot;notice_dismissed_update-cf7-6.1.1&quot;:true,&quot;notice_dismissed_update-cf7-6.1.5&quot;:true}}\" \/><input type=\"hidden\" name=\"_wpcf7_recaptcha_response\" value=\"\" \/>\n<\/fieldset>\n<p><span class=\"wpcf7-form-control-wrap\" data-name=\"your-company\"><input size=\"40\" maxlength=\"400\" class=\"wpcf7-form-control wpcf7-text\" aria-invalid=\"false\" placeholder=\"Azienda\" value=\"\" type=\"text\" name=\"your-company\" \/><\/span>\n<\/p>\n<p><span class=\"wpcf7-form-control-wrap\" data-name=\"company-exists\"><span class=\"wpcf7-form-control wpcf7-checkbox\"><span class=\"wpcf7-list-item first last\"><label><input type=\"checkbox\" name=\"company-exists[]\" value=\"Azienda non ancora fondata\" \/><span class=\"wpcf7-list-item-label\">Azienda non ancora fondata<\/span><\/label><\/span><\/span><\/span>\n<\/p>\n<p><span class=\"wpcf7-form-control-wrap\" data-name=\"your-sex\"><select class=\"wpcf7-form-control wpcf7-select wpcf7-validates-as-required\" aria-required=\"true\" aria-invalid=\"false\" name=\"your-sex\"><option value=\"\">&#8212;Seleziona un&#039;opzione&#8212;<\/option><option value=\"Signora\">Signora<\/option><option value=\"Sig.\">Sig.<\/option><\/select><\/span>\n<\/p>\n<p><span class=\"wpcf7-form-control-wrap\" data-name=\"your-firstname\"><input size=\"40\" maxlength=\"400\" class=\"wpcf7-form-control wpcf7-text wpcf7-validates-as-required\" aria-required=\"true\" aria-invalid=\"false\" placeholder=\"Nome *\" value=\"\" type=\"text\" name=\"your-firstname\" \/><\/span>\n<\/p>\n<p><span class=\"wpcf7-form-control-wrap\" data-name=\"your-name\"><input size=\"40\" maxlength=\"400\" class=\"wpcf7-form-control wpcf7-text wpcf7-validates-as-required\" aria-required=\"true\" aria-invalid=\"false\" placeholder=\"Cognome *\" value=\"\" type=\"text\" name=\"your-name\" \/><\/span>\n<\/p>\n<p><span class=\"wpcf7-form-control-wrap\" data-name=\"your-street\"><input size=\"40\" maxlength=\"400\" class=\"wpcf7-form-control wpcf7-text wpcf7-validates-as-required\" aria-required=\"true\" aria-invalid=\"false\" placeholder=\"Via e numero *\" value=\"\" type=\"text\" name=\"your-street\" \/><\/span>\n<\/p>\n<p><span class=\"wpcf7-form-control-wrap\" data-name=\"your-place\"><input size=\"40\" maxlength=\"400\" class=\"wpcf7-form-control wpcf7-text wpcf7-validates-as-required\" aria-required=\"true\" aria-invalid=\"false\" placeholder=\"Codice postale e citt\u00e0*\" value=\"\" type=\"text\" name=\"your-place\" \/><\/span>\n<\/p>\n<p><span class=\"wpcf7-form-control-wrap\" data-name=\"your-country\"><input size=\"40\" maxlength=\"400\" class=\"wpcf7-form-control wpcf7-text wpcf7-validates-as-required\" aria-required=\"true\" aria-invalid=\"false\" placeholder=\"Paese *\" value=\"\" type=\"text\" name=\"your-country\" \/><\/span>\n<\/p>\n<p><span class=\"wpcf7-form-control-wrap\" data-name=\"your-email\"><input size=\"40\" maxlength=\"400\" class=\"wpcf7-form-control wpcf7-email wpcf7-validates-as-required wpcf7-text wpcf7-validates-as-email\" aria-required=\"true\" aria-invalid=\"false\" placeholder=\"E-mail *\" value=\"\" type=\"email\" name=\"your-email\" \/><\/span>\n<\/p>\n<p><span class=\"wpcf7-form-control-wrap\" data-name=\"your-phone\"><input size=\"40\" maxlength=\"400\" class=\"wpcf7-form-control wpcf7-tel wpcf7-validates-as-required wpcf7-text wpcf7-validates-as-tel\" aria-required=\"true\" aria-invalid=\"false\" placeholder=\"Telefono *\" value=\"\" type=\"tel\" name=\"your-phone\" \/><\/span>\n<\/p>\n<p>-----------------------\n<\/p>\n<p>Seleziona l'abbonamento per l'indirizzo di domicilio:<br \/>\n<span class=\"wpcf7-form-control-wrap\" data-name=\"your-plan\"><select class=\"wpcf7-form-control wpcf7-select wpcf7-validates-as-required\" aria-required=\"true\" aria-invalid=\"false\" name=\"your-plan\"><option value=\"\">&#8212;Seleziona un&#039;opzione&#8212;<\/option><option value=\"Budget: CHF 79\/mese pi\u00f9 IVA + spese postali\">Budget: CHF 79\/mese pi\u00f9 IVA + spese postali<\/option><option value=\"Standard: CHF 99\/mese pi\u00f9 IVA + spese di spedizione\">Standard: CHF 99\/mese pi\u00f9 IVA + spese di spedizione<\/option><option value=\"Premio: CHF 149\/mese pi\u00f9 IVA + spese di spedizione\">Premio: CHF 149\/mese pi\u00f9 IVA + spese di spedizione<\/option><\/select><\/span>\n<\/p>\n<div data-id=\"group-scan-standard\" data-orig_data_id=\"group-scan-standard\"  class=\"\" data-class=\"wpcf7cf_group\">\n\t<p><span class=\"wpcf7-form-control-wrap\" data-name=\"checkbox-scan-standard\"><span class=\"wpcf7-form-control wpcf7-checkbox\"><span class=\"wpcf7-list-item first last\"><label><input type=\"checkbox\" name=\"checkbox-scan-standard[]\" value=\"Servizio di scansione per CHF 39 pi\u00f9 IVA\" \/><span class=\"wpcf7-list-item-label\">Servizio di scansione per CHF 39 pi\u00f9 IVA<\/span><\/label><\/span><\/span><\/span><br \/>\n-----------------------\n\t<\/p>\n<\/div>\n<div data-id=\"group-scan-premium\" data-orig_data_id=\"group-scan-premium\"  class=\"\" data-class=\"wpcf7cf_group\">\n\t<p><span class=\"wpcf7-form-control-wrap\" data-name=\"checkbox-scan-premium\"><span class=\"wpcf7-form-control wpcf7-checkbox\"><span class=\"wpcf7-list-item first last\"><label><input type=\"checkbox\" name=\"checkbox-scan-premium[]\" value=\"Servizio di scansione per CHF 49 pi\u00f9 IVA\" \/><span class=\"wpcf7-list-item-label\">Servizio di scansione per CHF 49 pi\u00f9 IVA<\/span><\/label><\/span><\/span><\/span><br \/>\n-----------------------\n\t<\/p>\n<\/div>\n<p>Seleziona la data di inizio dell'abbonamento (non prima di 7 giorni):<br \/>\n<span class=\"wpcf7-form-control-wrap\" data-name=\"date_start\"><input class=\"wpcf7-form-control wpcf7-date wpcf7-validates-as-required wpcf7-validates-as-date\" min=\"2026-05-08\" aria-required=\"true\" aria-invalid=\"false\" value=\"\" type=\"date\" name=\"date_start\" \/><\/span><br \/>\nA quale indirizzo deve essere inoltrata la posta?<br \/>\n<span class=\"wpcf7-form-control-wrap\" data-name=\"your-foreward\"><select class=\"wpcf7-form-control wpcf7-select wpcf7-validates-as-required\" aria-required=\"true\" aria-invalid=\"false\" name=\"your-foreward\"><option value=\"\">&#8212;Seleziona un&#039;opzione&#8212;<\/option><option value=\"all&#039;indirizzo sopra indicato CON l&#039;azienda\">all&#039;indirizzo sopra indicato CON l&#039;azienda<\/option><option value=\"all&#039;indirizzo di cui sopra SENZA la societ\u00e0\">all&#039;indirizzo di cui sopra SENZA la societ\u00e0<\/option><option value=\"ad un altro indirizzo\">ad un altro indirizzo<\/option><\/select><\/span>\n<\/p>\n<div data-id=\"group-foreward\" data-orig_data_id=\"group-foreward\"  class=\"\" data-class=\"wpcf7cf_group\">\n\t<p><span class=\"wpcf7-form-control-wrap\" data-name=\"your-name2\"><input size=\"40\" maxlength=\"400\" class=\"wpcf7-form-control wpcf7-text wpcf7-validates-as-required\" aria-required=\"true\" aria-invalid=\"false\" placeholder=\"Nome o azienda *\" value=\"\" type=\"text\" name=\"your-name2\" \/><\/span><br \/>\n<span class=\"wpcf7-form-control-wrap\" data-name=\"your-street2\"><input size=\"40\" maxlength=\"400\" class=\"wpcf7-form-control wpcf7-text wpcf7-validates-as-required\" aria-required=\"true\" aria-invalid=\"false\" placeholder=\"Via e numero *\" value=\"\" type=\"text\" name=\"your-street2\" \/><\/span><br \/>\n<span class=\"wpcf7-form-control-wrap\" data-name=\"your-place2\"><input size=\"40\" maxlength=\"400\" class=\"wpcf7-form-control wpcf7-text wpcf7-validates-as-required\" aria-required=\"true\" aria-invalid=\"false\" placeholder=\"Codice postale e citt\u00e0 *\" value=\"\" type=\"text\" name=\"your-place2\" \/><\/span><br \/>\n<span class=\"wpcf7-form-control-wrap\" data-name=\"your-country2\"><input size=\"40\" maxlength=\"400\" class=\"wpcf7-form-control wpcf7-text wpcf7-validates-as-required\" aria-required=\"true\" aria-invalid=\"false\" placeholder=\"Paese *\" value=\"\" type=\"text\" name=\"your-country2\" \/><\/span>\n\t<\/p>\n<\/div>\n<p>Dichiarazione di accettazione del domicilio \/ cambio di indirizzo nel registro delle imprese:<br \/>\n<span class=\"wpcf7-form-control-wrap\" data-name=\"menu-HR\"><select class=\"wpcf7-form-control wpcf7-select\" aria-invalid=\"false\" name=\"menu-HR\"><option value=\"Dichiarazione di accettazione del domicilio NON desiderata\">Dichiarazione di accettazione del domicilio NON desiderata<\/option><option value=\"Dichiarazione di accettazione del domicilio richiesta (gratuita)\">Dichiarazione di accettazione del domicilio richiesta (gratuita)<\/option><option value=\"Cambiamento di domicilio nel registro di commercio di una ditta individuale (CHF 90.00)\">Cambiamento di domicilio nel registro di commercio di una ditta individuale (CHF 90.00)<\/option><option value=\"Cambiamento di domicilio nel registro di commercio: trasferimento della sede all&#039;interno della citt\u00e0 di Zurigo (CHF 190.00)\">Cambiamento di domicilio nel registro di commercio: trasferimento della sede all&#039;interno della citt\u00e0 di Zurigo (CHF 190.00)<\/option><option value=\"Altri cambiamenti di domicilio nel registro di commercio (CHF 390.00)\">Altri cambiamenti di domicilio nel registro di commercio (CHF 390.00)<\/option><\/select><\/span>\n<\/p>\n<p>-----------------------\n<\/p>\n<p>Richiedi servizi aggiuntivi senza impegno:<br \/>\n<span class=\"wpcf7-form-control-wrap\" data-name=\"your-services\"><span class=\"wpcf7-form-control wpcf7-checkbox\"><span class=\"wpcf7-list-item first\"><label><input type=\"checkbox\" name=\"your-services[]\" value=\"Costituzione di una societ\u00e0 per azioni (CHF 990.00)\" \/><span class=\"wpcf7-list-item-label\">Costituzione di una societ\u00e0 per azioni (CHF 990.00)<\/span><\/label><\/span><span class=\"wpcf7-list-item\"><label><input type=\"checkbox\" name=\"your-services[]\" value=\"Costituzione di una societ\u00e0 a responsabilit\u00e0 limitata (CHF 990.00)\" \/><span class=\"wpcf7-list-item-label\">Costituzione di una societ\u00e0 a responsabilit\u00e0 limitata (CHF 990.00)<\/span><\/label><\/span><span class=\"wpcf7-list-item\"><label><input type=\"checkbox\" name=\"your-services[]\" value=\"Costituzione di una ditta individuale (CHF 490.00)\" \/><span class=\"wpcf7-list-item-label\">Costituzione di una ditta individuale (CHF 490.00)<\/span><\/label><\/span><span class=\"wpcf7-list-item\"><label><input type=\"checkbox\" name=\"your-services[]\" value=\"Modifica dell&#039;iscrizione nel registro di commercio\" \/><span class=\"wpcf7-list-item-label\">Modifica dell&#039;iscrizione nel registro di commercio<\/span><\/label><\/span><span class=\"wpcf7-list-item\"><label><input type=\"checkbox\" name=\"your-services[]\" value=\"Consulenza legale\" \/><span class=\"wpcf7-list-item-label\">Consulenza legale<\/span><\/label><\/span><span class=\"wpcf7-list-item last\"><label><input type=\"checkbox\" name=\"your-services[]\" value=\"Redazione\/revision di contratti\" \/><span class=\"wpcf7-list-item-label\">Redazione\/revision di contratti<\/span><\/label><\/span><\/span><\/span>\n<\/p>\n<p><span class=\"wpcf7-form-control-wrap\" data-name=\"your-message\"><textarea cols=\"40\" rows=\"10\" maxlength=\"2000\" class=\"wpcf7-form-control wpcf7-textarea\" aria-invalid=\"false\" placeholder=\"Osservazioni\" name=\"your-message\"><\/textarea><\/span>\n<\/p>\n<p>-----------------------\n<\/p>\n<p>I prezzi non comprendono l'IVA e le spese postali per l'inoltro della posta e le spese notarili e di registro di commercio per le modifiche al registro di commercio. Per ogni pacco postale elaborato viene addebitata una tassa di CHF 8.00 (pi\u00f9 IVA). La durata dell'abbonamento \u00e8 di un anno e si rinnova per un altro anno senza disdetta. L'abbonamento pu\u00f2 essere disdetto un mese prima della scadenza. La quota di abbonamento deve essere pagata in anticipo per un anno intero. La parte contraente \u00e8 Sp\u00fchler Rechtsanw\u00e4lte AG.\n<\/p>\n<p>-----------------------\n<\/p>\n<p>Per tutti gli abbonamenti viene inserito un indirizzo di posta elettronica nel registro di commercio (vedi FAQ).\n<\/p>\n<p>-----------------------\n<\/p>\n<p><span class=\"wpcf7-form-control-wrap\" data-name=\"agb-akzeptiert\"><span class=\"wpcf7-form-control wpcf7-acceptance\"><span class=\"wpcf7-list-item\"><label><input type=\"checkbox\" name=\"agb-akzeptiert\" value=\"1\" aria-invalid=\"false\" \/><span class=\"wpcf7-list-item-label\">Accetto i termini e le condizioni generali (GTC).<\/span><\/label><\/span><\/span><\/span><a href=\"https:\/\/domiziladresse.zuerich\/it\/gtc\/\" target=\"_blank\"><b> >>> Visualizza GTC<\/b><\/a>\n<\/p>\n<p><input class=\"wpcf7-form-control wpcf7-submit has-spinner\" type=\"submit\" value=\"Prenotazione a pagamento\" \/>\n<\/p><div class=\"wpcf7-response-output\" aria-hidden=\"true\"><\/div>\n<\/form>\n<\/div>\n<\/div><\/div><div class=\"wpb_column vc_column_container\"><div class=\"vc_column-inner\"><\/div><\/div><\/div><\/div><\/section>\n","protected":false},"excerpt":{"rendered":"Indirizzo del domicilio dell&#8217;ordine Compili il modulo sottostante per prenotare un indirizzo di domicilio e richiedere eventuali servizi aggiuntivi. Il rapporto contrattuale entra in vigore solo quando la prenotazione viene confermata da Domiziladresse.zuerich. Azienda non ancora fondata &#8212;Seleziona un&#039;opzione&#8212;SignoraSig. ----------------------- Seleziona l'abbonamento per l'indirizzo di domicilio: &#8212;Seleziona un&#039;opzione&#8212;Budget: CHF 79\/mese pi\u00f9 IVA + spese postaliStandard:...","protected":false},"author":1,"featured_media":0,"parent":0,"menu_order":0,"comment_status":"closed","ping_status":"closed","template":"","meta":{"footnotes":""},"class_list":["post-2566","page","type-page","status-publish","hentry"],"yoast_head":"<!-- This site is optimized with the Yoast SEO plugin v27.4 - https:\/\/yoast.com\/product\/yoast-seo-wordpress\/ -->\n<title>ordine - Domiziladresse Z\u00fcrich<\/title>\n<meta name=\"robots\" content=\"index, follow, max-snippet:-1, max-image-preview:large, max-video-preview:-1\" \/>\n<link rel=\"canonical\" href=\"https:\/\/domiziladresse.zuerich\/it\/ordine\/\" \/>\n<meta property=\"og:locale\" content=\"it_IT\" \/>\n<meta property=\"og:type\" content=\"article\" \/>\n<meta property=\"og:title\" content=\"ordine - Domiziladresse Z\u00fcrich\" \/>\n<meta property=\"og:url\" content=\"https:\/\/domiziladresse.zuerich\/it\/ordine\/\" \/>\n<meta property=\"og:site_name\" content=\"Domiziladresse Z\u00fcrich\" \/>\n<meta property=\"article:modified_time\" content=\"2024-10-20T14:38:02+00:00\" \/>\n<meta name=\"twitter:card\" content=\"summary_large_image\" \/>\n<script type=\"application\/ld+json\" class=\"yoast-schema-graph\">{\"@context\":\"https:\\\/\\\/schema.org\",\"@graph\":[{\"@type\":\"WebPage\",\"@id\":\"https:\\\/\\\/domiziladresse.zuerich\\\/it\\\/ordine\\\/\",\"url\":\"https:\\\/\\\/domiziladresse.zuerich\\\/it\\\/ordine\\\/\",\"name\":\"ordine - Domiziladresse Z\u00fcrich\",\"isPartOf\":{\"@id\":\"https:\\\/\\\/domiziladresse.zuerich\\\/it\\\/#website\"},\"datePublished\":\"2024-02-28T09:04:55+00:00\",\"dateModified\":\"2024-10-20T14:38:02+00:00\",\"breadcrumb\":{\"@id\":\"https:\\\/\\\/domiziladresse.zuerich\\\/it\\\/ordine\\\/#breadcrumb\"},\"inLanguage\":\"it-IT\",\"potentialAction\":[{\"@type\":\"ReadAction\",\"target\":[\"https:\\\/\\\/domiziladresse.zuerich\\\/it\\\/ordine\\\/\"]}]},{\"@type\":\"BreadcrumbList\",\"@id\":\"https:\\\/\\\/domiziladresse.zuerich\\\/it\\\/ordine\\\/#breadcrumb\",\"itemListElement\":[{\"@type\":\"ListItem\",\"position\":1,\"name\":\"Startseite\",\"item\":\"https:\\\/\\\/domiziladresse.zuerich\\\/it\\\/iniziare\\\/\"},{\"@type\":\"ListItem\",\"position\":2,\"name\":\"ordine\"}]},{\"@type\":\"WebSite\",\"@id\":\"https:\\\/\\\/domiziladresse.zuerich\\\/it\\\/#website\",\"url\":\"https:\\\/\\\/domiziladresse.zuerich\\\/it\\\/\",\"name\":\"Domiziladresse.Zuerich\",\"description\":\"Ihre Gesch\u00e4ftsadresse in Z\u00fcrich\",\"publisher\":{\"@id\":\"https:\\\/\\\/domiziladresse.zuerich\\\/it\\\/#organization\"},\"alternateName\":\"Domiziladresse Z\u00fcrich\",\"potentialAction\":[{\"@type\":\"SearchAction\",\"target\":{\"@type\":\"EntryPoint\",\"urlTemplate\":\"https:\\\/\\\/domiziladresse.zuerich\\\/it\\\/?s={search_term_string}\"},\"query-input\":{\"@type\":\"PropertyValueSpecification\",\"valueRequired\":true,\"valueName\":\"search_term_string\"}}],\"inLanguage\":\"it-IT\"},{\"@type\":\"Organization\",\"@id\":\"https:\\\/\\\/domiziladresse.zuerich\\\/it\\\/#organization\",\"name\":\"Domiziladresse Z\u00fcrich\",\"url\":\"https:\\\/\\\/domiziladresse.zuerich\\\/it\\\/\",\"logo\":{\"@type\":\"ImageObject\",\"inLanguage\":\"it-IT\",\"@id\":\"https:\\\/\\\/domiziladresse.zuerich\\\/it\\\/#\\\/schema\\\/logo\\\/image\\\/\",\"url\":\"https:\\\/\\\/domiziladresse.zuerich\\\/wp-content\\\/uploads\\\/2024\\\/02\\\/Emblem.svg\",\"contentUrl\":\"https:\\\/\\\/domiziladresse.zuerich\\\/wp-content\\\/uploads\\\/2024\\\/02\\\/Emblem.svg\",\"width\":\"1024\",\"height\":\"1024\",\"caption\":\"Domiziladresse Z\u00fcrich\"},\"image\":{\"@id\":\"https:\\\/\\\/domiziladresse.zuerich\\\/it\\\/#\\\/schema\\\/logo\\\/image\\\/\"}}]}<\/script>\n<!-- \/ Yoast SEO plugin. -->","yoast_head_json":{"title":"ordine - Domiziladresse Z\u00fcrich","robots":{"index":"index","follow":"follow","max-snippet":"max-snippet:-1","max-image-preview":"max-image-preview:large","max-video-preview":"max-video-preview:-1"},"canonical":"https:\/\/domiziladresse.zuerich\/it\/ordine\/","og_locale":"it_IT","og_type":"article","og_title":"ordine - Domiziladresse Z\u00fcrich","og_url":"https:\/\/domiziladresse.zuerich\/it\/ordine\/","og_site_name":"Domiziladresse Z\u00fcrich","article_modified_time":"2024-10-20T14:38:02+00:00","twitter_card":"summary_large_image","schema":{"@context":"https:\/\/schema.org","@graph":[{"@type":"WebPage","@id":"https:\/\/domiziladresse.zuerich\/it\/ordine\/","url":"https:\/\/domiziladresse.zuerich\/it\/ordine\/","name":"ordine - Domiziladresse Z\u00fcrich","isPartOf":{"@id":"https:\/\/domiziladresse.zuerich\/it\/#website"},"datePublished":"2024-02-28T09:04:55+00:00","dateModified":"2024-10-20T14:38:02+00:00","breadcrumb":{"@id":"https:\/\/domiziladresse.zuerich\/it\/ordine\/#breadcrumb"},"inLanguage":"it-IT","potentialAction":[{"@type":"ReadAction","target":["https:\/\/domiziladresse.zuerich\/it\/ordine\/"]}]},{"@type":"BreadcrumbList","@id":"https:\/\/domiziladresse.zuerich\/it\/ordine\/#breadcrumb","itemListElement":[{"@type":"ListItem","position":1,"name":"Startseite","item":"https:\/\/domiziladresse.zuerich\/it\/iniziare\/"},{"@type":"ListItem","position":2,"name":"ordine"}]},{"@type":"WebSite","@id":"https:\/\/domiziladresse.zuerich\/it\/#website","url":"https:\/\/domiziladresse.zuerich\/it\/","name":"Domiziladresse.Zuerich","description":"Ihre Gesch\u00e4ftsadresse in Z\u00fcrich","publisher":{"@id":"https:\/\/domiziladresse.zuerich\/it\/#organization"},"alternateName":"Domiziladresse Z\u00fcrich","potentialAction":[{"@type":"SearchAction","target":{"@type":"EntryPoint","urlTemplate":"https:\/\/domiziladresse.zuerich\/it\/?s={search_term_string}"},"query-input":{"@type":"PropertyValueSpecification","valueRequired":true,"valueName":"search_term_string"}}],"inLanguage":"it-IT"},{"@type":"Organization","@id":"https:\/\/domiziladresse.zuerich\/it\/#organization","name":"Domiziladresse Z\u00fcrich","url":"https:\/\/domiziladresse.zuerich\/it\/","logo":{"@type":"ImageObject","inLanguage":"it-IT","@id":"https:\/\/domiziladresse.zuerich\/it\/#\/schema\/logo\/image\/","url":"https:\/\/domiziladresse.zuerich\/wp-content\/uploads\/2024\/02\/Emblem.svg","contentUrl":"https:\/\/domiziladresse.zuerich\/wp-content\/uploads\/2024\/02\/Emblem.svg","width":"1024","height":"1024","caption":"Domiziladresse Z\u00fcrich"},"image":{"@id":"https:\/\/domiziladresse.zuerich\/it\/#\/schema\/logo\/image\/"}}]}},"_links":{"self":[{"href":"https:\/\/domiziladresse.zuerich\/it\/wp-json\/wp\/v2\/pages\/2566","targetHints":{"allow":["GET"]}}],"collection":[{"href":"https:\/\/domiziladresse.zuerich\/it\/wp-json\/wp\/v2\/pages"}],"about":[{"href":"https:\/\/domiziladresse.zuerich\/it\/wp-json\/wp\/v2\/types\/page"}],"author":[{"embeddable":true,"href":"https:\/\/domiziladresse.zuerich\/it\/wp-json\/wp\/v2\/users\/1"}],"replies":[{"embeddable":true,"href":"https:\/\/domiziladresse.zuerich\/it\/wp-json\/wp\/v2\/comments?post=2566"}],"version-history":[{"count":8,"href":"https:\/\/domiziladresse.zuerich\/it\/wp-json\/wp\/v2\/pages\/2566\/revisions"}],"predecessor-version":[{"id":3864,"href":"https:\/\/domiziladresse.zuerich\/it\/wp-json\/wp\/v2\/pages\/2566\/revisions\/3864"}],"wp:attachment":[{"href":"https:\/\/domiziladresse.zuerich\/it\/wp-json\/wp\/v2\/media?parent=2566"}],"curies":[{"name":"wp","href":"https:\/\/api.w.org\/{rel}","templated":true}]}}