{"id":2376,"date":"2021-11-16T06:52:10","date_gmt":"2021-11-16T05:52:10","guid":{"rendered":"https:\/\/domiziladresse.zuerich\/comeca\/"},"modified":"2025-06-05T17:09:29","modified_gmt":"2025-06-05T15:09:29","slug":"comeca","status":"publish","type":"page","link":"https:\/\/domiziladresse.zuerich\/pt-pt\/","title":{"rendered":"In\u00edcio"},"content":{"rendered":"<section class=\"l-section wpb_row us_custom_0db20381 height_custom full_height valign_center\"><div class=\"l-section-overlay\" style=\"background:linear-gradient(125deg,#63add7,#9cd8e6)\"><\/div><div class=\"l-section-h i-cf\"><div class=\"g-cols vc_row via_grid cols_3-2 laptops-cols_inherit tablets-cols_1 mobiles-cols_1 valign_top type_default stacking_default\" style=\"--columns-gap:30px;\"><div class=\"wpb_column vc_column_container\"><div class=\"vc_column-inner\"><div class=\"w-separator size_small\"><\/div><div class=\"wpb_text_column\"><div class=\"wpb_wrapper\"><h1>Solicite seu <span style=\"color: #ffffff;\">endere\u00e7o comercial<\/span> em Zurique<\/h1>\n<\/div><\/div><div class=\"w-separator size_small\"><\/div><div class=\"wpb_text_column us_custom_6131597c has_text_color\"><div class=\"wpb_wrapper\"><p>Alugue o seu endere\u00e7o profissional na cidade de Zurique e receba o seu correio no seu endere\u00e7o de prest\u00edgio.<\/p>\n<\/div><\/div><div class=\"w-separator size_medium\"><\/div><div class=\"w-btn-wrapper align_none\"><a class=\"w-btn us-btn-style_4\" href=\"https:\/\/domiziladresse.zuerich\/bestellung\/\"><span class=\"w-btn-label\">Encomenda agora<\/span><\/a><\/div><div class=\"w-btn-wrapper align_none hide_on_mobiles\"><a class=\"w-btn us-btn-style_5\" href=\"#about\"><span class=\"w-btn-label\">Saiba mais<\/span><\/a><\/div><\/div><\/div><div class=\"wpb_column vc_column_container\"><div class=\"vc_column-inner\"><div class=\"w-image align_right\"><div class=\"w-image-h\"><img fetchpriority=\"high\" decoding=\"async\" width=\"1024\" height=\"1024\" src=\"https:\/\/domiziladresse.zuerich\/wp-content\/uploads\/2024\/02\/Emblem.svg\" class=\"attachment-large size-large\" alt=\"\" loading=\"eager\" \/><\/div><\/div><\/div><\/div><\/div><\/div><\/section><section class=\"l-section wpb_row us_custom_19737bc8 height_custom\" id=\"about\"><div class=\"l-section-h i-cf\"><div class=\"g-cols vc_row via_grid cols_2 laptops-cols_inherit tablets-cols_inherit mobiles-cols_1 valign_top type_default stacking_default\" style=\"--columns-gap:5vw;\"><div class=\"wpb_column vc_column_container\"><div class=\"vc_column-inner\"><div class=\"w-text us_custom_44da2e4b has_text_color\"><span class=\"w-text-h\"><span class=\"w-text-value\">Porque \u00e9 que preciso de um domic\u00edlio social?<\/span><\/span><\/div><div class=\"wpb_text_column\"><div class=\"wpb_wrapper\"><h2>Endere\u00e7o da sua empresa em Zurique<\/h2>\n<p>Dirige uma empresa ou organiza\u00e7\u00e3o mas <strong>n\u00e3o tem o seu pr\u00f3prio escrit\u00f3rio?<\/strong> Trabalha a partir de casa e n\u00e3o quer divulgar o seu endere\u00e7o residencial? Vive no estrangeiro e precisa de um endere\u00e7o de entrega na Su\u00ed\u00e7a? <\/p>\n<p><strong>Domiziladresse Z\u00fcrich <\/strong>oferece-lhe um endere\u00e7o comercial fi\u00e1vel numa localiza\u00e7\u00e3o prestigiada e central na cidade de Zurique. Poder\u00e1 ser o seguinte:<\/p>\n<\/div><\/div><div class=\"w-separator size_small\"><\/div><div class=\"w-vwrapper us_custom_b7975fcb align_none valign_top\" style=\"--vwrapper-gap:0rem\"><div class=\"w-iconbox us_custom_0f088a09 has_text_color iconpos_left style_default color_custom align_left no_title\"><div class=\"w-iconbox-icon\" style=\"font-size:5rem;--icon-color:#56616b;\"><i class=\"fas fa-envelope\"><\/i><\/div><div class=\"w-iconbox-meta\"><div class=\"w-iconbox-text\"><p><strong>A sua empresa \/ o seu nome<\/strong><br \/>\nGeneral-Wille-Strasse 19<br \/>\nCH-8002 Zurique<\/p>\n<\/div><\/div><\/div><\/div><div class=\"w-separator size_small\"><\/div><div class=\"wpb_text_column\"><div class=\"wpb_wrapper\"><p>O seu correio ser\u00e1 reencaminhado para qualquer endere\u00e7o na Su\u00ed\u00e7a ou no estrangeiro, diariamente ou semanalmente. Tamb\u00e9m \u00e9 poss\u00edvel receber por correio eletr\u00f3nico cartas que podem ser digitalizadas eletronicamente.<\/p>\n<\/div><\/div><div class=\"w-separator size_medium\"><\/div><div class=\"w-btn-wrapper align_none\"><a class=\"w-btn us-btn-style_4\" href=\"https:\/\/domiziladresse.zuerich\/pt-pt\/preco-e-detalhes\/\"><span class=\"w-btn-label\">Saiba mais<\/span><\/a><\/div><div class=\"w-separator size_medium\"><\/div><\/div><\/div><div class=\"wpb_column vc_column_container\"><div class=\"vc_column-inner\"><div class=\"w-image has_ratio align_center\"><div class=\"w-image-h\"><div style=\"padding-bottom:100%\"><\/div><img decoding=\"async\" width=\"682\" height=\"1024\" src=\"https:\/\/domiziladresse.zuerich\/wp-content\/uploads\/2024\/03\/briefkasten-682x1024.jpg\" class=\"attachment-large size-large\" alt=\"\" loading=\"lazy\" \/><\/div><\/div><div class=\"w-separator size_medium\"><\/div><\/div><\/div><\/div><\/div><\/section><section class=\"l-section wpb_row height_custom\"><div class=\"l-section-h i-cf\"><div class=\"g-cols vc_row via_grid cols_2 laptops-cols_inherit tablets-cols_inherit mobiles-cols_1 valign_middle type_default reversed stacking_default\"><div class=\"wpb_column vc_column_container\"><div class=\"vc_column-inner\"><div class=\"w-image align_center\"><div class=\"w-image-h\"><img decoding=\"async\" width=\"400\" height=\"400\" src=\"https:\/\/domiziladresse.zuerich\/wp-content\/uploads\/2024\/03\/SR_Logo_RGB_Webseite.svg\" class=\"attachment-medium size-medium\" alt=\"\" loading=\"lazy\" \/><\/div><\/div><\/div><\/div><div class=\"wpb_column vc_column_container\"><div class=\"vc_column-inner\"><div class=\"w-text us_custom_44da2e4b has_text_color\"><span class=\"w-text-h\"><span class=\"w-text-value\">Confi\u00e1vel, s\u00e9rio e discreto<\/span><\/span><\/div><div class=\"wpb_text_column\"><div class=\"wpb_wrapper\"><h3>Domic\u00edlio num escrit\u00f3rio de advogados<\/h3>\n<p>O endere\u00e7o do domic\u00edlio em Zurique \u00e9 gerido pelo escrit\u00f3rio de advogados Sp\u00fchler Rechtsanw\u00e4lte AG, com sede em Zurique. Aconselha e representa pessoas singulares e pequenas e m\u00e9dias empresas (PME) na Su\u00ed\u00e7a em quest\u00f5es nacionais e internacionais.<\/p>\n<\/div><\/div><div class=\"w-separator size_small\"><\/div><div class=\"w-btn-wrapper align_none\"><a class=\"w-btn us-btn-style_4\" target=\"_blank\" href=\"https:\/\/spuehler.legal\/\"><span class=\"w-btn-label\">Saiba mais<\/span><\/a><\/div><\/div><\/div><\/div><\/div><\/section>\n","protected":false},"excerpt":{"rendered":"Solicite seu endere\u00e7o comercial em Zurique Alugue o seu endere\u00e7o profissional na cidade de Zurique e receba o seu correio no seu endere\u00e7o de prest\u00edgio. Encomenda agoraSaiba maisPorque \u00e9 que preciso de um domic\u00edlio social?Endere\u00e7o da sua empresa em Zurique Dirige uma empresa ou organiza\u00e7\u00e3o mas n\u00e3o tem o seu pr\u00f3prio escrit\u00f3rio? Trabalha a partir...","protected":false},"author":1,"featured_media":0,"parent":0,"menu_order":0,"comment_status":"closed","ping_status":"closed","template":"","meta":{"footnotes":""},"class_list":["post-2376","page","type-page","status-publish","hentry"],"yoast_head":"<!-- This site is optimized with the Yoast SEO plugin v27.4 - https:\/\/yoast.com\/product\/yoast-seo-wordpress\/ -->\n<title>Endere\u00e7o de domic\u00edlio em Zurique (Su\u00ed\u00e7a) - prestigioso e fi\u00e1vel<\/title>\n<meta name=\"description\" content=\"Endere\u00e7o comercial em 8002 Zurique (Su\u00ed\u00e7a) a partir de CHF 79 por m\u00eas e outros servi\u00e7os jur\u00eddicos relacionados com a sua empresa.\" \/>\n<meta name=\"robots\" content=\"index, follow, max-snippet:-1, max-image-preview:large, max-video-preview:-1\" \/>\n<link rel=\"canonical\" href=\"https:\/\/domiziladresse.zuerich\/pt-pt\/\" \/>\n<meta property=\"og:locale\" content=\"pt_PT\" \/>\n<meta property=\"og:type\" content=\"article\" \/>\n<meta property=\"og:title\" content=\"Endere\u00e7o de domic\u00edlio em Zurique (Su\u00ed\u00e7a) - prestigioso e fi\u00e1vel\" \/>\n<meta property=\"og:description\" content=\"Endere\u00e7o comercial em 8002 Zurique (Su\u00ed\u00e7a) a partir de CHF 79 por m\u00eas e outros servi\u00e7os jur\u00eddicos relacionados com a sua empresa.\" \/>\n<meta property=\"og:url\" content=\"https:\/\/domiziladresse.zuerich\/pt-pt\/\" \/>\n<meta property=\"og:site_name\" content=\"Domiziladresse Z\u00fcrich\" \/>\n<meta property=\"article:modified_time\" content=\"2025-06-05T15:09:29+00:00\" \/>\n<meta name=\"twitter:card\" content=\"summary_large_image\" \/>\n<meta name=\"twitter:label1\" content=\"Tempo estimado de leitura\" \/>\n\t<meta name=\"twitter:data1\" content=\"3 minutos\" \/>\n<script type=\"application\/ld+json\" class=\"yoast-schema-graph\">{\"@context\":\"https:\\\/\\\/schema.org\",\"@graph\":[{\"@type\":\"WebPage\",\"@id\":\"https:\\\/\\\/domiziladresse.zuerich\\\/pt-pt\\\/\",\"url\":\"https:\\\/\\\/domiziladresse.zuerich\\\/pt-pt\\\/\",\"name\":\"Endere\u00e7o de domic\u00edlio em Zurique (Su\u00ed\u00e7a) - prestigioso e fi\u00e1vel\",\"isPartOf\":{\"@id\":\"https:\\\/\\\/domiziladresse.zuerich\\\/pt-pt\\\/#website\"},\"datePublished\":\"2021-11-16T05:52:10+00:00\",\"dateModified\":\"2025-06-05T15:09:29+00:00\",\"description\":\"Endere\u00e7o comercial em 8002 Zurique (Su\u00ed\u00e7a) a partir de CHF 79 por m\u00eas e outros servi\u00e7os jur\u00eddicos relacionados com a sua empresa.\",\"breadcrumb\":{\"@id\":\"https:\\\/\\\/domiziladresse.zuerich\\\/pt-pt\\\/#breadcrumb\"},\"inLanguage\":\"pt-PT\",\"potentialAction\":[{\"@type\":\"ReadAction\",\"target\":[\"https:\\\/\\\/domiziladresse.zuerich\\\/pt-pt\\\/\"]}]},{\"@type\":\"BreadcrumbList\",\"@id\":\"https:\\\/\\\/domiziladresse.zuerich\\\/pt-pt\\\/#breadcrumb\",\"itemListElement\":[{\"@type\":\"ListItem\",\"position\":1,\"name\":\"Startseite\",\"item\":\"https:\\\/\\\/domiziladresse.zuerich\\\/pt-pt\\\/comeca\\\/\"},{\"@type\":\"ListItem\",\"position\":2,\"name\":\"In\u00edcio\"}]},{\"@type\":\"WebSite\",\"@id\":\"https:\\\/\\\/domiziladresse.zuerich\\\/pt-pt\\\/#website\",\"url\":\"https:\\\/\\\/domiziladresse.zuerich\\\/pt-pt\\\/\",\"name\":\"Domiziladresse.Zuerich\",\"description\":\"Ihre Gesch\u00e4ftsadresse in Z\u00fcrich\",\"publisher\":{\"@id\":\"https:\\\/\\\/domiziladresse.zuerich\\\/pt-pt\\\/#organization\"},\"alternateName\":\"Domiziladresse Z\u00fcrich\",\"potentialAction\":[{\"@type\":\"SearchAction\",\"target\":{\"@type\":\"EntryPoint\",\"urlTemplate\":\"https:\\\/\\\/domiziladresse.zuerich\\\/pt-pt\\\/?s={search_term_string}\"},\"query-input\":{\"@type\":\"PropertyValueSpecification\",\"valueRequired\":true,\"valueName\":\"search_term_string\"}}],\"inLanguage\":\"pt-PT\"},{\"@type\":\"Organization\",\"@id\":\"https:\\\/\\\/domiziladresse.zuerich\\\/pt-pt\\\/#organization\",\"name\":\"Domiziladresse Z\u00fcrich\",\"url\":\"https:\\\/\\\/domiziladresse.zuerich\\\/pt-pt\\\/\",\"logo\":{\"@type\":\"ImageObject\",\"inLanguage\":\"pt-PT\",\"@id\":\"https:\\\/\\\/domiziladresse.zuerich\\\/pt-pt\\\/#\\\/schema\\\/logo\\\/image\\\/\",\"url\":\"https:\\\/\\\/domiziladresse.zuerich\\\/wp-content\\\/uploads\\\/2024\\\/02\\\/Emblem.svg\",\"contentUrl\":\"https:\\\/\\\/domiziladresse.zuerich\\\/wp-content\\\/uploads\\\/2024\\\/02\\\/Emblem.svg\",\"width\":\"1024\",\"height\":\"1024\",\"caption\":\"Domiziladresse Z\u00fcrich\"},\"image\":{\"@id\":\"https:\\\/\\\/domiziladresse.zuerich\\\/pt-pt\\\/#\\\/schema\\\/logo\\\/image\\\/\"}}]}<\/script>\n<!-- \/ Yoast SEO plugin. -->","yoast_head_json":{"title":"Endere\u00e7o de domic\u00edlio em Zurique (Su\u00ed\u00e7a) - prestigioso e fi\u00e1vel","description":"Endere\u00e7o comercial em 8002 Zurique (Su\u00ed\u00e7a) a partir de CHF 79 por m\u00eas e outros servi\u00e7os jur\u00eddicos relacionados com a sua empresa.","robots":{"index":"index","follow":"follow","max-snippet":"max-snippet:-1","max-image-preview":"max-image-preview:large","max-video-preview":"max-video-preview:-1"},"canonical":"https:\/\/domiziladresse.zuerich\/pt-pt\/","og_locale":"pt_PT","og_type":"article","og_title":"Endere\u00e7o de domic\u00edlio em Zurique (Su\u00ed\u00e7a) - prestigioso e fi\u00e1vel","og_description":"Endere\u00e7o comercial em 8002 Zurique (Su\u00ed\u00e7a) a partir de CHF 79 por m\u00eas e outros servi\u00e7os jur\u00eddicos relacionados com a sua empresa.","og_url":"https:\/\/domiziladresse.zuerich\/pt-pt\/","og_site_name":"Domiziladresse Z\u00fcrich","article_modified_time":"2025-06-05T15:09:29+00:00","twitter_card":"summary_large_image","twitter_misc":{"Tempo estimado de leitura":"3 minutos"},"schema":{"@context":"https:\/\/schema.org","@graph":[{"@type":"WebPage","@id":"https:\/\/domiziladresse.zuerich\/pt-pt\/","url":"https:\/\/domiziladresse.zuerich\/pt-pt\/","name":"Endere\u00e7o de domic\u00edlio em Zurique (Su\u00ed\u00e7a) - prestigioso e fi\u00e1vel","isPartOf":{"@id":"https:\/\/domiziladresse.zuerich\/pt-pt\/#website"},"datePublished":"2021-11-16T05:52:10+00:00","dateModified":"2025-06-05T15:09:29+00:00","description":"Endere\u00e7o comercial em 8002 Zurique (Su\u00ed\u00e7a) a partir de CHF 79 por m\u00eas e outros servi\u00e7os jur\u00eddicos relacionados com a sua empresa.","breadcrumb":{"@id":"https:\/\/domiziladresse.zuerich\/pt-pt\/#breadcrumb"},"inLanguage":"pt-PT","potentialAction":[{"@type":"ReadAction","target":["https:\/\/domiziladresse.zuerich\/pt-pt\/"]}]},{"@type":"BreadcrumbList","@id":"https:\/\/domiziladresse.zuerich\/pt-pt\/#breadcrumb","itemListElement":[{"@type":"ListItem","position":1,"name":"Startseite","item":"https:\/\/domiziladresse.zuerich\/pt-pt\/comeca\/"},{"@type":"ListItem","position":2,"name":"In\u00edcio"}]},{"@type":"WebSite","@id":"https:\/\/domiziladresse.zuerich\/pt-pt\/#website","url":"https:\/\/domiziladresse.zuerich\/pt-pt\/","name":"Domiziladresse.Zuerich","description":"Ihre Gesch\u00e4ftsadresse in Z\u00fcrich","publisher":{"@id":"https:\/\/domiziladresse.zuerich\/pt-pt\/#organization"},"alternateName":"Domiziladresse Z\u00fcrich","potentialAction":[{"@type":"SearchAction","target":{"@type":"EntryPoint","urlTemplate":"https:\/\/domiziladresse.zuerich\/pt-pt\/?s={search_term_string}"},"query-input":{"@type":"PropertyValueSpecification","valueRequired":true,"valueName":"search_term_string"}}],"inLanguage":"pt-PT"},{"@type":"Organization","@id":"https:\/\/domiziladresse.zuerich\/pt-pt\/#organization","name":"Domiziladresse Z\u00fcrich","url":"https:\/\/domiziladresse.zuerich\/pt-pt\/","logo":{"@type":"ImageObject","inLanguage":"pt-PT","@id":"https:\/\/domiziladresse.zuerich\/pt-pt\/#\/schema\/logo\/image\/","url":"https:\/\/domiziladresse.zuerich\/wp-content\/uploads\/2024\/02\/Emblem.svg","contentUrl":"https:\/\/domiziladresse.zuerich\/wp-content\/uploads\/2024\/02\/Emblem.svg","width":"1024","height":"1024","caption":"Domiziladresse Z\u00fcrich"},"image":{"@id":"https:\/\/domiziladresse.zuerich\/pt-pt\/#\/schema\/logo\/image\/"}}]}},"_links":{"self":[{"href":"https:\/\/domiziladresse.zuerich\/pt-pt\/wp-json\/wp\/v2\/pages\/2376","targetHints":{"allow":["GET"]}}],"collection":[{"href":"https:\/\/domiziladresse.zuerich\/pt-pt\/wp-json\/wp\/v2\/pages"}],"about":[{"href":"https:\/\/domiziladresse.zuerich\/pt-pt\/wp-json\/wp\/v2\/types\/page"}],"author":[{"embeddable":true,"href":"https:\/\/domiziladresse.zuerich\/pt-pt\/wp-json\/wp\/v2\/users\/1"}],"replies":[{"embeddable":true,"href":"https:\/\/domiziladresse.zuerich\/pt-pt\/wp-json\/wp\/v2\/comments?post=2376"}],"version-history":[{"count":86,"href":"https:\/\/domiziladresse.zuerich\/pt-pt\/wp-json\/wp\/v2\/pages\/2376\/revisions"}],"predecessor-version":[{"id":4649,"href":"https:\/\/domiziladresse.zuerich\/pt-pt\/wp-json\/wp\/v2\/pages\/2376\/revisions\/4649"}],"wp:attachment":[{"href":"https:\/\/domiziladresse.zuerich\/pt-pt\/wp-json\/wp\/v2\/media?parent=2376"}],"curies":[{"name":"wp","href":"https:\/\/api.w.org\/{rel}","templated":true}]}}