{"id":2403,"date":"2024-06-20T23:05:50","date_gmt":"2024-06-20T21:05:50","guid":{"rendered":"https:\/\/domiziladresse.zuerich\/gtc\/"},"modified":"2025-08-13T18:08:40","modified_gmt":"2025-08-13T16:08:40","slug":"gtc","status":"publish","type":"page","link":"https:\/\/domiziladresse.zuerich\/pt-pt\/gtc\/","title":{"rendered":"GTC"},"content":{"rendered":"<section class=\"l-section wpb_row height_custom\"><div class=\"l-section-h i-cf\"><div class=\"g-cols vc_row via_grid cols_1 laptops-cols_inherit tablets-cols_inherit mobiles-cols_1 valign_top type_default stacking_default\"><div class=\"wpb_column vc_column_container\"><div class=\"vc_column-inner\"><div class=\"wpb_text_column\"><div class=\"wpb_wrapper\"><h1 style=\"text-align: center;\">Termos e condi\u00e7\u00f5es gerais (TCG)<\/h1>\n<\/div><\/div><\/div><\/div><\/div><\/div><\/section><section class=\"l-section wpb_row height_custom\"><div class=\"l-section-h i-cf\"><div class=\"g-cols vc_row via_grid cols_1 laptops-cols_inherit tablets-cols_inherit mobiles-cols_1 valign_top type_default stacking_default\"><div class=\"wpb_column vc_column_container\"><div class=\"vc_column-inner\"><div class=\"wpb_text_column\"><div class=\"wpb_wrapper\"><p>Os servi\u00e7os oferecidos em www.domiziladresse.zuerich est\u00e3o sujeitos aos actuais Termos e Condi\u00e7\u00f5es Gerais, que podem ser descarregados aqui:<\/p>\n<p><a href=\"https:\/\/domiziladresse.zuerich\/wp-content\/uploads\/2025\/08\/AGB_vom_13.8.2025.pdf\" target=\"_blank\" rel=\"noopener\">Descarregar os termos e condi\u00e7\u00f5es gerais<\/a><\/p>\n<\/div><\/div><\/div><\/div><\/div><\/div><\/section>\n","protected":false},"excerpt":{"rendered":"Termos e condi\u00e7\u00f5es gerais (TCG) Os servi\u00e7os oferecidos em www.domiziladresse.zuerich est\u00e3o sujeitos aos actuais Termos e Condi\u00e7\u00f5es Gerais, que podem ser descarregados aqui: Descarregar os termos e condi\u00e7\u00f5es gerais","protected":false},"author":1,"featured_media":0,"parent":0,"menu_order":0,"comment_status":"closed","ping_status":"closed","template":"","meta":{"footnotes":""},"class_list":["post-2403","page","type-page","status-publish","hentry"],"yoast_head":"<!-- This site is optimized with the Yoast SEO plugin v27.4 - https:\/\/yoast.com\/product\/yoast-seo-wordpress\/ -->\n<title>GTC - Domiziladresse Z\u00fcrich<\/title>\n<meta name=\"robots\" content=\"index, follow, max-snippet:-1, max-image-preview:large, max-video-preview:-1\" \/>\n<link rel=\"canonical\" href=\"https:\/\/domiziladresse.zuerich\/pt-pt\/gtc\/\" \/>\n<meta property=\"og:locale\" content=\"pt_PT\" \/>\n<meta property=\"og:type\" content=\"article\" \/>\n<meta property=\"og:title\" content=\"GTC - Domiziladresse Z\u00fcrich\" \/>\n<meta property=\"og:url\" content=\"https:\/\/domiziladresse.zuerich\/pt-pt\/gtc\/\" \/>\n<meta property=\"og:site_name\" content=\"Domiziladresse Z\u00fcrich\" \/>\n<meta property=\"article:modified_time\" content=\"2025-08-13T16:08:40+00:00\" \/>\n<meta name=\"twitter:card\" content=\"summary_large_image\" \/>\n<script type=\"application\/ld+json\" class=\"yoast-schema-graph\">{\"@context\":\"https:\\\/\\\/schema.org\",\"@graph\":[{\"@type\":\"WebPage\",\"@id\":\"https:\\\/\\\/domiziladresse.zuerich\\\/pt-pt\\\/gtc\\\/\",\"url\":\"https:\\\/\\\/domiziladresse.zuerich\\\/pt-pt\\\/gtc\\\/\",\"name\":\"GTC - Domiziladresse Z\u00fcrich\",\"isPartOf\":{\"@id\":\"https:\\\/\\\/domiziladresse.zuerich\\\/pt-pt\\\/#website\"},\"datePublished\":\"2024-06-20T21:05:50+00:00\",\"dateModified\":\"2025-08-13T16:08:40+00:00\",\"breadcrumb\":{\"@id\":\"https:\\\/\\\/domiziladresse.zuerich\\\/pt-pt\\\/gtc\\\/#breadcrumb\"},\"inLanguage\":\"pt-PT\",\"potentialAction\":[{\"@type\":\"ReadAction\",\"target\":[\"https:\\\/\\\/domiziladresse.zuerich\\\/pt-pt\\\/gtc\\\/\"]}]},{\"@type\":\"BreadcrumbList\",\"@id\":\"https:\\\/\\\/domiziladresse.zuerich\\\/pt-pt\\\/gtc\\\/#breadcrumb\",\"itemListElement\":[{\"@type\":\"ListItem\",\"position\":1,\"name\":\"Startseite\",\"item\":\"https:\\\/\\\/domiziladresse.zuerich\\\/pt-pt\\\/comeca\\\/\"},{\"@type\":\"ListItem\",\"position\":2,\"name\":\"GTC\"}]},{\"@type\":\"WebSite\",\"@id\":\"https:\\\/\\\/domiziladresse.zuerich\\\/pt-pt\\\/#website\",\"url\":\"https:\\\/\\\/domiziladresse.zuerich\\\/pt-pt\\\/\",\"name\":\"Domiziladresse.Zuerich\",\"description\":\"Ihre Gesch\u00e4ftsadresse in Z\u00fcrich\",\"publisher\":{\"@id\":\"https:\\\/\\\/domiziladresse.zuerich\\\/pt-pt\\\/#organization\"},\"alternateName\":\"Domiziladresse Z\u00fcrich\",\"potentialAction\":[{\"@type\":\"SearchAction\",\"target\":{\"@type\":\"EntryPoint\",\"urlTemplate\":\"https:\\\/\\\/domiziladresse.zuerich\\\/pt-pt\\\/?s={search_term_string}\"},\"query-input\":{\"@type\":\"PropertyValueSpecification\",\"valueRequired\":true,\"valueName\":\"search_term_string\"}}],\"inLanguage\":\"pt-PT\"},{\"@type\":\"Organization\",\"@id\":\"https:\\\/\\\/domiziladresse.zuerich\\\/pt-pt\\\/#organization\",\"name\":\"Domiziladresse Z\u00fcrich\",\"url\":\"https:\\\/\\\/domiziladresse.zuerich\\\/pt-pt\\\/\",\"logo\":{\"@type\":\"ImageObject\",\"inLanguage\":\"pt-PT\",\"@id\":\"https:\\\/\\\/domiziladresse.zuerich\\\/pt-pt\\\/#\\\/schema\\\/logo\\\/image\\\/\",\"url\":\"https:\\\/\\\/domiziladresse.zuerich\\\/wp-content\\\/uploads\\\/2024\\\/02\\\/Emblem.svg\",\"contentUrl\":\"https:\\\/\\\/domiziladresse.zuerich\\\/wp-content\\\/uploads\\\/2024\\\/02\\\/Emblem.svg\",\"width\":\"1024\",\"height\":\"1024\",\"caption\":\"Domiziladresse Z\u00fcrich\"},\"image\":{\"@id\":\"https:\\\/\\\/domiziladresse.zuerich\\\/pt-pt\\\/#\\\/schema\\\/logo\\\/image\\\/\"}}]}<\/script>\n<!-- \/ Yoast SEO plugin. -->","yoast_head_json":{"title":"GTC - Domiziladresse Z\u00fcrich","robots":{"index":"index","follow":"follow","max-snippet":"max-snippet:-1","max-image-preview":"max-image-preview:large","max-video-preview":"max-video-preview:-1"},"canonical":"https:\/\/domiziladresse.zuerich\/pt-pt\/gtc\/","og_locale":"pt_PT","og_type":"article","og_title":"GTC - Domiziladresse Z\u00fcrich","og_url":"https:\/\/domiziladresse.zuerich\/pt-pt\/gtc\/","og_site_name":"Domiziladresse Z\u00fcrich","article_modified_time":"2025-08-13T16:08:40+00:00","twitter_card":"summary_large_image","schema":{"@context":"https:\/\/schema.org","@graph":[{"@type":"WebPage","@id":"https:\/\/domiziladresse.zuerich\/pt-pt\/gtc\/","url":"https:\/\/domiziladresse.zuerich\/pt-pt\/gtc\/","name":"GTC - Domiziladresse Z\u00fcrich","isPartOf":{"@id":"https:\/\/domiziladresse.zuerich\/pt-pt\/#website"},"datePublished":"2024-06-20T21:05:50+00:00","dateModified":"2025-08-13T16:08:40+00:00","breadcrumb":{"@id":"https:\/\/domiziladresse.zuerich\/pt-pt\/gtc\/#breadcrumb"},"inLanguage":"pt-PT","potentialAction":[{"@type":"ReadAction","target":["https:\/\/domiziladresse.zuerich\/pt-pt\/gtc\/"]}]},{"@type":"BreadcrumbList","@id":"https:\/\/domiziladresse.zuerich\/pt-pt\/gtc\/#breadcrumb","itemListElement":[{"@type":"ListItem","position":1,"name":"Startseite","item":"https:\/\/domiziladresse.zuerich\/pt-pt\/comeca\/"},{"@type":"ListItem","position":2,"name":"GTC"}]},{"@type":"WebSite","@id":"https:\/\/domiziladresse.zuerich\/pt-pt\/#website","url":"https:\/\/domiziladresse.zuerich\/pt-pt\/","name":"Domiziladresse.Zuerich","description":"Ihre Gesch\u00e4ftsadresse in Z\u00fcrich","publisher":{"@id":"https:\/\/domiziladresse.zuerich\/pt-pt\/#organization"},"alternateName":"Domiziladresse Z\u00fcrich","potentialAction":[{"@type":"SearchAction","target":{"@type":"EntryPoint","urlTemplate":"https:\/\/domiziladresse.zuerich\/pt-pt\/?s={search_term_string}"},"query-input":{"@type":"PropertyValueSpecification","valueRequired":true,"valueName":"search_term_string"}}],"inLanguage":"pt-PT"},{"@type":"Organization","@id":"https:\/\/domiziladresse.zuerich\/pt-pt\/#organization","name":"Domiziladresse Z\u00fcrich","url":"https:\/\/domiziladresse.zuerich\/pt-pt\/","logo":{"@type":"ImageObject","inLanguage":"pt-PT","@id":"https:\/\/domiziladresse.zuerich\/pt-pt\/#\/schema\/logo\/image\/","url":"https:\/\/domiziladresse.zuerich\/wp-content\/uploads\/2024\/02\/Emblem.svg","contentUrl":"https:\/\/domiziladresse.zuerich\/wp-content\/uploads\/2024\/02\/Emblem.svg","width":"1024","height":"1024","caption":"Domiziladresse Z\u00fcrich"},"image":{"@id":"https:\/\/domiziladresse.zuerich\/pt-pt\/#\/schema\/logo\/image\/"}}]}},"_links":{"self":[{"href":"https:\/\/domiziladresse.zuerich\/pt-pt\/wp-json\/wp\/v2\/pages\/2403","targetHints":{"allow":["GET"]}}],"collection":[{"href":"https:\/\/domiziladresse.zuerich\/pt-pt\/wp-json\/wp\/v2\/pages"}],"about":[{"href":"https:\/\/domiziladresse.zuerich\/pt-pt\/wp-json\/wp\/v2\/types\/page"}],"author":[{"embeddable":true,"href":"https:\/\/domiziladresse.zuerich\/pt-pt\/wp-json\/wp\/v2\/users\/1"}],"replies":[{"embeddable":true,"href":"https:\/\/domiziladresse.zuerich\/pt-pt\/wp-json\/wp\/v2\/comments?post=2403"}],"version-history":[{"count":48,"href":"https:\/\/domiziladresse.zuerich\/pt-pt\/wp-json\/wp\/v2\/pages\/2403\/revisions"}],"predecessor-version":[{"id":4674,"href":"https:\/\/domiziladresse.zuerich\/pt-pt\/wp-json\/wp\/v2\/pages\/2403\/revisions\/4674"}],"wp:attachment":[{"href":"https:\/\/domiziladresse.zuerich\/pt-pt\/wp-json\/wp\/v2\/media?parent=2403"}],"curies":[{"name":"wp","href":"https:\/\/api.w.org\/{rel}","templated":true}]}}