{"id":2551,"date":"2024-02-28T09:22:33","date_gmt":"2024-02-28T08:22:33","guid":{"rendered":"https:\/\/domiziladresse.zuerich\/contacta-nos\/"},"modified":"2025-05-29T19:22:30","modified_gmt":"2025-05-29T17:22:30","slug":"contacta-nos","status":"publish","type":"page","link":"https:\/\/domiziladresse.zuerich\/pt-pt\/contacta-nos\/","title":{"rendered":"Contacta-nos"},"content":{"rendered":"<section class=\"l-section wpb_row height_custom\"><div class=\"l-section-overlay\" style=\"background:var(--color-content-secondary)\"><\/div><div class=\"l-section-h i-cf\"><div class=\"g-cols vc_row via_grid cols_2-1 laptops-cols_inherit tablets-cols_inherit mobiles-cols_1 valign_top type_default stacking_default\"><div class=\"wpb_column vc_column_container\"><div class=\"vc_column-inner\"><div class=\"wpb_text_column us_custom_933613eb\"><div class=\"wpb_wrapper\"><h1>Contacta-nos<\/h1>\n<p>Tem alguma pergunta sobre o domic\u00edlio da empresa ou sobre o nosso servi\u00e7o de domicilia\u00e7\u00e3o? Necessita de outros servi\u00e7os para a sua empresa? Entre em contacto connosco, teremos todo o gosto em ajud\u00e1-lo.<\/p>\n<\/div><\/div><\/div><\/div><div class=\"wpb_column vc_column_container\"><div class=\"vc_column-inner\"><div class=\"w-iconbox iconpos_top style_default color_custom align_center no_text no_title\"><div class=\"w-iconbox-icon\" style=\"font-size:10rem;--icon-color:#111731;\"><i class=\"fas fa-envelope-open-text\"><\/i><\/div><div class=\"w-iconbox-meta\"><\/div><\/div><\/div><\/div><\/div><\/div><\/section><section class=\"l-section wpb_row height_small\"><div class=\"l-section-overlay\" style=\"background:var(--color-content-secondary)\"><\/div><div class=\"l-section-h i-cf\"><div class=\"g-cols vc_row via_grid cols_2 laptops-cols_inherit tablets-cols_inherit mobiles-cols_1 valign_top type_default stacking_default\"><div class=\"wpb_column vc_column_container\"><div class=\"vc_column-inner\"><div class=\"w-vwrapper us_custom_35bbe419 align_left valign_top\" style=\"--vwrapper-gap:0rem\"><div class=\"wpb_text_column\"><div class=\"wpb_wrapper\"><h3>Contactos<\/h3>\n<\/div><\/div><div class=\"w-separator size_medium\"><\/div><div class=\"w-iconbox iconpos_left style_default color_custom align_left no_title\"><div class=\"w-iconbox-icon\" style=\"font-size:2rem;--icon-color:#111731;\"><i class=\"fas fa-map-marker-alt\"><\/i><\/div><div class=\"w-iconbox-meta\"><div class=\"w-iconbox-text\"><h5><strong>Domiziladresse Z\u00fcrich<\/strong><br \/>\nGeneral-Wille-Strasse 19<br \/>\nCH-8002 Zurique<br \/>\nSu\u00ed\u00e7a<\/h5>\n<\/div><\/div><\/div><div class=\"w-separator size_small\"><\/div><div class=\"w-iconbox iconpos_left style_default color_custom align_left no_text\"><a href=\"tel:+41433440505\" class=\"w-iconbox-link\" aria-label=\"+41 43 344 05 05\"><div class=\"w-iconbox-icon\" style=\"font-size:2rem;--icon-color:#111731;\"><i class=\"fas fa-phone\"><\/i><\/div><\/a><div class=\"w-iconbox-meta\"><h5 class=\"w-iconbox-title\"><a href=\"tel:+41433440505\" class=\"w-iconbox-link\" aria-label=\"+41 43 344 05 05\">+41 43 344 05 05<\/a><\/h5><\/div><\/div><div class=\"w-separator size_small\"><\/div><div class=\"w-iconbox iconpos_left style_default color_custom align_left no_text\"><a href=\"mailto:info@domiziladresse.zuerich\" class=\"w-iconbox-link\" aria-label=\"info@domiziladresse.zuerich\"><div class=\"w-iconbox-icon\" style=\"font-size:2rem;--icon-color:#111731;\"><i class=\"fas fa-envelope\"><\/i><\/div><\/a><div class=\"w-iconbox-meta\"><h5 class=\"w-iconbox-title\"><a href=\"mailto:info@domiziladresse.zuerich\" class=\"w-iconbox-link\" aria-label=\"info@domiziladresse.zuerich\">info@domiziladresse.zuerich<\/a><\/h5><\/div><\/div><div class=\"w-separator size_small\"><\/div><div class=\"w-iconbox iconpos_left style_default color_custom align_left no_title\"><div class=\"w-iconbox-icon\" style=\"font-size:2rem;--icon-color:#111731;\"><i class=\"fas fa-history\"><\/i><\/div><div class=\"w-iconbox-meta\"><div class=\"w-iconbox-text\"><h5><strong>Hor\u00e1rio de funcionamento<\/strong><br \/>\nDe segunda a sexta-feira, das 8:30 \u00e0s 11:30 e das 14:00 \u00e0s 17:00.<\/h5>\n<\/div><\/div><\/div><div class=\"w-separator size_small\"><\/div><\/div><div class=\"w-map provider_google us_custom_70a06708\" id=\"us_map_1\"><div class=\"w-map-inner\"><div class=\"w-map-json\" onclick='return {&quot;address&quot;:&quot;General-Wille-Strasse 19, 8002 Z\\u00fcrich&quot;,&quot;disableDragging&quot;:0,&quot;disableZoom&quot;:1,&quot;hideControls&quot;:1,&quot;zoom&quot;:13,&quot;markers&quot;:[{&quot;address&quot;:&quot;General-Wille-Strasse 19, 8002 Z\\u00fcrich&quot;,&quot;html&quot;:&quot;&lt;h6&gt;Endere\\u00e7o do domic\\u00edlio: Zurique&lt;\\\/h6&gt;&lt;p&gt;General-Wille-Strasse 19, 8002 Z\\u00fcrich&lt;\\\/p&gt;&quot;,&quot;infowindow&quot;:0}],&quot;maptype&quot;:&quot;ROADMAP&quot;}'><\/div><\/div><\/div><\/div><\/div><div class=\"wpb_column vc_column_container\"><div class=\"vc_column-inner\"><div class=\"w-vwrapper us_custom_6b29534d align_left valign_top\" style=\"--vwrapper-gap:0rem\"><div class=\"wpb_text_column\"><div class=\"wpb_wrapper\"><h3>Formul\u00e1rio de contacto<\/h3>\n<p>Por favor, introduza a sua mensagem no formul\u00e1rio abaixo.<\/p>\n<\/div><\/div><div class=\"w-separator size_small\"><\/div>\n<div class=\"wpcf7 no-js\" id=\"wpcf7-f2825-o1\" lang=\"pt-PT\" dir=\"ltr\" data-wpcf7-id=\"2825\">\n<div class=\"screen-reader-response\"><p role=\"status\" aria-live=\"polite\" aria-atomic=\"true\"><\/p> <ul><\/ul><\/div>\n<form action=\"\/pt-pt\/wp-json\/wp\/v2\/pages\/2551#wpcf7-f2825-o1\" method=\"post\" class=\"wpcf7-form init\" aria-label=\"Formul\u00e1rio de contacto\" novalidate=\"novalidate\" data-status=\"init\">\n<fieldset class=\"hidden-fields-container\"><input type=\"hidden\" name=\"_wpcf7\" value=\"2825\" \/><input type=\"hidden\" name=\"_wpcf7_version\" value=\"6.1.5\" \/><input type=\"hidden\" name=\"_wpcf7_locale\" value=\"pt_PT\" \/><input type=\"hidden\" name=\"_wpcf7_unit_tag\" value=\"wpcf7-f2825-o1\" \/><input type=\"hidden\" name=\"_wpcf7_container_post\" value=\"0\" \/><input type=\"hidden\" name=\"_wpcf7_posted_data_hash\" value=\"\" \/><input type=\"hidden\" name=\"_wpcf7cf_hidden_group_fields\" value=\"[]\" \/><input type=\"hidden\" name=\"_wpcf7cf_hidden_groups\" value=\"[]\" \/><input type=\"hidden\" name=\"_wpcf7cf_visible_groups\" value=\"[]\" \/><input type=\"hidden\" name=\"_wpcf7cf_repeaters\" value=\"[]\" \/><input type=\"hidden\" name=\"_wpcf7cf_steps\" value=\"{}\" \/><input type=\"hidden\" name=\"_wpcf7cf_options\" value=\"{&quot;form_id&quot;:2825,&quot;conditions&quot;:[],&quot;settings&quot;:{&quot;animation&quot;:&quot;yes&quot;,&quot;animation_intime&quot;:200,&quot;animation_outtime&quot;:200,&quot;conditions_ui&quot;:&quot;normal&quot;,&quot;notice_dismissed&quot;:false,&quot;notice_dismissed_rollback-cf7-5.9.3&quot;:true,&quot;notice_dismissed_rollback-cf7-5.9.5&quot;:true,&quot;notice_dismissed_rollback-cf7-6.0.4&quot;:true,&quot;notice_dismissed_update-cf7-6.1.1&quot;:true,&quot;notice_dismissed_update-cf7-6.1.5&quot;:true}}\" \/><input type=\"hidden\" name=\"_wpcf7_recaptcha_response\" value=\"\" \/>\n<\/fieldset>\n<p><span class=\"wpcf7-form-control-wrap\" data-name=\"your-name\"><input size=\"40\" maxlength=\"400\" class=\"wpcf7-form-control wpcf7-text wpcf7-validates-as-required\" aria-required=\"true\" aria-invalid=\"false\" placeholder=\"Nome *\" value=\"\" type=\"text\" name=\"your-name\" \/><\/span>\n<\/p>\n<p><span class=\"wpcf7-form-control-wrap\" data-name=\"your-email\"><input size=\"40\" maxlength=\"400\" class=\"wpcf7-form-control wpcf7-email wpcf7-validates-as-required wpcf7-text wpcf7-validates-as-email\" aria-required=\"true\" aria-invalid=\"false\" placeholder=\"Correio eletr\u00f3nico *\" value=\"\" type=\"email\" name=\"your-email\" \/><\/span>\n<\/p>\n<p><span class=\"wpcf7-form-control-wrap\" data-name=\"your-phone\"><input size=\"40\" maxlength=\"400\" class=\"wpcf7-form-control wpcf7-tel wpcf7-text wpcf7-validates-as-tel\" aria-invalid=\"false\" placeholder=\"Telefone\" value=\"\" type=\"tel\" name=\"your-phone\" \/><\/span>\n<\/p>\n<p><span class=\"wpcf7-form-control-wrap\" data-name=\"your-message\"><textarea cols=\"40\" rows=\"10\" maxlength=\"2000\" class=\"wpcf7-form-control wpcf7-textarea wpcf7-validates-as-required\" aria-required=\"true\" aria-invalid=\"false\" placeholder=\"Mensagem *\" name=\"your-message\"><\/textarea><\/span>\n<\/p>\n<p><input class=\"wpcf7-form-control wpcf7-submit has-spinner\" type=\"submit\" value=\"Envia\" \/>\n<\/p><div class=\"wpcf7-response-output\" aria-hidden=\"true\"><\/div>\n<\/form>\n<\/div>\n<\/div><\/div><\/div><\/div><\/div><\/section>\n","protected":false},"excerpt":{"rendered":"Contacta-nos Tem alguma pergunta sobre o domic\u00edlio da empresa ou sobre o nosso servi\u00e7o de domicilia\u00e7\u00e3o? Necessita de outros servi\u00e7os para a sua empresa? Entre em contacto connosco, teremos todo o gosto em ajud\u00e1-lo. Contactos Domiziladresse Z\u00fcrich General-Wille-Strasse 19 CH-8002 Zurique Su\u00ed\u00e7a +41 43 344 05 05info@domiziladresse.zuerichHor\u00e1rio de funcionamento De segunda a sexta-feira, das 8:30...","protected":false},"author":1,"featured_media":0,"parent":0,"menu_order":0,"comment_status":"closed","ping_status":"closed","template":"","meta":{"footnotes":""},"class_list":["post-2551","page","type-page","status-publish","hentry"],"yoast_head":"<!-- This site is optimized with the Yoast SEO plugin v27.3 - https:\/\/yoast.com\/product\/yoast-seo-wordpress\/ -->\n<title>Domic\u00edlio da empresa em 8002 Zurique: Entrar em contacto agora.<\/title>\n<meta name=\"description\" content=\"Tem alguma pergunta sobre o domic\u00edlio da empresa ou sobre o nosso servi\u00e7o de domicilia\u00e7\u00e3o? Necessita de outros servi\u00e7os para a sua empresa? Ligar agora!\" \/>\n<meta name=\"robots\" content=\"index, follow, max-snippet:-1, max-image-preview:large, max-video-preview:-1\" \/>\n<link rel=\"canonical\" href=\"https:\/\/domiziladresse.zuerich\/pt-pt\/contacta-nos\/\" \/>\n<meta property=\"og:locale\" content=\"pt_PT\" \/>\n<meta property=\"og:type\" content=\"article\" \/>\n<meta property=\"og:title\" content=\"Domic\u00edlio da empresa em 8002 Zurique: Entrar em contacto agora.\" \/>\n<meta property=\"og:description\" content=\"Tem alguma pergunta sobre o domic\u00edlio da empresa ou sobre o nosso servi\u00e7o de domicilia\u00e7\u00e3o? Necessita de outros servi\u00e7os para a sua empresa? Ligar agora!\" \/>\n<meta property=\"og:url\" content=\"https:\/\/domiziladresse.zuerich\/pt-pt\/contacta-nos\/\" \/>\n<meta property=\"og:site_name\" content=\"Domiziladresse Z\u00fcrich\" \/>\n<meta property=\"article:modified_time\" content=\"2025-05-29T17:22:30+00:00\" \/>\n<meta name=\"twitter:card\" content=\"summary_large_image\" \/>\n<meta name=\"twitter:label1\" content=\"Tempo estimado de leitura\" \/>\n\t<meta name=\"twitter:data1\" content=\"4 minutos\" \/>\n<script type=\"application\/ld+json\" class=\"yoast-schema-graph\">{\"@context\":\"https:\\\/\\\/schema.org\",\"@graph\":[{\"@type\":\"WebPage\",\"@id\":\"https:\\\/\\\/domiziladresse.zuerich\\\/pt-pt\\\/contacta-nos\\\/\",\"url\":\"https:\\\/\\\/domiziladresse.zuerich\\\/pt-pt\\\/contacta-nos\\\/\",\"name\":\"Domic\u00edlio da empresa em 8002 Zurique: Entrar em contacto agora.\",\"isPartOf\":{\"@id\":\"https:\\\/\\\/domiziladresse.zuerich\\\/pt-pt\\\/#website\"},\"datePublished\":\"2024-02-28T08:22:33+00:00\",\"dateModified\":\"2025-05-29T17:22:30+00:00\",\"description\":\"Tem alguma pergunta sobre o domic\u00edlio da empresa ou sobre o nosso servi\u00e7o de domicilia\u00e7\u00e3o? Necessita de outros servi\u00e7os para a sua empresa? Ligar agora!\",\"breadcrumb\":{\"@id\":\"https:\\\/\\\/domiziladresse.zuerich\\\/pt-pt\\\/contacta-nos\\\/#breadcrumb\"},\"inLanguage\":\"pt-PT\",\"potentialAction\":[{\"@type\":\"ReadAction\",\"target\":[\"https:\\\/\\\/domiziladresse.zuerich\\\/pt-pt\\\/contacta-nos\\\/\"]}]},{\"@type\":\"BreadcrumbList\",\"@id\":\"https:\\\/\\\/domiziladresse.zuerich\\\/pt-pt\\\/contacta-nos\\\/#breadcrumb\",\"itemListElement\":[{\"@type\":\"ListItem\",\"position\":1,\"name\":\"Startseite\",\"item\":\"https:\\\/\\\/domiziladresse.zuerich\\\/pt-pt\\\/comeca\\\/\"},{\"@type\":\"ListItem\",\"position\":2,\"name\":\"Contacta-nos\"}]},{\"@type\":\"WebSite\",\"@id\":\"https:\\\/\\\/domiziladresse.zuerich\\\/pt-pt\\\/#website\",\"url\":\"https:\\\/\\\/domiziladresse.zuerich\\\/pt-pt\\\/\",\"name\":\"Domiziladresse.Zuerich\",\"description\":\"Ihre Gesch\u00e4ftsadresse in Z\u00fcrich\",\"publisher\":{\"@id\":\"https:\\\/\\\/domiziladresse.zuerich\\\/pt-pt\\\/#organization\"},\"alternateName\":\"Domiziladresse Z\u00fcrich\",\"potentialAction\":[{\"@type\":\"SearchAction\",\"target\":{\"@type\":\"EntryPoint\",\"urlTemplate\":\"https:\\\/\\\/domiziladresse.zuerich\\\/pt-pt\\\/?s={search_term_string}\"},\"query-input\":{\"@type\":\"PropertyValueSpecification\",\"valueRequired\":true,\"valueName\":\"search_term_string\"}}],\"inLanguage\":\"pt-PT\"},{\"@type\":\"Organization\",\"@id\":\"https:\\\/\\\/domiziladresse.zuerich\\\/pt-pt\\\/#organization\",\"name\":\"Domiziladresse Z\u00fcrich\",\"url\":\"https:\\\/\\\/domiziladresse.zuerich\\\/pt-pt\\\/\",\"logo\":{\"@type\":\"ImageObject\",\"inLanguage\":\"pt-PT\",\"@id\":\"https:\\\/\\\/domiziladresse.zuerich\\\/pt-pt\\\/#\\\/schema\\\/logo\\\/image\\\/\",\"url\":\"https:\\\/\\\/domiziladresse.zuerich\\\/wp-content\\\/uploads\\\/2024\\\/02\\\/Emblem.svg\",\"contentUrl\":\"https:\\\/\\\/domiziladresse.zuerich\\\/wp-content\\\/uploads\\\/2024\\\/02\\\/Emblem.svg\",\"width\":\"1024\",\"height\":\"1024\",\"caption\":\"Domiziladresse Z\u00fcrich\"},\"image\":{\"@id\":\"https:\\\/\\\/domiziladresse.zuerich\\\/pt-pt\\\/#\\\/schema\\\/logo\\\/image\\\/\"}}]}<\/script>\n<!-- \/ Yoast SEO plugin. -->","yoast_head_json":{"title":"Domic\u00edlio da empresa em 8002 Zurique: Entrar em contacto agora.","description":"Tem alguma pergunta sobre o domic\u00edlio da empresa ou sobre o nosso servi\u00e7o de domicilia\u00e7\u00e3o? Necessita de outros servi\u00e7os para a sua empresa? Ligar agora!","robots":{"index":"index","follow":"follow","max-snippet":"max-snippet:-1","max-image-preview":"max-image-preview:large","max-video-preview":"max-video-preview:-1"},"canonical":"https:\/\/domiziladresse.zuerich\/pt-pt\/contacta-nos\/","og_locale":"pt_PT","og_type":"article","og_title":"Domic\u00edlio da empresa em 8002 Zurique: Entrar em contacto agora.","og_description":"Tem alguma pergunta sobre o domic\u00edlio da empresa ou sobre o nosso servi\u00e7o de domicilia\u00e7\u00e3o? Necessita de outros servi\u00e7os para a sua empresa? Ligar agora!","og_url":"https:\/\/domiziladresse.zuerich\/pt-pt\/contacta-nos\/","og_site_name":"Domiziladresse Z\u00fcrich","article_modified_time":"2025-05-29T17:22:30+00:00","twitter_card":"summary_large_image","twitter_misc":{"Tempo estimado de leitura":"4 minutos"},"schema":{"@context":"https:\/\/schema.org","@graph":[{"@type":"WebPage","@id":"https:\/\/domiziladresse.zuerich\/pt-pt\/contacta-nos\/","url":"https:\/\/domiziladresse.zuerich\/pt-pt\/contacta-nos\/","name":"Domic\u00edlio da empresa em 8002 Zurique: Entrar em contacto agora.","isPartOf":{"@id":"https:\/\/domiziladresse.zuerich\/pt-pt\/#website"},"datePublished":"2024-02-28T08:22:33+00:00","dateModified":"2025-05-29T17:22:30+00:00","description":"Tem alguma pergunta sobre o domic\u00edlio da empresa ou sobre o nosso servi\u00e7o de domicilia\u00e7\u00e3o? Necessita de outros servi\u00e7os para a sua empresa? Ligar agora!","breadcrumb":{"@id":"https:\/\/domiziladresse.zuerich\/pt-pt\/contacta-nos\/#breadcrumb"},"inLanguage":"pt-PT","potentialAction":[{"@type":"ReadAction","target":["https:\/\/domiziladresse.zuerich\/pt-pt\/contacta-nos\/"]}]},{"@type":"BreadcrumbList","@id":"https:\/\/domiziladresse.zuerich\/pt-pt\/contacta-nos\/#breadcrumb","itemListElement":[{"@type":"ListItem","position":1,"name":"Startseite","item":"https:\/\/domiziladresse.zuerich\/pt-pt\/comeca\/"},{"@type":"ListItem","position":2,"name":"Contacta-nos"}]},{"@type":"WebSite","@id":"https:\/\/domiziladresse.zuerich\/pt-pt\/#website","url":"https:\/\/domiziladresse.zuerich\/pt-pt\/","name":"Domiziladresse.Zuerich","description":"Ihre Gesch\u00e4ftsadresse in Z\u00fcrich","publisher":{"@id":"https:\/\/domiziladresse.zuerich\/pt-pt\/#organization"},"alternateName":"Domiziladresse Z\u00fcrich","potentialAction":[{"@type":"SearchAction","target":{"@type":"EntryPoint","urlTemplate":"https:\/\/domiziladresse.zuerich\/pt-pt\/?s={search_term_string}"},"query-input":{"@type":"PropertyValueSpecification","valueRequired":true,"valueName":"search_term_string"}}],"inLanguage":"pt-PT"},{"@type":"Organization","@id":"https:\/\/domiziladresse.zuerich\/pt-pt\/#organization","name":"Domiziladresse Z\u00fcrich","url":"https:\/\/domiziladresse.zuerich\/pt-pt\/","logo":{"@type":"ImageObject","inLanguage":"pt-PT","@id":"https:\/\/domiziladresse.zuerich\/pt-pt\/#\/schema\/logo\/image\/","url":"https:\/\/domiziladresse.zuerich\/wp-content\/uploads\/2024\/02\/Emblem.svg","contentUrl":"https:\/\/domiziladresse.zuerich\/wp-content\/uploads\/2024\/02\/Emblem.svg","width":"1024","height":"1024","caption":"Domiziladresse Z\u00fcrich"},"image":{"@id":"https:\/\/domiziladresse.zuerich\/pt-pt\/#\/schema\/logo\/image\/"}}]}},"_links":{"self":[{"href":"https:\/\/domiziladresse.zuerich\/pt-pt\/wp-json\/wp\/v2\/pages\/2551","targetHints":{"allow":["GET"]}}],"collection":[{"href":"https:\/\/domiziladresse.zuerich\/pt-pt\/wp-json\/wp\/v2\/pages"}],"about":[{"href":"https:\/\/domiziladresse.zuerich\/pt-pt\/wp-json\/wp\/v2\/types\/page"}],"author":[{"embeddable":true,"href":"https:\/\/domiziladresse.zuerich\/pt-pt\/wp-json\/wp\/v2\/users\/1"}],"replies":[{"embeddable":true,"href":"https:\/\/domiziladresse.zuerich\/pt-pt\/wp-json\/wp\/v2\/comments?post=2551"}],"version-history":[{"count":20,"href":"https:\/\/domiziladresse.zuerich\/pt-pt\/wp-json\/wp\/v2\/pages\/2551\/revisions"}],"predecessor-version":[{"id":4616,"href":"https:\/\/domiziladresse.zuerich\/pt-pt\/wp-json\/wp\/v2\/pages\/2551\/revisions\/4616"}],"wp:attachment":[{"href":"https:\/\/domiziladresse.zuerich\/pt-pt\/wp-json\/wp\/v2\/media?parent=2551"}],"curies":[{"name":"wp","href":"https:\/\/api.w.org\/{rel}","templated":true}]}}