{"id":2559,"date":"2024-02-28T10:04:55","date_gmt":"2024-02-28T09:04:55","guid":{"rendered":"https:\/\/domiziladresse.zuerich\/encomenda\/"},"modified":"2024-10-20T15:40:08","modified_gmt":"2024-10-20T13:40:08","slug":"encomenda","status":"publish","type":"page","link":"https:\/\/domiziladresse.zuerich\/pt-pt\/encomenda\/","title":{"rendered":"encomenda"},"content":{"rendered":"<section class=\"l-section wpb_row height_custom color_primary\"><div class=\"l-section-h i-cf\"><div class=\"g-cols vc_row via_grid cols_1 laptops-cols_inherit tablets-cols_inherit mobiles-cols_1 valign_top type_default stacking_default\"><div class=\"wpb_column vc_column_container\"><div class=\"vc_column-inner\"><div class=\"wpb_text_column\"><div class=\"wpb_wrapper\"><h1>Solicitar endere\u00e7o do domic\u00edlio<\/h1>\n<p>Preenche o formul\u00e1rio abaixo para reservar um endere\u00e7o de domic\u00edlio e solicitar quaisquer servi\u00e7os adicionais. A rela\u00e7\u00e3o contratual s\u00f3 entra em vigor quando a reserva \u00e9 confirmada pela Domiziladresse.zuerich.<\/p>\n<\/div><\/div><\/div><\/div><\/div><\/div><\/section><section class=\"l-section wpb_row height_auto color_primary\"><div class=\"l-section-h i-cf\"><div class=\"g-cols vc_row via_grid cols_2 laptops-cols_inherit tablets-cols_inherit mobiles-cols_1 valign_top type_default stacking_default\"><div class=\"wpb_column vc_column_container\"><div class=\"vc_column-inner\">\n<div class=\"wpcf7 no-js\" id=\"wpcf7-f2824-o1\" lang=\"pt-PT\" dir=\"ltr\" data-wpcf7-id=\"2824\">\n<div class=\"screen-reader-response\"><p role=\"status\" aria-live=\"polite\" aria-atomic=\"true\"><\/p> <ul><\/ul><\/div>\n<form action=\"\/pt-pt\/wp-json\/wp\/v2\/pages\/2559#wpcf7-f2824-o1\" method=\"post\" class=\"wpcf7-form init\" aria-label=\"Formul\u00e1rio de contacto\" novalidate=\"novalidate\" data-status=\"init\">\n<fieldset class=\"hidden-fields-container\"><input type=\"hidden\" name=\"_wpcf7\" value=\"2824\" \/><input type=\"hidden\" name=\"_wpcf7_version\" value=\"6.1.5\" \/><input type=\"hidden\" name=\"_wpcf7_locale\" value=\"pt_PT\" \/><input type=\"hidden\" name=\"_wpcf7_unit_tag\" value=\"wpcf7-f2824-o1\" \/><input type=\"hidden\" name=\"_wpcf7_container_post\" value=\"0\" \/><input type=\"hidden\" name=\"_wpcf7_posted_data_hash\" value=\"\" \/><input type=\"hidden\" name=\"_wpcf7cf_hidden_group_fields\" value=\"[]\" \/><input type=\"hidden\" name=\"_wpcf7cf_hidden_groups\" value=\"[]\" \/><input type=\"hidden\" name=\"_wpcf7cf_visible_groups\" value=\"[]\" \/><input type=\"hidden\" name=\"_wpcf7cf_repeaters\" value=\"[]\" \/><input type=\"hidden\" name=\"_wpcf7cf_steps\" value=\"{}\" \/><input type=\"hidden\" name=\"_wpcf7cf_options\" value=\"{&quot;form_id&quot;:2824,&quot;conditions&quot;:[{&quot;then_field&quot;:&quot;group-foreward&quot;,&quot;and_rules&quot;:[{&quot;if_field&quot;:&quot;your-foreward&quot;,&quot;operator&quot;:&quot;equals&quot;,&quot;if_value&quot;:&quot;para outro endere\\u00e7o&quot;}]},{&quot;then_field&quot;:&quot;group-scan-standard&quot;,&quot;and_rules&quot;:[{&quot;if_field&quot;:&quot;your-plan&quot;,&quot;operator&quot;:&quot;equals&quot;,&quot;if_value&quot;:&quot;Standard: CHF 99\\\/m\\u00eas mais IVA + portes de envio&quot;}]},{&quot;then_field&quot;:&quot;group-scan-premium&quot;,&quot;and_rules&quot;:[{&quot;if_field&quot;:&quot;your-plan&quot;,&quot;operator&quot;:&quot;equals&quot;,&quot;if_value&quot;:&quot;Pr\\u00e9mio: CHF 149\\\/m\\u00eas mais IVA + portes de envio&quot;}]}],&quot;settings&quot;:{&quot;animation&quot;:&quot;yes&quot;,&quot;animation_intime&quot;:200,&quot;animation_outtime&quot;:200,&quot;conditions_ui&quot;:&quot;normal&quot;,&quot;notice_dismissed&quot;:false,&quot;repeater_remove_button&quot;:&quot;bottom&quot;,&quot;notice_dismissed_rollback-cf7-5.9.3&quot;:true,&quot;notice_dismissed_rollback-cf7-5.9.5&quot;:true,&quot;notice_dismissed_rollback-cf7-6.0.4&quot;:true,&quot;notice_dismissed_update-cf7-6.1.1&quot;:true,&quot;notice_dismissed_update-cf7-6.1.5&quot;:true}}\" \/><input type=\"hidden\" name=\"_wpcf7_recaptcha_response\" value=\"\" \/>\n<\/fieldset>\n<p><span class=\"wpcf7-form-control-wrap\" data-name=\"your-company\"><input size=\"40\" maxlength=\"400\" class=\"wpcf7-form-control wpcf7-text\" aria-invalid=\"false\" placeholder=\"Empresa\" value=\"\" type=\"text\" name=\"your-company\" \/><\/span>\n<\/p>\n<p><span class=\"wpcf7-form-control-wrap\" data-name=\"company-exists\"><span class=\"wpcf7-form-control wpcf7-checkbox\"><span class=\"wpcf7-list-item first last\"><label><input type=\"checkbox\" name=\"company-exists[]\" value=\"Empresa ainda n\u00e3o fundada\" \/><span class=\"wpcf7-list-item-label\">Empresa ainda n\u00e3o fundada<\/span><\/label><\/span><\/span><\/span>\n<\/p>\n<p><span class=\"wpcf7-form-control-wrap\" data-name=\"your-sex\"><select class=\"wpcf7-form-control wpcf7-select wpcf7-validates-as-required\" aria-required=\"true\" aria-invalid=\"false\" name=\"your-sex\"><option value=\"\">&#8212;Por favor escolha uma op\u00e7\u00e3o&#8212;<\/option><option value=\"Senhora\">Senhora<\/option><option value=\"Senhor\">Senhor<\/option><\/select><\/span>\n<\/p>\n<p><span class=\"wpcf7-form-control-wrap\" data-name=\"your-firstname\"><input size=\"40\" maxlength=\"400\" class=\"wpcf7-form-control wpcf7-text wpcf7-validates-as-required\" aria-required=\"true\" aria-invalid=\"false\" placeholder=\"Nome pr\u00f3prio *\" value=\"\" type=\"text\" name=\"your-firstname\" \/><\/span>\n<\/p>\n<p><span class=\"wpcf7-form-control-wrap\" data-name=\"your-name\"><input size=\"40\" maxlength=\"400\" class=\"wpcf7-form-control wpcf7-text wpcf7-validates-as-required\" aria-required=\"true\" aria-invalid=\"false\" placeholder=\"Apelido *\" value=\"\" type=\"text\" name=\"your-name\" \/><\/span>\n<\/p>\n<p><span class=\"wpcf7-form-control-wrap\" data-name=\"your-street\"><input size=\"40\" maxlength=\"400\" class=\"wpcf7-form-control wpcf7-text wpcf7-validates-as-required\" aria-required=\"true\" aria-invalid=\"false\" placeholder=\"Rua e n\u00famero *\" value=\"\" type=\"text\" name=\"your-street\" \/><\/span>\n<\/p>\n<p><span class=\"wpcf7-form-control-wrap\" data-name=\"your-place\"><input size=\"40\" maxlength=\"400\" class=\"wpcf7-form-control wpcf7-text wpcf7-validates-as-required\" aria-required=\"true\" aria-invalid=\"false\" placeholder=\"C\u00f3digo postal e localidade*\" value=\"\" type=\"text\" name=\"your-place\" \/><\/span>\n<\/p>\n<p><span class=\"wpcf7-form-control-wrap\" data-name=\"your-country\"><input size=\"40\" maxlength=\"400\" class=\"wpcf7-form-control wpcf7-text wpcf7-validates-as-required\" aria-required=\"true\" aria-invalid=\"false\" placeholder=\"Pa\u00eds *\" value=\"\" type=\"text\" name=\"your-country\" \/><\/span>\n<\/p>\n<p><span class=\"wpcf7-form-control-wrap\" data-name=\"your-email\"><input size=\"40\" maxlength=\"400\" class=\"wpcf7-form-control wpcf7-email wpcf7-validates-as-required wpcf7-text wpcf7-validates-as-email\" aria-required=\"true\" aria-invalid=\"false\" placeholder=\"Correio eletr\u00f3nico *\" value=\"\" type=\"email\" name=\"your-email\" \/><\/span>\n<\/p>\n<p><span class=\"wpcf7-form-control-wrap\" data-name=\"your-phone\"><input size=\"40\" maxlength=\"400\" class=\"wpcf7-form-control wpcf7-tel wpcf7-validates-as-required wpcf7-text wpcf7-validates-as-tel\" aria-required=\"true\" aria-invalid=\"false\" placeholder=\"Telefone *\" value=\"\" type=\"tel\" name=\"your-phone\" \/><\/span>\n<\/p>\n<p>-----------------------\n<\/p>\n<p>Seleciona a subscri\u00e7\u00e3o do endere\u00e7o de domic\u00edlio:<br \/>\n<span class=\"wpcf7-form-control-wrap\" data-name=\"your-plan\"><select class=\"wpcf7-form-control wpcf7-select wpcf7-validates-as-required\" aria-required=\"true\" aria-invalid=\"false\" name=\"your-plan\"><option value=\"\">&#8212;Por favor escolha uma op\u00e7\u00e3o&#8212;<\/option><option value=\"Budget: CHF 79\/m\u00eas mais IVA + portes de envio\">Budget: CHF 79\/m\u00eas mais IVA + portes de envio<\/option><option value=\"Standard: CHF 99\/m\u00eas mais IVA + portes de envio\">Standard: CHF 99\/m\u00eas mais IVA + portes de envio<\/option><option value=\"Pr\u00e9mio: CHF 149\/m\u00eas mais IVA + portes de envio\">Pr\u00e9mio: CHF 149\/m\u00eas mais IVA + portes de envio<\/option><\/select><\/span>\n<\/p>\n<div data-id=\"group-scan-standard\" data-orig_data_id=\"group-scan-standard\"  class=\"\" data-class=\"wpcf7cf_group\">\n\t<p><span class=\"wpcf7-form-control-wrap\" data-name=\"checkbox-scan-standard\"><span class=\"wpcf7-form-control wpcf7-checkbox\"><span class=\"wpcf7-list-item first last\"><label><input type=\"checkbox\" name=\"checkbox-scan-standard[]\" value=\"Servi\u00e7o de digitaliza\u00e7\u00e3o por CHF 39 mais IVA\" \/><span class=\"wpcf7-list-item-label\">Servi\u00e7o de digitaliza\u00e7\u00e3o por CHF 39 mais IVA<\/span><\/label><\/span><\/span><\/span><br \/>\n-----------------------\n\t<\/p>\n<\/div>\n<div data-id=\"group-scan-premium\" data-orig_data_id=\"group-scan-premium\"  class=\"\" data-class=\"wpcf7cf_group\">\n\t<p><span class=\"wpcf7-form-control-wrap\" data-name=\"checkbox-scan-premium\"><span class=\"wpcf7-form-control wpcf7-checkbox\"><span class=\"wpcf7-list-item first last\"><label><input type=\"checkbox\" name=\"checkbox-scan-premium[]\" value=\"Servi\u00e7o de digitaliza\u00e7\u00e3o por CHF 49 mais IVA\" \/><span class=\"wpcf7-list-item-label\">Servi\u00e7o de digitaliza\u00e7\u00e3o por CHF 49 mais IVA<\/span><\/label><\/span><\/span><\/span><br \/>\n-----------------------\n\t<\/p>\n<\/div>\n<p>Seleciona a data de in\u00edcio da subscri\u00e7\u00e3o (em 7 dias, no m\u00ednimo):<br \/>\n<span class=\"wpcf7-form-control-wrap\" data-name=\"date_start\"><input class=\"wpcf7-form-control wpcf7-date wpcf7-validates-as-required wpcf7-validates-as-date\" min=\"2026-05-09\" aria-required=\"true\" aria-invalid=\"false\" value=\"\" type=\"date\" name=\"date_start\" \/><\/span><br \/>\nPara que endere\u00e7o deves reencaminhar o correio?<br \/>\n<span class=\"wpcf7-form-control-wrap\" data-name=\"your-foreward\"><select class=\"wpcf7-form-control wpcf7-select wpcf7-validates-as-required\" aria-required=\"true\" aria-invalid=\"false\" name=\"your-foreward\"><option value=\"\">&#8212;Por favor escolha uma op\u00e7\u00e3o&#8212;<\/option><option value=\"para o endere\u00e7o acima indicado COM a empresa\">para o endere\u00e7o acima indicado COM a empresa<\/option><option value=\"para o endere\u00e7o acima indicado SEM empresa\">para o endere\u00e7o acima indicado SEM empresa<\/option><option value=\"para outro endere\u00e7o\">para outro endere\u00e7o<\/option><\/select><\/span>\n<\/p>\n<div data-id=\"group-foreward\" data-orig_data_id=\"group-foreward\"  class=\"\" data-class=\"wpcf7cf_group\">\n\t<p><span class=\"wpcf7-form-control-wrap\" data-name=\"your-name2\"><input size=\"40\" maxlength=\"400\" class=\"wpcf7-form-control wpcf7-text wpcf7-validates-as-required\" aria-required=\"true\" aria-invalid=\"false\" placeholder=\"Nome ou empresa *\" value=\"\" type=\"text\" name=\"your-name2\" \/><\/span><br \/>\n<span class=\"wpcf7-form-control-wrap\" data-name=\"your-street2\"><input size=\"40\" maxlength=\"400\" class=\"wpcf7-form-control wpcf7-text wpcf7-validates-as-required\" aria-required=\"true\" aria-invalid=\"false\" placeholder=\"Rua e n\u00famero *\" value=\"\" type=\"text\" name=\"your-street2\" \/><\/span><br \/>\n<span class=\"wpcf7-form-control-wrap\" data-name=\"your-place2\"><input size=\"40\" maxlength=\"400\" class=\"wpcf7-form-control wpcf7-text wpcf7-validates-as-required\" aria-required=\"true\" aria-invalid=\"false\" placeholder=\"C\u00f3digo postal e localidade *\" value=\"\" type=\"text\" name=\"your-place2\" \/><\/span><br \/>\n<span class=\"wpcf7-form-control-wrap\" data-name=\"your-country2\"><input size=\"40\" maxlength=\"400\" class=\"wpcf7-form-control wpcf7-text wpcf7-validates-as-required\" aria-required=\"true\" aria-invalid=\"false\" placeholder=\"Pa\u00eds *\" value=\"\" type=\"text\" name=\"your-country2\" \/><\/span>\n\t<\/p>\n<\/div>\n<p>Declara\u00e7\u00e3o de aceita\u00e7\u00e3o de domic\u00edlio \/ mudan\u00e7a de endere\u00e7o no registo comercial:<br \/>\n<span class=\"wpcf7-form-control-wrap\" data-name=\"menu-HR\"><select class=\"wpcf7-form-control wpcf7-select\" aria-invalid=\"false\" name=\"menu-HR\"><option value=\"Declara\u00e7\u00e3o de aceita\u00e7\u00e3o de domic\u00edlio N\u00c3O desejada\">Declara\u00e7\u00e3o de aceita\u00e7\u00e3o de domic\u00edlio N\u00c3O desejada<\/option><option value=\"Declara\u00e7\u00e3o de aceita\u00e7\u00e3o de domic\u00edlio solicitada (gratuita)\">Declara\u00e7\u00e3o de aceita\u00e7\u00e3o de domic\u00edlio solicitada (gratuita)<\/option><option value=\"Mudan\u00e7a de domic\u00edlio do registro comercial da empresa individual (CHF 90.00)\">Mudan\u00e7a de domic\u00edlio do registro comercial da empresa individual (CHF 90.00)<\/option><option value=\"Mudan\u00e7a de registro comercial: mudan\u00e7a de sede na cidade de Zurique (CHF 190.00)\">Mudan\u00e7a de registro comercial: mudan\u00e7a de sede na cidade de Zurique (CHF 190.00)<\/option><option value=\"Outras mudan\u00e7as de domic\u00edlio do registro comercial (CHF 390.00)\">Outras mudan\u00e7as de domic\u00edlio do registro comercial (CHF 390.00)<\/option><\/select><\/span>\n<\/p>\n<p>-----------------------\n<\/p>\n<p>Solicita servi\u00e7os adicionais sem compromisso:<br \/>\n<span class=\"wpcf7-form-control-wrap\" data-name=\"your-services\"><span class=\"wpcf7-form-control wpcf7-checkbox\"><span class=\"wpcf7-list-item first\"><label><input type=\"checkbox\" name=\"your-services[]\" value=\"Funda\u00e7\u00e3o de uma sociedade an\u00f4nima (CHF 990.00)\" \/><span class=\"wpcf7-list-item-label\">Funda\u00e7\u00e3o de uma sociedade an\u00f4nima (CHF 990.00)<\/span><\/label><\/span><span class=\"wpcf7-list-item\"><label><input type=\"checkbox\" name=\"your-services[]\" value=\"Funda\u00e7\u00e3o de uma sociedade de responsabilidade limitada (CHF 990.00)\" \/><span class=\"wpcf7-list-item-label\">Funda\u00e7\u00e3o de uma sociedade de responsabilidade limitada (CHF 990.00)<\/span><\/label><\/span><span class=\"wpcf7-list-item\"><label><input type=\"checkbox\" name=\"your-services[]\" value=\"Funda\u00e7\u00e3o de uma empresa individual (CHF 490.00)\" \/><span class=\"wpcf7-list-item-label\">Funda\u00e7\u00e3o de uma empresa individual (CHF 490.00)<\/span><\/label><\/span><span class=\"wpcf7-list-item\"><label><input type=\"checkbox\" name=\"your-services[]\" value=\"Altera\u00e7\u00e3o da inscri\u00e7\u00e3o no registro comercial\" \/><span class=\"wpcf7-list-item-label\">Altera\u00e7\u00e3o da inscri\u00e7\u00e3o no registro comercial<\/span><\/label><\/span><span class=\"wpcf7-list-item\"><label><input type=\"checkbox\" name=\"your-services[]\" value=\"Consultoria jur\u00eddica\" \/><span class=\"wpcf7-list-item-label\">Consultoria jur\u00eddica<\/span><\/label><\/span><span class=\"wpcf7-list-item last\"><label><input type=\"checkbox\" name=\"your-services[]\" value=\"Elabora\u00e7\u00e3o\/revis\u00e3o de contratos\" \/><span class=\"wpcf7-list-item-label\">Elabora\u00e7\u00e3o\/revis\u00e3o de contratos<\/span><\/label><\/span><\/span><\/span>\n<\/p>\n<p><span class=\"wpcf7-form-control-wrap\" data-name=\"your-message\"><textarea cols=\"40\" rows=\"10\" maxlength=\"2000\" class=\"wpcf7-form-control wpcf7-textarea\" aria-invalid=\"false\" placeholder=\"Observa\u00e7\u00f5es\" name=\"your-message\"><\/textarea><\/span>\n<\/p>\n<p>-----------------------\n<\/p>\n<p>Os pre\u00e7os n\u00e3o incluem IVA e postagem para encaminhamento de correspond\u00eancia ou taxas de cart\u00f3rio e registro comercial para altera\u00e7\u00f5es no registro comercial. \u00c9 cobrada uma taxa de CHF 8,00 (mais IVA) por pacote postal processado. O per\u00edodo de assinatura \u00e9 de um ano e \u00e9 renovado por mais um ano sem cancelamento. A assinatura pode ser cancelada um m\u00eas antes do final do per\u00edodo de assinatura. A taxa de assinatura deve ser paga antecipadamente para um ano inteiro. A parte contratante \u00e9 a Sp\u00fchler Rechtsanw\u00e4lte AG.\n<\/p>\n<p>-----------------------\n<\/p>\n<p>Um endere\u00e7o de c\/o \u00e9 inserido no registro comercial para todas as assinaturas (consulte as Perguntas frequentes).\n<\/p>\n<p>-----------------------\n<\/p>\n<p><span class=\"wpcf7-form-control-wrap\" data-name=\"agb-akzeptiert\"><span class=\"wpcf7-form-control wpcf7-acceptance\"><span class=\"wpcf7-list-item\"><label><input type=\"checkbox\" name=\"agb-akzeptiert\" value=\"1\" aria-invalid=\"false\" \/><span class=\"wpcf7-list-item-label\">Aceito as Condi\u00e7\u00f5es Gerais de Venda (CGV)<\/span><\/label><\/span><\/span><\/span><a href=\"https:\/\/domiziladresse.zuerich\/pt-pt\/gtc\/\" target=\"_blank\"><b>>>> Ver CGV<\/b><\/a>\n<\/p>\n<p><input class=\"wpcf7-form-control wpcf7-submit has-spinner\" type=\"submit\" value=\"Pedido com custos\" \/>\n<\/p><div class=\"wpcf7-response-output\" aria-hidden=\"true\"><\/div>\n<\/form>\n<\/div>\n<\/div><\/div><div class=\"wpb_column vc_column_container\"><div class=\"vc_column-inner\"><\/div><\/div><\/div><\/div><\/section>\n","protected":false},"excerpt":{"rendered":"Solicitar endere\u00e7o do domic\u00edlio Preenche o formul\u00e1rio abaixo para reservar um endere\u00e7o de domic\u00edlio e solicitar quaisquer servi\u00e7os adicionais. A rela\u00e7\u00e3o contratual s\u00f3 entra em vigor quando a reserva \u00e9 confirmada pela Domiziladresse.zuerich. Empresa ainda n\u00e3o fundada &#8212;Por favor escolha uma op\u00e7\u00e3o&#8212;SenhoraSenhor ----------------------- Seleciona a subscri\u00e7\u00e3o do endere\u00e7o de domic\u00edlio: &#8212;Por favor escolha uma op\u00e7\u00e3o&#8212;Budget:...","protected":false},"author":1,"featured_media":0,"parent":0,"menu_order":0,"comment_status":"closed","ping_status":"closed","template":"","meta":{"footnotes":""},"class_list":["post-2559","page","type-page","status-publish","hentry"],"yoast_head":"<!-- This site is optimized with the Yoast SEO plugin v27.4 - https:\/\/yoast.com\/product\/yoast-seo-wordpress\/ -->\n<title>encomenda - Domiziladresse Z\u00fcrich<\/title>\n<meta name=\"robots\" content=\"index, follow, max-snippet:-1, max-image-preview:large, max-video-preview:-1\" \/>\n<link rel=\"canonical\" href=\"https:\/\/domiziladresse.zuerich\/pt-pt\/encomenda\/\" \/>\n<meta property=\"og:locale\" content=\"pt_PT\" \/>\n<meta property=\"og:type\" content=\"article\" \/>\n<meta property=\"og:title\" content=\"encomenda - Domiziladresse Z\u00fcrich\" \/>\n<meta property=\"og:url\" content=\"https:\/\/domiziladresse.zuerich\/pt-pt\/encomenda\/\" \/>\n<meta property=\"og:site_name\" content=\"Domiziladresse Z\u00fcrich\" \/>\n<meta property=\"article:modified_time\" content=\"2024-10-20T13:40:08+00:00\" \/>\n<meta name=\"twitter:card\" content=\"summary_large_image\" \/>\n<script type=\"application\/ld+json\" class=\"yoast-schema-graph\">{\"@context\":\"https:\\\/\\\/schema.org\",\"@graph\":[{\"@type\":\"WebPage\",\"@id\":\"https:\\\/\\\/domiziladresse.zuerich\\\/pt-pt\\\/encomenda\\\/\",\"url\":\"https:\\\/\\\/domiziladresse.zuerich\\\/pt-pt\\\/encomenda\\\/\",\"name\":\"encomenda - Domiziladresse Z\u00fcrich\",\"isPartOf\":{\"@id\":\"https:\\\/\\\/domiziladresse.zuerich\\\/pt-pt\\\/#website\"},\"datePublished\":\"2024-02-28T09:04:55+00:00\",\"dateModified\":\"2024-10-20T13:40:08+00:00\",\"breadcrumb\":{\"@id\":\"https:\\\/\\\/domiziladresse.zuerich\\\/pt-pt\\\/encomenda\\\/#breadcrumb\"},\"inLanguage\":\"pt-PT\",\"potentialAction\":[{\"@type\":\"ReadAction\",\"target\":[\"https:\\\/\\\/domiziladresse.zuerich\\\/pt-pt\\\/encomenda\\\/\"]}]},{\"@type\":\"BreadcrumbList\",\"@id\":\"https:\\\/\\\/domiziladresse.zuerich\\\/pt-pt\\\/encomenda\\\/#breadcrumb\",\"itemListElement\":[{\"@type\":\"ListItem\",\"position\":1,\"name\":\"Startseite\",\"item\":\"https:\\\/\\\/domiziladresse.zuerich\\\/pt-pt\\\/comeca\\\/\"},{\"@type\":\"ListItem\",\"position\":2,\"name\":\"encomenda\"}]},{\"@type\":\"WebSite\",\"@id\":\"https:\\\/\\\/domiziladresse.zuerich\\\/pt-pt\\\/#website\",\"url\":\"https:\\\/\\\/domiziladresse.zuerich\\\/pt-pt\\\/\",\"name\":\"Domiziladresse.Zuerich\",\"description\":\"Ihre Gesch\u00e4ftsadresse in Z\u00fcrich\",\"publisher\":{\"@id\":\"https:\\\/\\\/domiziladresse.zuerich\\\/pt-pt\\\/#organization\"},\"alternateName\":\"Domiziladresse Z\u00fcrich\",\"potentialAction\":[{\"@type\":\"SearchAction\",\"target\":{\"@type\":\"EntryPoint\",\"urlTemplate\":\"https:\\\/\\\/domiziladresse.zuerich\\\/pt-pt\\\/?s={search_term_string}\"},\"query-input\":{\"@type\":\"PropertyValueSpecification\",\"valueRequired\":true,\"valueName\":\"search_term_string\"}}],\"inLanguage\":\"pt-PT\"},{\"@type\":\"Organization\",\"@id\":\"https:\\\/\\\/domiziladresse.zuerich\\\/pt-pt\\\/#organization\",\"name\":\"Domiziladresse Z\u00fcrich\",\"url\":\"https:\\\/\\\/domiziladresse.zuerich\\\/pt-pt\\\/\",\"logo\":{\"@type\":\"ImageObject\",\"inLanguage\":\"pt-PT\",\"@id\":\"https:\\\/\\\/domiziladresse.zuerich\\\/pt-pt\\\/#\\\/schema\\\/logo\\\/image\\\/\",\"url\":\"https:\\\/\\\/domiziladresse.zuerich\\\/wp-content\\\/uploads\\\/2024\\\/02\\\/Emblem.svg\",\"contentUrl\":\"https:\\\/\\\/domiziladresse.zuerich\\\/wp-content\\\/uploads\\\/2024\\\/02\\\/Emblem.svg\",\"width\":\"1024\",\"height\":\"1024\",\"caption\":\"Domiziladresse Z\u00fcrich\"},\"image\":{\"@id\":\"https:\\\/\\\/domiziladresse.zuerich\\\/pt-pt\\\/#\\\/schema\\\/logo\\\/image\\\/\"}}]}<\/script>\n<!-- \/ Yoast SEO plugin. -->","yoast_head_json":{"title":"encomenda - Domiziladresse Z\u00fcrich","robots":{"index":"index","follow":"follow","max-snippet":"max-snippet:-1","max-image-preview":"max-image-preview:large","max-video-preview":"max-video-preview:-1"},"canonical":"https:\/\/domiziladresse.zuerich\/pt-pt\/encomenda\/","og_locale":"pt_PT","og_type":"article","og_title":"encomenda - Domiziladresse Z\u00fcrich","og_url":"https:\/\/domiziladresse.zuerich\/pt-pt\/encomenda\/","og_site_name":"Domiziladresse Z\u00fcrich","article_modified_time":"2024-10-20T13:40:08+00:00","twitter_card":"summary_large_image","schema":{"@context":"https:\/\/schema.org","@graph":[{"@type":"WebPage","@id":"https:\/\/domiziladresse.zuerich\/pt-pt\/encomenda\/","url":"https:\/\/domiziladresse.zuerich\/pt-pt\/encomenda\/","name":"encomenda - Domiziladresse Z\u00fcrich","isPartOf":{"@id":"https:\/\/domiziladresse.zuerich\/pt-pt\/#website"},"datePublished":"2024-02-28T09:04:55+00:00","dateModified":"2024-10-20T13:40:08+00:00","breadcrumb":{"@id":"https:\/\/domiziladresse.zuerich\/pt-pt\/encomenda\/#breadcrumb"},"inLanguage":"pt-PT","potentialAction":[{"@type":"ReadAction","target":["https:\/\/domiziladresse.zuerich\/pt-pt\/encomenda\/"]}]},{"@type":"BreadcrumbList","@id":"https:\/\/domiziladresse.zuerich\/pt-pt\/encomenda\/#breadcrumb","itemListElement":[{"@type":"ListItem","position":1,"name":"Startseite","item":"https:\/\/domiziladresse.zuerich\/pt-pt\/comeca\/"},{"@type":"ListItem","position":2,"name":"encomenda"}]},{"@type":"WebSite","@id":"https:\/\/domiziladresse.zuerich\/pt-pt\/#website","url":"https:\/\/domiziladresse.zuerich\/pt-pt\/","name":"Domiziladresse.Zuerich","description":"Ihre Gesch\u00e4ftsadresse in Z\u00fcrich","publisher":{"@id":"https:\/\/domiziladresse.zuerich\/pt-pt\/#organization"},"alternateName":"Domiziladresse Z\u00fcrich","potentialAction":[{"@type":"SearchAction","target":{"@type":"EntryPoint","urlTemplate":"https:\/\/domiziladresse.zuerich\/pt-pt\/?s={search_term_string}"},"query-input":{"@type":"PropertyValueSpecification","valueRequired":true,"valueName":"search_term_string"}}],"inLanguage":"pt-PT"},{"@type":"Organization","@id":"https:\/\/domiziladresse.zuerich\/pt-pt\/#organization","name":"Domiziladresse Z\u00fcrich","url":"https:\/\/domiziladresse.zuerich\/pt-pt\/","logo":{"@type":"ImageObject","inLanguage":"pt-PT","@id":"https:\/\/domiziladresse.zuerich\/pt-pt\/#\/schema\/logo\/image\/","url":"https:\/\/domiziladresse.zuerich\/wp-content\/uploads\/2024\/02\/Emblem.svg","contentUrl":"https:\/\/domiziladresse.zuerich\/wp-content\/uploads\/2024\/02\/Emblem.svg","width":"1024","height":"1024","caption":"Domiziladresse Z\u00fcrich"},"image":{"@id":"https:\/\/domiziladresse.zuerich\/pt-pt\/#\/schema\/logo\/image\/"}}]}},"_links":{"self":[{"href":"https:\/\/domiziladresse.zuerich\/pt-pt\/wp-json\/wp\/v2\/pages\/2559","targetHints":{"allow":["GET"]}}],"collection":[{"href":"https:\/\/domiziladresse.zuerich\/pt-pt\/wp-json\/wp\/v2\/pages"}],"about":[{"href":"https:\/\/domiziladresse.zuerich\/pt-pt\/wp-json\/wp\/v2\/types\/page"}],"author":[{"embeddable":true,"href":"https:\/\/domiziladresse.zuerich\/pt-pt\/wp-json\/wp\/v2\/users\/1"}],"replies":[{"embeddable":true,"href":"https:\/\/domiziladresse.zuerich\/pt-pt\/wp-json\/wp\/v2\/comments?post=2559"}],"version-history":[{"count":9,"href":"https:\/\/domiziladresse.zuerich\/pt-pt\/wp-json\/wp\/v2\/pages\/2559\/revisions"}],"predecessor-version":[{"id":3846,"href":"https:\/\/domiziladresse.zuerich\/pt-pt\/wp-json\/wp\/v2\/pages\/2559\/revisions\/3846"}],"wp:attachment":[{"href":"https:\/\/domiziladresse.zuerich\/pt-pt\/wp-json\/wp\/v2\/media?parent=2559"}],"curies":[{"name":"wp","href":"https:\/\/api.w.org\/{rel}","templated":true}]}}